{"id":77064,"date":"2025-07-14T15:00:32","date_gmt":"2025-07-14T12:00:32","guid":{"rendered":"https:\/\/demo8.ecube.lv\/sezona.lv\/products\/paligcilpa-petzl-treesbee-screwlock\/"},"modified":"2025-07-14T15:00:32","modified_gmt":"2025-07-14T12:00:32","slug":"paligcilpa-petzl-treesbee-screwlock","status":"publish","type":"product","link":"https:\/\/sezona.lv\/en\/products\/paligcilpa-petzl-treesbee-screwlock\/","title":{"rendered":"Pal\u012bgcilpa Petzl Treesbee Screwlock"},"content":{"rendered":"<p><span>Pal\u012bgcilpa arboristiem. T\u0101 pasarg\u0101s koku un veicin\u0101s virves sl\u012bd\u0113&scaron;anu enkur\u0101. Cilpas plat\u0101 auduma da\u013ca ierobe\u017eo t\u0101s v\u0113rp&scaron;anos. Tr\u012bsk\u0101r&scaron;a biezuma s\u0101nu mala pie liel\u0101 ri\u0146\u0137a padara cilpu iztur\u012bg\u0101ku. Viegli identific\u0113jams kr\u0101su kods.<\/span><\/p>\n<p>&nbsp;<\/p>\n<ul class=\"item_traits\">\n<li class=\"odd\"><label>Garums:<\/label><span>110 cm cm<\/span><\/li>\n<li><label>Iztur\u012bba:<\/label><span>23 kN<\/span><\/li>\n<li class=\"odd\"><label>Svars:<\/label><span>300 g<\/span><\/li>\n<\/ul>\n","protected":false},"excerpt":{"rendered":"<p>Pal\u012bgcilpa arboristiem. T\u0101 pasarg\u0101s koku un veicin\u0101s virves sl\u012bd\u0113&scaron;anu enkur\u0101. Cilpas plat\u0101 auduma da\u013ca ierobe\u017eo t\u0101s v\u0113rp&scaron;anos. Tr\u012bsk\u0101r&scaron;a biezuma s\u0101nu mala pie liel\u0101 ri\u0146\u0137a padara cilpu iztur\u012bg\u0101ku. Viegli identific\u0113jams kr\u0101su kods. &nbsp; Garums:110 cm cm Iztur\u012bba:23 kN Svars:300 g<\/p>\n","protected":false},"featured_media":0,"template":"","meta":[],"product_brand":[957],"product_cat":[4851,4875,4882],"product_tag":[],"class_list":{"0":"post-77064","1":"product","2":"type-product","3":"status-publish","5":"product_brand-petzl","6":"product_cat-mountaineering-equipment-recreation","7":"product_cat-for-work-at-height-mountaineering-equipment-recreation","8":"product_cat-fasteners-and-slings-for-work-at-height-mountaineering-equipment-recreation","10":"first","11":"instock","12":"shipping-taxable","13":"purchasable","14":"product-type-simple"},"_links":{"self":[{"href":"https:\/\/sezona.lv\/en\/wp-json\/wp\/v2\/product\/77064","targetHints":{"allow":["GET"]}}],"collection":[{"href":"https:\/\/sezona.lv\/en\/wp-json\/wp\/v2\/product"}],"about":[{"href":"https:\/\/sezona.lv\/en\/wp-json\/wp\/v2\/types\/product"}],"wp:attachment":[{"href":"https:\/\/sezona.lv\/en\/wp-json\/wp\/v2\/media?parent=77064"}],"wp:term":[{"taxonomy":"product_brand","embeddable":true,"href":"https:\/\/sezona.lv\/en\/wp-json\/wp\/v2\/product_brand?post=77064"},{"taxonomy":"product_cat","embeddable":true,"href":"https:\/\/sezona.lv\/en\/wp-json\/wp\/v2\/product_cat?post=77064"},{"taxonomy":"product_tag","embeddable":true,"href":"https:\/\/sezona.lv\/en\/wp-json\/wp\/v2\/product_tag?post=77064"}],"curies":[{"name":"wp","href":"https:\/\/api.w.org\/{rel}","templated":true}]}}