{"id":77065,"date":"2025-07-14T15:00:33","date_gmt":"2025-07-14T12:00:33","guid":{"rendered":"https:\/\/demo8.ecube.lv\/sezona.lv\/products\/absorberis-edelrid-cable-compact\/"},"modified":"2025-07-14T15:00:33","modified_gmt":"2025-07-14T12:00:33","slug":"absorberis-edelrid-cable-compact","status":"publish","type":"product","link":"https:\/\/sezona.lv\/en\/products\/absorberis-edelrid-cable-compact\/","title":{"rendered":"Absorberis Edelrid Cable Compact"},"content":{"rendered":"<p><span>Kompakts, viegli un \u0113rti lietojams Via Ferrata komplekts &#8211; ener\u0123ijas absorberis. Pateicoties optimiz\u0113tai trieciena absorbera konstrukcijai, tas nodro&scaron;ina zemu kritiena faktoru. Ener\u0123ijas absorbers apr\u012bkots ar iztur\u012bg\u0101m VF-UC karab\u012bn\u0113m ar plaukst\u0101 saspie\u017eamu meh\u0101nismu, lai nov\u0113rstu nejau&scaron;u to atv\u0113r&scaron;anos. Tekstilmateri\u0101la gali apr\u012bkoti ar 16 mm abraz\u012bvi iztur\u012bgu poliam\u012bdu. Svara kategorija: 50 &#8211; 100 kg.<\/span><\/p>\n<p>&nbsp;<\/p>\n<ul class=\"item_traits\">\n<li class=\"odd\"><label>Svars:<\/label><span>500 g<\/span><\/li>\n<\/ul>\n","protected":false},"excerpt":{"rendered":"<p>Kompakts, viegli un \u0113rti lietojams Via Ferrata komplekts &#8211; ener\u0123ijas absorberis. Pateicoties optimiz\u0113tai trieciena absorbera konstrukcijai, tas nodro&scaron;ina zemu kritiena faktoru. Ener\u0123ijas absorbers apr\u012bkots ar iztur\u012bg\u0101m VF-UC karab\u012bn\u0113m ar plaukst\u0101 saspie\u017eamu meh\u0101nismu, lai nov\u0113rstu nejau&scaron;u to atv\u0113r&scaron;anos. Tekstilmateri\u0101la gali apr\u012bkoti ar 16 mm abraz\u012bvi iztur\u012bgu poliam\u012bdu. Svara kategorija: 50 &#8211; 100 kg. &nbsp; Svars:500 g<\/p>\n","protected":false},"featured_media":0,"template":"","meta":[],"product_brand":[3348],"product_cat":[4851,4875,4879],"product_tag":[],"class_list":{"0":"post-77065","1":"product","2":"type-product","3":"status-publish","5":"product_brand-edelrid","6":"product_cat-mountaineering-equipment-recreation","7":"product_cat-for-work-at-height-mountaineering-equipment-recreation","8":"product_cat-energy-absorbers-and-loops-for-work-at-height-mountaineering-equipment-recreation","10":"first","11":"instock","12":"shipping-taxable","13":"purchasable","14":"product-type-simple"},"_links":{"self":[{"href":"https:\/\/sezona.lv\/en\/wp-json\/wp\/v2\/product\/77065","targetHints":{"allow":["GET"]}}],"collection":[{"href":"https:\/\/sezona.lv\/en\/wp-json\/wp\/v2\/product"}],"about":[{"href":"https:\/\/sezona.lv\/en\/wp-json\/wp\/v2\/types\/product"}],"wp:attachment":[{"href":"https:\/\/sezona.lv\/en\/wp-json\/wp\/v2\/media?parent=77065"}],"wp:term":[{"taxonomy":"product_brand","embeddable":true,"href":"https:\/\/sezona.lv\/en\/wp-json\/wp\/v2\/product_brand?post=77065"},{"taxonomy":"product_cat","embeddable":true,"href":"https:\/\/sezona.lv\/en\/wp-json\/wp\/v2\/product_cat?post=77065"},{"taxonomy":"product_tag","embeddable":true,"href":"https:\/\/sezona.lv\/en\/wp-json\/wp\/v2\/product_tag?post=77065"}],"curies":[{"name":"wp","href":"https:\/\/api.w.org\/{rel}","templated":true}]}}