{"id":77066,"date":"2025-07-14T15:00:34","date_gmt":"2025-07-14T12:00:34","guid":{"rendered":"https:\/\/demo8.ecube.lv\/sezona.lv\/products\/absorberis-edelrid-cable-kit-4-3\/"},"modified":"2025-07-14T15:00:34","modified_gmt":"2025-07-14T12:00:34","slug":"absorberis-edelrid-cable-kit-4-3","status":"publish","type":"product","link":"https:\/\/sezona.lv\/en\/products\/absorberis-edelrid-cable-kit-4-3\/","title":{"rendered":"Absorberis Edelrid Cable Kit 4.3"},"content":{"rendered":"<p><label>Vid\u0113jais svars: 0.5 kg<\/label><\/p>\n<p>&nbsp;<\/p>\n<p id=\"item-description\">\u013boti kompakta dizaina ener\u0123ijas absorbers, kas apr\u012bkots ar Edelrid jaunajiem, augstas iztur\u012bbas elast\u012bgajiem tekstila galiem (rok\u0101m). Tas nodro&scaron;ina zemus kritien faktorus, pateicoties optimiz\u0113tai ener\u0123ijas absorbera konstrukcijai. Atbilst EN 958 standartam, pat 180&deg; nepareizas lieto&scaron;anas gad\u012bjum\u0101 (piem\u0113ram, viens karab\u012bnes gals net\u012b&scaron;i pievienots pie sist\u0113mas (iekares)). Patent\u0113t\u0101s, inovat\u012bv\u0101s OneTouch karab\u012bnes nov\u0113r&scaron; pirkstu iespie&scaron;anu karab\u012bnes atver\u0113. Elast\u012bgie absorbera gali pie\u013cauj karab\u012b\u0146u paroc\u012bgu poz\u012bciju.&nbsp;<br \/>Svara kategorija: 50 &#8211; 100 kg.<\/p>\n","protected":false},"excerpt":{"rendered":"<p>Vid\u0113jais svars: 0.5 kg &nbsp; \u013boti kompakta dizaina ener\u0123ijas absorbers, kas apr\u012bkots ar Edelrid jaunajiem, augstas iztur\u012bbas elast\u012bgajiem tekstila galiem (rok\u0101m). Tas nodro&scaron;ina zemus kritien faktorus, pateicoties optimiz\u0113tai ener\u0123ijas absorbera konstrukcijai. Atbilst EN 958 standartam, pat 180&deg; nepareizas lieto&scaron;anas gad\u012bjum\u0101 (piem\u0113ram, viens karab\u012bnes gals net\u012b&scaron;i pievienots pie sist\u0113mas (iekares)). Patent\u0113t\u0101s, inovat\u012bv\u0101s OneTouch karab\u012bnes nov\u0113r&scaron; pirkstu [&hellip;]<\/p>\n","protected":false},"featured_media":0,"template":"","meta":[],"product_brand":[3348],"product_cat":[4851,4875,4879],"product_tag":[],"class_list":{"0":"post-77066","1":"product","2":"type-product","3":"status-publish","5":"product_brand-edelrid","6":"product_cat-mountaineering-equipment-recreation","7":"product_cat-for-work-at-height-mountaineering-equipment-recreation","8":"product_cat-energy-absorbers-and-loops-for-work-at-height-mountaineering-equipment-recreation","10":"first","11":"instock","12":"shipping-taxable","13":"purchasable","14":"product-type-simple"},"_links":{"self":[{"href":"https:\/\/sezona.lv\/en\/wp-json\/wp\/v2\/product\/77066","targetHints":{"allow":["GET"]}}],"collection":[{"href":"https:\/\/sezona.lv\/en\/wp-json\/wp\/v2\/product"}],"about":[{"href":"https:\/\/sezona.lv\/en\/wp-json\/wp\/v2\/types\/product"}],"wp:attachment":[{"href":"https:\/\/sezona.lv\/en\/wp-json\/wp\/v2\/media?parent=77066"}],"wp:term":[{"taxonomy":"product_brand","embeddable":true,"href":"https:\/\/sezona.lv\/en\/wp-json\/wp\/v2\/product_brand?post=77066"},{"taxonomy":"product_cat","embeddable":true,"href":"https:\/\/sezona.lv\/en\/wp-json\/wp\/v2\/product_cat?post=77066"},{"taxonomy":"product_tag","embeddable":true,"href":"https:\/\/sezona.lv\/en\/wp-json\/wp\/v2\/product_tag?post=77066"}],"curies":[{"name":"wp","href":"https:\/\/api.w.org\/{rel}","templated":true}]}}