{"id":77067,"date":"2025-07-14T15:00:35","date_gmt":"2025-07-14T12:00:35","guid":{"rendered":"https:\/\/demo8.ecube.lv\/sezona.lv\/products\/paligcilpa-edelrid-roka-e\/"},"modified":"2025-07-14T15:00:35","modified_gmt":"2025-07-14T12:00:35","slug":"paligcilpa-edelrid-roka-e","status":"publish","type":"product","link":"https:\/\/sezona.lv\/en\/products\/paligcilpa-edelrid-roka-e\/","title":{"rendered":"Pal\u012bgcilpa Edelrid Roka-e"},"content":{"rendered":"<p><span>Arborisms ir joma, kur\u0101 produktu inov\u0101cijas un k\u0101p&scaron;anas tehnikas konstanti tiek optimiz\u0113tas. P\u0113c desmit gadu pieredzes ar produktiem arborismam, Edelrid apvieno alp\u012bnisma produktu dizainu un efektivit\u0101ti ar arboristu ekip\u0113jumu. Rezult\u0101ts ir jaun\u0101 arboristu pal\u012bgcilpa. T\u0101 ir viegli lietojama un nep\u0101rsp\u0113jami funkcion\u0101la. Integr\u0113tie tr\u012b&scaron;a skritu\u013ci nodro&scaron;ina gludu virves sl\u012bd\u0113&scaron;anu, iev\u0113rojami samazinot berzi. Jaun\u0101 tr\u012bs sl\u0101\u0146u 16 mm lente ir viegla, elast\u012bga un \u0101rk\u0101rt\u012bgi iztur\u012bga. Nolietoju&scaron;\u0101s un nodilu&scaron;\u0101s da\u013cas, piem\u0113ram, siksnu vai tr\u012b&scaron;a skritu\u013cus, viegli iesp\u0113jams nomain\u012bt pa&scaron;am lietot\u0101jam (Sling Kit\/Pulley Kit). Precizit\u0101tes skr\u016bves ir fiks\u0113tas ar defin\u0113tu griezes momentu 6 Nm.<\/span><\/p>\n<p>&nbsp;<\/p>\n<ul class=\"item_traits\">\n<li class=\"odd\"><label>Garums:<\/label><span>120 cm<\/span><\/li>\n<li><label>Iztur\u012bba:<\/label><span>22 kN<\/span><\/li>\n<li class=\"odd\"><label>Platums:<\/label><span>16 mm<\/span><\/li>\n<li><label>Svars:<\/label><span>230 g<\/span><\/li>\n<\/ul>\n","protected":false},"excerpt":{"rendered":"<p>Arborisms ir joma, kur\u0101 produktu inov\u0101cijas un k\u0101p&scaron;anas tehnikas konstanti tiek optimiz\u0113tas. P\u0113c desmit gadu pieredzes ar produktiem arborismam, Edelrid apvieno alp\u012bnisma produktu dizainu un efektivit\u0101ti ar arboristu ekip\u0113jumu. Rezult\u0101ts ir jaun\u0101 arboristu pal\u012bgcilpa. T\u0101 ir viegli lietojama un nep\u0101rsp\u0113jami funkcion\u0101la. Integr\u0113tie tr\u012b&scaron;a skritu\u013ci nodro&scaron;ina gludu virves sl\u012bd\u0113&scaron;anu, iev\u0113rojami samazinot berzi. Jaun\u0101 tr\u012bs sl\u0101\u0146u 16 [&hellip;]<\/p>\n","protected":false},"featured_media":0,"template":"","meta":[],"product_brand":[3348],"product_cat":[4851,4875,4882],"product_tag":[],"class_list":{"0":"post-77067","1":"product","2":"type-product","3":"status-publish","5":"product_brand-edelrid","6":"product_cat-mountaineering-equipment-recreation","7":"product_cat-for-work-at-height-mountaineering-equipment-recreation","8":"product_cat-fasteners-and-slings-for-work-at-height-mountaineering-equipment-recreation","10":"first","11":"instock","12":"shipping-taxable","13":"purchasable","14":"product-type-simple"},"_links":{"self":[{"href":"https:\/\/sezona.lv\/en\/wp-json\/wp\/v2\/product\/77067","targetHints":{"allow":["GET"]}}],"collection":[{"href":"https:\/\/sezona.lv\/en\/wp-json\/wp\/v2\/product"}],"about":[{"href":"https:\/\/sezona.lv\/en\/wp-json\/wp\/v2\/types\/product"}],"wp:attachment":[{"href":"https:\/\/sezona.lv\/en\/wp-json\/wp\/v2\/media?parent=77067"}],"wp:term":[{"taxonomy":"product_brand","embeddable":true,"href":"https:\/\/sezona.lv\/en\/wp-json\/wp\/v2\/product_brand?post=77067"},{"taxonomy":"product_cat","embeddable":true,"href":"https:\/\/sezona.lv\/en\/wp-json\/wp\/v2\/product_cat?post=77067"},{"taxonomy":"product_tag","embeddable":true,"href":"https:\/\/sezona.lv\/en\/wp-json\/wp\/v2\/product_tag?post=77067"}],"curies":[{"name":"wp","href":"https:\/\/api.w.org\/{rel}","templated":true}]}}