{"id":77068,"date":"2025-07-14T15:00:36","date_gmt":"2025-07-14T12:00:36","guid":{"rendered":"https:\/\/demo8.ecube.lv\/sezona.lv\/products\/strope-petzl-grillon-2m\/"},"modified":"2025-07-14T15:00:36","modified_gmt":"2025-07-14T12:00:36","slug":"strope-petzl-grillon-2m","status":"publish","type":"product","link":"https:\/\/sezona.lv\/en\/products\/strope-petzl-grillon-2m\/","title":{"rendered":"\u0160trope Petzl Grillon 2m"},"content":{"rendered":"<p><span>Regul\u0113jama garuma pozicion\u0113&scaron;an\u0101s &scaron;trope ar pa&scaron;blo\u0137\u0113jo&scaron;u ier\u012bci. Iesp\u0113jams lietot divos veidos: Dubult\u0101 re\u017e\u012bm\u0101, pievienojot to sist\u0113mas s\u0101nu stiprin\u0101juma punktiem, lai izplat\u012btu svaru sist\u0113mas jost\u0101 (kad svars balst\u012bt uz k\u0101j\u0101m).<\/span><br \/><span>Atsevi&scaron;\u0137\u0101 re\u017e\u012bm\u0101, pievienojot to centr\u0101lajam stiprin\u0101juma punktam, lai izplat\u012btu svaru sist\u0113mas jost\u0101 un k\u0101ju cilp\u0101s (lietot\u0101jam kar\u0101joties sist\u0113m\u0101): garums regul\u0113jams oper\u0113jot ar rokturi un vienlaic\u012bgi turot br\u012bvo virves galu.<\/span><br \/><span>No\u0146emams apvalks virvi pasarg\u0101s un veicin\u0101s gludu virz\u012bbu.<\/span><\/p>\n<p>&nbsp;<\/p>\n<ul id=\"traits_10304\" class=\"item_traits\">\n<li class=\"odd\"><label>Izm\u0113rs:<\/label><span>2 m<\/span><\/li>\n<li><label>Garums:<\/label><span>2 m cm<\/span><\/li>\n<li class=\"odd\"><label>Svars:<\/label><span>440 g<\/span><\/li>\n<\/ul>\n","protected":false},"excerpt":{"rendered":"<p>Regul\u0113jama garuma pozicion\u0113&scaron;an\u0101s &scaron;trope ar pa&scaron;blo\u0137\u0113jo&scaron;u ier\u012bci. Iesp\u0113jams lietot divos veidos: Dubult\u0101 re\u017e\u012bm\u0101, pievienojot to sist\u0113mas s\u0101nu stiprin\u0101juma punktiem, lai izplat\u012btu svaru sist\u0113mas jost\u0101 (kad svars balst\u012bt uz k\u0101j\u0101m).Atsevi&scaron;\u0137\u0101 re\u017e\u012bm\u0101, pievienojot to centr\u0101lajam stiprin\u0101juma punktam, lai izplat\u012btu svaru sist\u0113mas jost\u0101 un k\u0101ju cilp\u0101s (lietot\u0101jam kar\u0101joties sist\u0113m\u0101): garums regul\u0113jams oper\u0113jot ar rokturi un vienlaic\u012bgi turot br\u012bvo [&hellip;]<\/p>\n","protected":false},"featured_media":0,"template":"","meta":[],"product_brand":[957],"product_cat":[4851,4875,4879],"product_tag":[],"class_list":{"0":"post-77068","1":"product","2":"type-product","3":"status-publish","5":"product_brand-petzl","6":"product_cat-mountaineering-equipment-recreation","7":"product_cat-for-work-at-height-mountaineering-equipment-recreation","8":"product_cat-energy-absorbers-and-loops-for-work-at-height-mountaineering-equipment-recreation","10":"first","11":"instock","12":"shipping-taxable","13":"purchasable","14":"product-type-simple"},"_links":{"self":[{"href":"https:\/\/sezona.lv\/en\/wp-json\/wp\/v2\/product\/77068","targetHints":{"allow":["GET"]}}],"collection":[{"href":"https:\/\/sezona.lv\/en\/wp-json\/wp\/v2\/product"}],"about":[{"href":"https:\/\/sezona.lv\/en\/wp-json\/wp\/v2\/types\/product"}],"wp:attachment":[{"href":"https:\/\/sezona.lv\/en\/wp-json\/wp\/v2\/media?parent=77068"}],"wp:term":[{"taxonomy":"product_brand","embeddable":true,"href":"https:\/\/sezona.lv\/en\/wp-json\/wp\/v2\/product_brand?post=77068"},{"taxonomy":"product_cat","embeddable":true,"href":"https:\/\/sezona.lv\/en\/wp-json\/wp\/v2\/product_cat?post=77068"},{"taxonomy":"product_tag","embeddable":true,"href":"https:\/\/sezona.lv\/en\/wp-json\/wp\/v2\/product_tag?post=77068"}],"curies":[{"name":"wp","href":"https:\/\/api.w.org\/{rel}","templated":true}]}}