{"id":77069,"date":"2025-07-14T15:00:38","date_gmt":"2025-07-14T12:00:38","guid":{"rendered":"https:\/\/demo8.ecube.lv\/sezona.lv\/products\/strope-petzl-grillon-hook-2m\/"},"modified":"2025-07-14T15:00:38","modified_gmt":"2025-07-14T12:00:38","slug":"strope-petzl-grillon-hook-2m","status":"publish","type":"product","link":"https:\/\/sezona.lv\/en\/products\/strope-petzl-grillon-hook-2m\/","title":{"rendered":"\u0160trope Petzl Grillon Hook 2m"},"content":{"rendered":"<p><span>Regul\u0113jama garuma pozicion\u0113&scaron;an\u0101s &scaron;trope ar pa&scaron;blo\u0137\u0113jo&scaron;u ier\u012bci un Hook \u0101\u0137i. &Scaron;tropes sist\u0113ma ir viegli un \u0113rti piel\u0101gojama prec\u012bzai darba poz\u012bcijai.<\/span><br \/><span>Lietojot dubult\u0101 re\u017e\u012bm\u0101 pie sist\u0113mas s\u0101nu stiprin\u0101jumu punktiem, lai izl\u012bdzin\u0101tu svaru uz jostas (lietot\u0101ja svars balst\u0101s uz k\u0101j\u0101m): garums ir regul\u0113jams nospie\u017eot uz groz\u0101mo izcilni.<\/span><br \/><span>To iesp\u0113jams lietot vien\u0101 re\u017e\u012bm\u0101 pie sist\u0113mas v\u0113dera stiprin\u0101juma punkta, lai izl\u012bdzin\u0101tu svaru starp jostu un k\u0101ju cilp\u0101m (lietot\u0101js kar\u0101jas sist\u0113m\u0101): garums ir regul\u0113jams darbojoties ar rokturi un vienlaic\u012bgi turot br\u012bvo &scaron;tropes galu (nepiecie&scaron;ams atv\u0113rt ier\u012bci, lai no\u0146emtu aizsargapvalku). No\u0146emamais aizsargapvalks pasarg\u0101 virvi no abraz\u012bv\u0101m virsm\u0101m un \u013cauj gludu virves kust\u012bbu. Sertifik\u0101cija CE EN 358.<\/span><\/p>\n<p>&nbsp;<\/p>\n<ul id=\"traits_31589\" class=\"item_traits\">\n<li class=\"odd\"><label>Kr\u0101sa:<\/label><span>Balta<\/span><\/li>\n<li><label>Izm\u0113rs:<\/label><span>2 m<\/span><\/li>\n<li class=\"odd\"><label>Garums:<\/label><span>200 cm<\/span><\/li>\n<li><label>Svars:<\/label><span>700 g<\/span><\/li>\n<\/ul>\n","protected":false},"excerpt":{"rendered":"<p>Regul\u0113jama garuma pozicion\u0113&scaron;an\u0101s &scaron;trope ar pa&scaron;blo\u0137\u0113jo&scaron;u ier\u012bci un Hook \u0101\u0137i. &Scaron;tropes sist\u0113ma ir viegli un \u0113rti piel\u0101gojama prec\u012bzai darba poz\u012bcijai.Lietojot dubult\u0101 re\u017e\u012bm\u0101 pie sist\u0113mas s\u0101nu stiprin\u0101jumu punktiem, lai izl\u012bdzin\u0101tu svaru uz jostas (lietot\u0101ja svars balst\u0101s uz k\u0101j\u0101m): garums ir regul\u0113jams nospie\u017eot uz groz\u0101mo izcilni.To iesp\u0113jams lietot vien\u0101 re\u017e\u012bm\u0101 pie sist\u0113mas v\u0113dera stiprin\u0101juma punkta, lai izl\u012bdzin\u0101tu [&hellip;]<\/p>\n","protected":false},"featured_media":0,"template":"","meta":[],"product_brand":[957],"product_cat":[4851,4875,4879],"product_tag":[],"class_list":{"0":"post-77069","1":"product","2":"type-product","3":"status-publish","5":"product_brand-petzl","6":"product_cat-mountaineering-equipment-recreation","7":"product_cat-for-work-at-height-mountaineering-equipment-recreation","8":"product_cat-energy-absorbers-and-loops-for-work-at-height-mountaineering-equipment-recreation","10":"first","11":"instock","12":"shipping-taxable","13":"purchasable","14":"product-type-simple"},"_links":{"self":[{"href":"https:\/\/sezona.lv\/en\/wp-json\/wp\/v2\/product\/77069","targetHints":{"allow":["GET"]}}],"collection":[{"href":"https:\/\/sezona.lv\/en\/wp-json\/wp\/v2\/product"}],"about":[{"href":"https:\/\/sezona.lv\/en\/wp-json\/wp\/v2\/types\/product"}],"wp:attachment":[{"href":"https:\/\/sezona.lv\/en\/wp-json\/wp\/v2\/media?parent=77069"}],"wp:term":[{"taxonomy":"product_brand","embeddable":true,"href":"https:\/\/sezona.lv\/en\/wp-json\/wp\/v2\/product_brand?post=77069"},{"taxonomy":"product_cat","embeddable":true,"href":"https:\/\/sezona.lv\/en\/wp-json\/wp\/v2\/product_cat?post=77069"},{"taxonomy":"product_tag","embeddable":true,"href":"https:\/\/sezona.lv\/en\/wp-json\/wp\/v2\/product_tag?post=77069"}],"curies":[{"name":"wp","href":"https:\/\/api.w.org\/{rel}","templated":true}]}}