{"id":77071,"date":"2025-07-14T15:00:40","date_gmt":"2025-07-14T12:00:40","guid":{"rendered":"https:\/\/demo8.ecube.lv\/sezona.lv\/products\/strope-petzl-zillon\/"},"modified":"2025-07-14T15:00:40","modified_gmt":"2025-07-14T12:00:40","slug":"strope-petzl-zillon","status":"publish","type":"product","link":"https:\/\/sezona.lv\/en\/products\/strope-petzl-zillon\/","title":{"rendered":"\u0160trope Petzl Zillon"},"content":{"rendered":"<p><label>Vid\u0113jais svars: 0.88 kg<\/label><\/p>\n<p id=\"item-description\">Regul\u0113jama darba pozicion\u0113&scaron;an\u0101s &scaron;trope arboristiem.&nbsp;<br \/>T\u0101 tiek stiprin\u0101ta pie sist\u0113mas (iekares) abiem s\u0101nu stiprin\u0101juma punktiem, lai izl\u012bdzin\u0101tu slodzi gurnu jost\u0101. &Scaron;trope ir pavisam viegli piel\u0101gojama ar vienas rokas pal\u012bdz\u012bbu, pateicoties ier\u012bces progres\u012bvajai blo\u0137\u0113&scaron;an\u0101s\/atblo\u0137\u0113&scaron;an\u0101s darb\u012bbai. Tr\u012bsis mont\u0113ts uz sl\u0113gtiem lod\u012b&scaron;u gult\u0146iem, kas pie\u013cauj vieglu va\u013c\u012bg\u0101s virves ievilk&scaron;anu.&nbsp;<br \/>Galvenie materi\u0101li: Ner\u016bs\u0113jo&scaron;ais t\u0113rauds, alum\u012bnijs, plastmasa, poliesteris. Darba slodzes limits: 140 kg\/viena persona; Sertifik\u0101cija: CE EN 358.<\/p>\n","protected":false},"excerpt":{"rendered":"<p>Vid\u0113jais svars: 0.88 kg Regul\u0113jama darba pozicion\u0113&scaron;an\u0101s &scaron;trope arboristiem.&nbsp;T\u0101 tiek stiprin\u0101ta pie sist\u0113mas (iekares) abiem s\u0101nu stiprin\u0101juma punktiem, lai izl\u012bdzin\u0101tu slodzi gurnu jost\u0101. &Scaron;trope ir pavisam viegli piel\u0101gojama ar vienas rokas pal\u012bdz\u012bbu, pateicoties ier\u012bces progres\u012bvajai blo\u0137\u0113&scaron;an\u0101s\/atblo\u0137\u0113&scaron;an\u0101s darb\u012bbai. Tr\u012bsis mont\u0113ts uz sl\u0113gtiem lod\u012b&scaron;u gult\u0146iem, kas pie\u013cauj vieglu va\u013c\u012bg\u0101s virves ievilk&scaron;anu.&nbsp;Galvenie materi\u0101li: Ner\u016bs\u0113jo&scaron;ais t\u0113rauds, alum\u012bnijs, plastmasa, poliesteris. [&hellip;]<\/p>\n","protected":false},"featured_media":0,"template":"","meta":[],"product_brand":[957],"product_cat":[4851,4875,4879],"product_tag":[],"class_list":{"0":"post-77071","1":"product","2":"type-product","3":"status-publish","5":"product_brand-petzl","6":"product_cat-mountaineering-equipment-recreation","7":"product_cat-for-work-at-height-mountaineering-equipment-recreation","8":"product_cat-energy-absorbers-and-loops-for-work-at-height-mountaineering-equipment-recreation","10":"first","11":"instock","12":"shipping-taxable","13":"purchasable","14":"product-type-simple"},"_links":{"self":[{"href":"https:\/\/sezona.lv\/en\/wp-json\/wp\/v2\/product\/77071","targetHints":{"allow":["GET"]}}],"collection":[{"href":"https:\/\/sezona.lv\/en\/wp-json\/wp\/v2\/product"}],"about":[{"href":"https:\/\/sezona.lv\/en\/wp-json\/wp\/v2\/types\/product"}],"wp:attachment":[{"href":"https:\/\/sezona.lv\/en\/wp-json\/wp\/v2\/media?parent=77071"}],"wp:term":[{"taxonomy":"product_brand","embeddable":true,"href":"https:\/\/sezona.lv\/en\/wp-json\/wp\/v2\/product_brand?post=77071"},{"taxonomy":"product_cat","embeddable":true,"href":"https:\/\/sezona.lv\/en\/wp-json\/wp\/v2\/product_cat?post=77071"},{"taxonomy":"product_tag","embeddable":true,"href":"https:\/\/sezona.lv\/en\/wp-json\/wp\/v2\/product_tag?post=77071"}],"curies":[{"name":"wp","href":"https:\/\/api.w.org\/{rel}","templated":true}]}}