{"id":77072,"date":"2025-07-14T15:00:41","date_gmt":"2025-07-14T12:00:41","guid":{"rendered":"https:\/\/demo8.ecube.lv\/sezona.lv\/products\/akis-petzl-cheville-autoforeuse\/"},"modified":"2025-07-14T15:00:41","modified_gmt":"2025-07-14T12:00:41","slug":"akis-petzl-cheville-autoforeuse","status":"publish","type":"product","link":"https:\/\/sezona.lv\/en\/products\/akis-petzl-cheville-autoforeuse\/","title":{"rendered":"\u0100\u0137is Petzl Cheville Autoforeuse"},"content":{"rendered":"<p><span>Stiprin\u0101jums darbam augstum\u0101 un gl\u0101b&scaron;anas darbiem &#8211; klin&scaron;u \u0101\u0137is.<\/span><\/p>\n","protected":false},"excerpt":{"rendered":"<p>Stiprin\u0101jums darbam augstum\u0101 un gl\u0101b&scaron;anas darbiem &#8211; klin&scaron;u \u0101\u0137is.<\/p>\n","protected":false},"featured_media":0,"template":"","meta":[],"product_brand":[957],"product_cat":[4851,4859,4873],"product_tag":[],"class_list":{"0":"post-77072","1":"product","2":"type-product","3":"status-publish","5":"product_brand-petzl","6":"product_cat-mountaineering-equipment-recreation","7":"product_cat-for-rock-climbing-mountaineering-mountaineering-equipment-recreation","8":"product_cat-ice-screws-and-snow-anchors-for-rock-climbing-mountaineering-mountaineering-equipment-recreation","10":"first","11":"instock","12":"shipping-taxable","13":"purchasable","14":"product-type-simple"},"_links":{"self":[{"href":"https:\/\/sezona.lv\/en\/wp-json\/wp\/v2\/product\/77072","targetHints":{"allow":["GET"]}}],"collection":[{"href":"https:\/\/sezona.lv\/en\/wp-json\/wp\/v2\/product"}],"about":[{"href":"https:\/\/sezona.lv\/en\/wp-json\/wp\/v2\/types\/product"}],"wp:attachment":[{"href":"https:\/\/sezona.lv\/en\/wp-json\/wp\/v2\/media?parent=77072"}],"wp:term":[{"taxonomy":"product_brand","embeddable":true,"href":"https:\/\/sezona.lv\/en\/wp-json\/wp\/v2\/product_brand?post=77072"},{"taxonomy":"product_cat","embeddable":true,"href":"https:\/\/sezona.lv\/en\/wp-json\/wp\/v2\/product_cat?post=77072"},{"taxonomy":"product_tag","embeddable":true,"href":"https:\/\/sezona.lv\/en\/wp-json\/wp\/v2\/product_tag?post=77072"}],"curies":[{"name":"wp","href":"https:\/\/api.w.org\/{rel}","templated":true}]}}