{"id":77073,"date":"2025-07-14T15:00:42","date_gmt":"2025-07-14T12:00:42","guid":{"rendered":"https:\/\/demo8.ecube.lv\/sezona.lv\/products\/stiprinajums-petzl-coeur-10mm\/"},"modified":"2025-07-14T15:00:42","modified_gmt":"2025-07-14T12:00:42","slug":"stiprinajums-petzl-coeur-10mm","status":"publish","type":"product","link":"https:\/\/sezona.lv\/en\/products\/stiprinajums-petzl-coeur-10mm\/","title":{"rendered":"Stiprin\u0101jums Petzl Coeur 10mm"},"content":{"rendered":"<p><span>Vair\u0101ku virzienu ner\u016bs\u0113jo&scaron;\u0101 t\u0113rauda enkurs.&nbsp;<\/span><br \/><span>Sertific\u0113ts: CE EN 959, UIAA<\/span><\/p>\n<p>&nbsp;<\/p>\n<p><span><br \/><\/span><\/p>\n","protected":false},"excerpt":{"rendered":"<p>Vair\u0101ku virzienu ner\u016bs\u0113jo&scaron;\u0101 t\u0113rauda enkurs.&nbsp;Sertific\u0113ts: CE EN 959, UIAA &nbsp;<\/p>\n","protected":false},"featured_media":0,"template":"","meta":[],"product_brand":[957],"product_cat":[4851,4859,4873],"product_tag":[],"class_list":{"0":"post-77073","1":"product","2":"type-product","3":"status-publish","5":"product_brand-petzl","6":"product_cat-mountaineering-equipment-recreation","7":"product_cat-for-rock-climbing-mountaineering-mountaineering-equipment-recreation","8":"product_cat-ice-screws-and-snow-anchors-for-rock-climbing-mountaineering-mountaineering-equipment-recreation","10":"first","11":"instock","12":"shipping-taxable","13":"purchasable","14":"product-type-simple"},"_links":{"self":[{"href":"https:\/\/sezona.lv\/en\/wp-json\/wp\/v2\/product\/77073","targetHints":{"allow":["GET"]}}],"collection":[{"href":"https:\/\/sezona.lv\/en\/wp-json\/wp\/v2\/product"}],"about":[{"href":"https:\/\/sezona.lv\/en\/wp-json\/wp\/v2\/types\/product"}],"wp:attachment":[{"href":"https:\/\/sezona.lv\/en\/wp-json\/wp\/v2\/media?parent=77073"}],"wp:term":[{"taxonomy":"product_brand","embeddable":true,"href":"https:\/\/sezona.lv\/en\/wp-json\/wp\/v2\/product_brand?post=77073"},{"taxonomy":"product_cat","embeddable":true,"href":"https:\/\/sezona.lv\/en\/wp-json\/wp\/v2\/product_cat?post=77073"},{"taxonomy":"product_tag","embeddable":true,"href":"https:\/\/sezona.lv\/en\/wp-json\/wp\/v2\/product_tag?post=77073"}],"curies":[{"name":"wp","href":"https:\/\/api.w.org\/{rel}","templated":true}]}}