{"id":77075,"date":"2025-07-14T15:00:44","date_gmt":"2025-07-14T12:00:44","guid":{"rendered":"https:\/\/demo8.ecube.lv\/sezona.lv\/products\/stiprinajums-petzl-coeur-goujon-12mm\/"},"modified":"2025-07-14T15:00:44","modified_gmt":"2025-07-14T12:00:44","slug":"stiprinajums-petzl-coeur-goujon-12mm","status":"publish","type":"product","link":"https:\/\/sezona.lv\/en\/products\/stiprinajums-petzl-coeur-goujon-12mm\/","title":{"rendered":"Stiprin\u0101jums Petzl Coeur Goujon 12mm"},"content":{"rendered":"<p><span>Petzl ra\u017eotais Coeur Goujon ir piln\u012bb\u0101 no ner\u016bs\u0113jo&scaron;\u0101 t\u0113rauda izgatavots stiprin\u0101jums (t.s. enkurs). Tas sast\u0101v no Coeur stiprin\u0101juma, skr\u016bves, kas izple&scaron;as, un uzgrie\u017e\u0146a. Stiprin\u0101jumu iesp\u0113jams no\u0146emt.<\/span><\/p>\n<p>&nbsp;<\/p>\n<ul id=\"traits_1542\" class=\"item_traits\">\n<li class=\"odd\"><label>Izm\u0113rs:<\/label><span>12 mm<\/span><\/li>\n<li><label>Diametrs:<\/label><span>12 mm<\/span><\/li>\n<li class=\"odd\"><label>Garums:<\/label><span>6.7 cm<\/span><\/li>\n<li><label>Iztur\u012bba:<\/label><span>25 kN<\/span><\/li>\n<li class=\"odd\"><label>Svars:<\/label><span>120 g<\/span><\/li>\n<\/ul>\n","protected":false},"excerpt":{"rendered":"<p>Petzl ra\u017eotais Coeur Goujon ir piln\u012bb\u0101 no ner\u016bs\u0113jo&scaron;\u0101 t\u0113rauda izgatavots stiprin\u0101jums (t.s. enkurs). Tas sast\u0101v no Coeur stiprin\u0101juma, skr\u016bves, kas izple&scaron;as, un uzgrie\u017e\u0146a. Stiprin\u0101jumu iesp\u0113jams no\u0146emt. &nbsp; Izm\u0113rs:12 mm Diametrs:12 mm Garums:6.7 cm Iztur\u012bba:25 kN Svars:120 g<\/p>\n","protected":false},"featured_media":0,"template":"","meta":[],"product_brand":[957],"product_cat":[4851,4859,4873],"product_tag":[],"class_list":{"0":"post-77075","1":"product","2":"type-product","3":"status-publish","5":"product_brand-petzl","6":"product_cat-mountaineering-equipment-recreation","7":"product_cat-for-rock-climbing-mountaineering-mountaineering-equipment-recreation","8":"product_cat-ice-screws-and-snow-anchors-for-rock-climbing-mountaineering-mountaineering-equipment-recreation","10":"first","11":"instock","12":"shipping-taxable","13":"purchasable","14":"product-type-simple"},"_links":{"self":[{"href":"https:\/\/sezona.lv\/en\/wp-json\/wp\/v2\/product\/77075","targetHints":{"allow":["GET"]}}],"collection":[{"href":"https:\/\/sezona.lv\/en\/wp-json\/wp\/v2\/product"}],"about":[{"href":"https:\/\/sezona.lv\/en\/wp-json\/wp\/v2\/types\/product"}],"wp:attachment":[{"href":"https:\/\/sezona.lv\/en\/wp-json\/wp\/v2\/media?parent=77075"}],"wp:term":[{"taxonomy":"product_brand","embeddable":true,"href":"https:\/\/sezona.lv\/en\/wp-json\/wp\/v2\/product_brand?post=77075"},{"taxonomy":"product_cat","embeddable":true,"href":"https:\/\/sezona.lv\/en\/wp-json\/wp\/v2\/product_cat?post=77075"},{"taxonomy":"product_tag","embeddable":true,"href":"https:\/\/sezona.lv\/en\/wp-json\/wp\/v2\/product_tag?post=77075"}],"curies":[{"name":"wp","href":"https:\/\/api.w.org\/{rel}","templated":true}]}}