{"id":77076,"date":"2025-07-14T15:00:45","date_gmt":"2025-07-14T12:00:45","guid":{"rendered":"https:\/\/demo8.ecube.lv\/sezona.lv\/products\/stiprinajums-petzl-long-life\/"},"modified":"2025-07-14T15:00:45","modified_gmt":"2025-07-14T12:00:45","slug":"stiprinajums-petzl-long-life","status":"publish","type":"product","link":"https:\/\/sezona.lv\/en\/products\/stiprinajums-petzl-long-life\/","title":{"rendered":"Stiprin\u0101jums Petzl Long Life"},"content":{"rendered":"<p><span>Stiprin\u0101jums Long Life; paredz\u0113ts darbam augstum\u0101 un gl\u0101b&scaron;anas darbiem.&nbsp;<\/span><br \/><span>Garums: 12 mm.<\/span><\/p>\n","protected":false},"excerpt":{"rendered":"<p>Stiprin\u0101jums Long Life; paredz\u0113ts darbam augstum\u0101 un gl\u0101b&scaron;anas darbiem.&nbsp;Garums: 12 mm.<\/p>\n","protected":false},"featured_media":0,"template":"","meta":[],"product_brand":[957],"product_cat":[4851,4859,4873],"product_tag":[],"class_list":{"0":"post-77076","1":"product","2":"type-product","3":"status-publish","5":"product_brand-petzl","6":"product_cat-mountaineering-equipment-recreation","7":"product_cat-for-rock-climbing-mountaineering-mountaineering-equipment-recreation","8":"product_cat-ice-screws-and-snow-anchors-for-rock-climbing-mountaineering-mountaineering-equipment-recreation","10":"first","11":"instock","12":"shipping-taxable","13":"purchasable","14":"product-type-simple"},"_links":{"self":[{"href":"https:\/\/sezona.lv\/en\/wp-json\/wp\/v2\/product\/77076","targetHints":{"allow":["GET"]}}],"collection":[{"href":"https:\/\/sezona.lv\/en\/wp-json\/wp\/v2\/product"}],"about":[{"href":"https:\/\/sezona.lv\/en\/wp-json\/wp\/v2\/types\/product"}],"wp:attachment":[{"href":"https:\/\/sezona.lv\/en\/wp-json\/wp\/v2\/media?parent=77076"}],"wp:term":[{"taxonomy":"product_brand","embeddable":true,"href":"https:\/\/sezona.lv\/en\/wp-json\/wp\/v2\/product_brand?post=77076"},{"taxonomy":"product_cat","embeddable":true,"href":"https:\/\/sezona.lv\/en\/wp-json\/wp\/v2\/product_cat?post=77076"},{"taxonomy":"product_tag","embeddable":true,"href":"https:\/\/sezona.lv\/en\/wp-json\/wp\/v2\/product_tag?post=77076"}],"curies":[{"name":"wp","href":"https:\/\/api.w.org\/{rel}","templated":true}]}}