{"id":77079,"date":"2025-07-14T15:00:48","date_gmt":"2025-07-14T12:00:48","guid":{"rendered":"https:\/\/demo8.ecube.lv\/sezona.lv\/products\/plaksnes-petzl-paw-zila-m\/"},"modified":"2025-07-14T15:00:48","modified_gmt":"2025-07-14T12:00:48","slug":"plaksnes-petzl-paw-zila-m","status":"publish","type":"product","link":"https:\/\/sezona.lv\/en\/products\/plaksnes-petzl-paw-zila-m\/","title":{"rendered":"Pl\u0101ksnes Petzl Paw zila M"},"content":{"rendered":"<p><span>Alum\u012bnija pl\u0101ksne darba vides organiz\u0113&scaron;anai un vair\u0101ku enkuru sist\u0113mas veido&scaron;anai. Noder\u012bga atbalsta k\u0101p&scaron;an\u0101 un Tirolie&scaron;u nobraucienu uzst\u0101d\u012b&scaron;anai. Da\u017e\u0101di izm\u0113ri ar da\u017e\u0101du enkura punktu caurumu skaitu. Pl\u0101ksne pal\u012bdz vien\u0101dot slodzi. Viegla un iztur\u012bga, izgatavota no iztur\u012bga un viegla alum\u012bnija. Sertific\u0113ta: NFPA 1983.<\/span><\/p>\n<p>&nbsp;<\/p>\n<ul id=\"traits_1355\" class=\"item_traits\">\n<li class=\"odd\"><label>Kr\u0101sa:<\/label><span>Zila<\/span><\/li>\n<li><label>Izm\u0113rs:<\/label><span>M<\/span><\/li>\n<li class=\"odd\"><label>Diametrs:<\/label><span>19 mm<\/span><\/li>\n<li><label>Iztur\u012bba:<\/label><span>36 kN<\/span><\/li>\n<li class=\"odd\"><label>Svars:<\/label><span>210 g<\/span><\/li>\n<\/ul>\n","protected":false},"excerpt":{"rendered":"<p>Alum\u012bnija pl\u0101ksne darba vides organiz\u0113&scaron;anai un vair\u0101ku enkuru sist\u0113mas veido&scaron;anai. Noder\u012bga atbalsta k\u0101p&scaron;an\u0101 un Tirolie&scaron;u nobraucienu uzst\u0101d\u012b&scaron;anai. Da\u017e\u0101di izm\u0113ri ar da\u017e\u0101du enkura punktu caurumu skaitu. Pl\u0101ksne pal\u012bdz vien\u0101dot slodzi. Viegla un iztur\u012bga, izgatavota no iztur\u012bga un viegla alum\u012bnija. Sertific\u0113ta: NFPA 1983. &nbsp; Kr\u0101sa:Zila Izm\u0113rs:M Diametrs:19 mm Iztur\u012bba:36 kN Svars:210 g<\/p>\n","protected":false},"featured_media":0,"template":"","meta":[],"product_brand":[957],"product_cat":[4851,4875,4882],"product_tag":[],"class_list":{"0":"post-77079","1":"product","2":"type-product","3":"status-publish","5":"product_brand-petzl","6":"product_cat-mountaineering-equipment-recreation","7":"product_cat-for-work-at-height-mountaineering-equipment-recreation","8":"product_cat-fasteners-and-slings-for-work-at-height-mountaineering-equipment-recreation","10":"first","11":"instock","12":"shipping-taxable","13":"purchasable","14":"product-type-simple"},"_links":{"self":[{"href":"https:\/\/sezona.lv\/en\/wp-json\/wp\/v2\/product\/77079","targetHints":{"allow":["GET"]}}],"collection":[{"href":"https:\/\/sezona.lv\/en\/wp-json\/wp\/v2\/product"}],"about":[{"href":"https:\/\/sezona.lv\/en\/wp-json\/wp\/v2\/types\/product"}],"wp:attachment":[{"href":"https:\/\/sezona.lv\/en\/wp-json\/wp\/v2\/media?parent=77079"}],"wp:term":[{"taxonomy":"product_brand","embeddable":true,"href":"https:\/\/sezona.lv\/en\/wp-json\/wp\/v2\/product_brand?post=77079"},{"taxonomy":"product_cat","embeddable":true,"href":"https:\/\/sezona.lv\/en\/wp-json\/wp\/v2\/product_cat?post=77079"},{"taxonomy":"product_tag","embeddable":true,"href":"https:\/\/sezona.lv\/en\/wp-json\/wp\/v2\/product_tag?post=77079"}],"curies":[{"name":"wp","href":"https:\/\/api.w.org\/{rel}","templated":true}]}}