{"id":77082,"date":"2025-07-14T15:00:51","date_gmt":"2025-07-14T12:00:51","guid":{"rendered":"https:\/\/demo8.ecube.lv\/sezona.lv\/products\/akis-petzl-bat-inox\/"},"modified":"2025-07-14T15:00:51","modified_gmt":"2025-07-14T12:00:51","slug":"akis-petzl-bat-inox","status":"publish","type":"product","link":"https:\/\/sezona.lv\/en\/products\/akis-petzl-bat-inox\/","title":{"rendered":"\u0100\u0137is Petzl Bat&#8217;inox"},"content":{"rendered":"<p><span>Dro&scaron;in\u0101&scaron;anas \u0101\u0137is, kas paredz\u0113ts m\u012bkstam akmenim.<\/span><br \/><span>Garums: 14 mm.<\/span><\/p>\n","protected":false},"excerpt":{"rendered":"<p>Dro&scaron;in\u0101&scaron;anas \u0101\u0137is, kas paredz\u0113ts m\u012bkstam akmenim.Garums: 14 mm.<\/p>\n","protected":false},"featured_media":0,"template":"","meta":[],"product_brand":[957],"product_cat":[4851,4875,4882],"product_tag":[],"class_list":{"0":"post-77082","1":"product","2":"type-product","3":"status-publish","5":"product_brand-petzl","6":"product_cat-mountaineering-equipment-recreation","7":"product_cat-for-work-at-height-mountaineering-equipment-recreation","8":"product_cat-fasteners-and-slings-for-work-at-height-mountaineering-equipment-recreation","10":"first","11":"instock","12":"shipping-taxable","13":"purchasable","14":"product-type-simple"},"_links":{"self":[{"href":"https:\/\/sezona.lv\/en\/wp-json\/wp\/v2\/product\/77082","targetHints":{"allow":["GET"]}}],"collection":[{"href":"https:\/\/sezona.lv\/en\/wp-json\/wp\/v2\/product"}],"about":[{"href":"https:\/\/sezona.lv\/en\/wp-json\/wp\/v2\/types\/product"}],"wp:attachment":[{"href":"https:\/\/sezona.lv\/en\/wp-json\/wp\/v2\/media?parent=77082"}],"wp:term":[{"taxonomy":"product_brand","embeddable":true,"href":"https:\/\/sezona.lv\/en\/wp-json\/wp\/v2\/product_brand?post=77082"},{"taxonomy":"product_cat","embeddable":true,"href":"https:\/\/sezona.lv\/en\/wp-json\/wp\/v2\/product_cat?post=77082"},{"taxonomy":"product_tag","embeddable":true,"href":"https:\/\/sezona.lv\/en\/wp-json\/wp\/v2\/product_tag?post=77082"}],"curies":[{"name":"wp","href":"https:\/\/api.w.org\/{rel}","templated":true}]}}