{"id":77083,"date":"2025-07-14T15:00:52","date_gmt":"2025-07-14T12:00:52","guid":{"rendered":"https:\/\/demo8.ecube.lv\/sezona.lv\/products\/stiprinajums-singing-rock-d-mobile\/"},"modified":"2025-07-14T15:00:52","modified_gmt":"2025-07-14T12:00:52","slug":"stiprinajums-singing-rock-d-mobile","status":"publish","type":"product","link":"https:\/\/sezona.lv\/en\/products\/stiprinajums-singing-rock-d-mobile\/","title":{"rendered":"Stiprin\u0101jums Singing Rock D-mobile"},"content":{"rendered":"<p><span>B tipa dro&scaron;\u012bbas traverss. Dro&scaron;\u012bbas traversu k\u0101 atbalsta punktu vienlaic\u012bgi dr\u012bkt izmantot maks. 2 personas. Maks. iek&scaron;\u0113jais durvju platums 900mm. Ja to izmanto viena persona, maks. iek&scaron;\u0113jais durvju platums 1100mm. &Scaron;\u012b ier\u012bce nav paredz\u0113ta kravu cel&scaron;anai. &Scaron;\u012b ier\u012bce ir piem\u0113rota logu, \u017eal\u016bziju un balkonu t\u012br\u012b&scaron;anas un mont\u0101\u017eas darbiem. &Scaron;is dro&scaron;\u012bbas traverss atbilst EN 795 un CE 1019 standartu pras\u012bb\u0101m.<\/span><\/p>\n","protected":false},"excerpt":{"rendered":"<p>B tipa dro&scaron;\u012bbas traverss. Dro&scaron;\u012bbas traversu k\u0101 atbalsta punktu vienlaic\u012bgi dr\u012bkt izmantot maks. 2 personas. Maks. iek&scaron;\u0113jais durvju platums 900mm. Ja to izmanto viena persona, maks. iek&scaron;\u0113jais durvju platums 1100mm. &Scaron;\u012b ier\u012bce nav paredz\u0113ta kravu cel&scaron;anai. &Scaron;\u012b ier\u012bce ir piem\u0113rota logu, \u017eal\u016bziju un balkonu t\u012br\u012b&scaron;anas un mont\u0101\u017eas darbiem. &Scaron;is dro&scaron;\u012bbas traverss atbilst EN 795 un [&hellip;]<\/p>\n","protected":false},"featured_media":0,"template":"","meta":[],"product_brand":[3350],"product_cat":[4851,4875,4882],"product_tag":[],"class_list":{"0":"post-77083","1":"product","2":"type-product","3":"status-publish","5":"product_brand-singing-rock","6":"product_cat-mountaineering-equipment-recreation","7":"product_cat-for-work-at-height-mountaineering-equipment-recreation","8":"product_cat-fasteners-and-slings-for-work-at-height-mountaineering-equipment-recreation","10":"first","11":"instock","12":"shipping-taxable","13":"purchasable","14":"product-type-simple"},"_links":{"self":[{"href":"https:\/\/sezona.lv\/en\/wp-json\/wp\/v2\/product\/77083","targetHints":{"allow":["GET"]}}],"collection":[{"href":"https:\/\/sezona.lv\/en\/wp-json\/wp\/v2\/product"}],"about":[{"href":"https:\/\/sezona.lv\/en\/wp-json\/wp\/v2\/types\/product"}],"wp:attachment":[{"href":"https:\/\/sezona.lv\/en\/wp-json\/wp\/v2\/media?parent=77083"}],"wp:term":[{"taxonomy":"product_brand","embeddable":true,"href":"https:\/\/sezona.lv\/en\/wp-json\/wp\/v2\/product_brand?post=77083"},{"taxonomy":"product_cat","embeddable":true,"href":"https:\/\/sezona.lv\/en\/wp-json\/wp\/v2\/product_cat?post=77083"},{"taxonomy":"product_tag","embeddable":true,"href":"https:\/\/sezona.lv\/en\/wp-json\/wp\/v2\/product_tag?post=77083"}],"curies":[{"name":"wp","href":"https:\/\/api.w.org\/{rel}","templated":true}]}}