{"id":77085,"date":"2025-07-14T15:00:54","date_gmt":"2025-07-14T12:00:54","guid":{"rendered":"https:\/\/demo8.ecube.lv\/sezona.lv\/products\/vizion-aizsargstikls-petzl\/"},"modified":"2025-07-14T15:00:54","modified_gmt":"2025-07-14T12:00:54","slug":"vizion-aizsargstikls-petzl","status":"publish","type":"product","link":"https:\/\/sezona.lv\/en\/products\/vizion-aizsargstikls-petzl\/","title":{"rendered":"Vizion aizsargstikls Petzl"},"content":{"rendered":"<p><label>Svars: 0.02 kg<\/label><\/p>\n<p id=\"item-description\">Aizsargstikls Vizion paredz\u0113ts Meteor III, Elios un Altios aizsarg\u0137iver\u0113m. Iesak\u0101m &scaron;o aizsargstiklu lietot ledusk\u0101p&scaron;an\u0101.<\/p>\n","protected":false},"excerpt":{"rendered":"<p>Svars: 0.02 kg Aizsargstikls Vizion paredz\u0113ts Meteor III, Elios un Altios aizsarg\u0137iver\u0113m. Iesak\u0101m &scaron;o aizsargstiklu lietot ledusk\u0101p&scaron;an\u0101.<\/p>\n","protected":false},"featured_media":0,"template":"","meta":[],"product_brand":[957],"product_cat":[4851,4859,4869],"product_tag":[],"class_list":{"0":"post-77085","1":"product","2":"type-product","3":"status-publish","5":"product_brand-petzl","6":"product_cat-mountaineering-equipment-recreation","7":"product_cat-for-rock-climbing-mountaineering-mountaineering-equipment-recreation","8":"product_cat---for-rock-climbing-mountaineering-mountaineering-equipment-recreation","10":"first","11":"instock","12":"shipping-taxable","13":"purchasable","14":"product-type-simple"},"_links":{"self":[{"href":"https:\/\/sezona.lv\/en\/wp-json\/wp\/v2\/product\/77085","targetHints":{"allow":["GET"]}}],"collection":[{"href":"https:\/\/sezona.lv\/en\/wp-json\/wp\/v2\/product"}],"about":[{"href":"https:\/\/sezona.lv\/en\/wp-json\/wp\/v2\/types\/product"}],"wp:attachment":[{"href":"https:\/\/sezona.lv\/en\/wp-json\/wp\/v2\/media?parent=77085"}],"wp:term":[{"taxonomy":"product_brand","embeddable":true,"href":"https:\/\/sezona.lv\/en\/wp-json\/wp\/v2\/product_brand?post=77085"},{"taxonomy":"product_cat","embeddable":true,"href":"https:\/\/sezona.lv\/en\/wp-json\/wp\/v2\/product_cat?post=77085"},{"taxonomy":"product_tag","embeddable":true,"href":"https:\/\/sezona.lv\/en\/wp-json\/wp\/v2\/product_tag?post=77085"}],"curies":[{"name":"wp","href":"https:\/\/api.w.org\/{rel}","templated":true}]}}