{"id":77086,"date":"2025-07-14T15:00:55","date_gmt":"2025-07-14T12:00:55","guid":{"rendered":"https:\/\/demo8.ecube.lv\/sezona.lv\/products\/kivere-petzl-picchu-sarkana\/"},"modified":"2025-07-14T15:00:55","modified_gmt":"2025-07-14T12:00:55","slug":"kivere-petzl-picchu-sarkana","status":"publish","type":"product","link":"https:\/\/sezona.lv\/en\/products\/kivere-petzl-picchu-sarkana\/","title":{"rendered":"\u0136ivere Petzl Picchu sarkana"},"content":{"rendered":"<p><span>Klin&scaron;u k\u0101p&scaron;anas un velobrauk&scaron;anas aizsarg\u0137ivere b\u0113rniem. T\u0101 ir \u013coti viegla, komfortabla un iztur\u012bga.&nbsp;<\/span><br \/><span>\u0136iveres priek&scaron;pus\u0113 speci\u0101la stiprin\u0101juma vieta Petzl SIGNAL lukturim, lai nodro&scaron;in\u0101tu b\u0113rna redzam\u012bbu diennakts tum&scaron;aj\u0101 laik\u0101, s\u0101nos ventil\u0101cijas atv\u0113rumi.&nbsp;<\/span><br \/><span>\u0136iveres \u012bpa&scaron;i form\u0113t\u0101 ABS \u0101r\u0113j\u0101 da\u013ca (\u010daula) ir gan \u013coti viegla, gan iztur\u012bga. Papla&scaron;in\u0101t\u0101 polistirola (putupolistirola) ieliktnis (starppl\u0101tne) absorb\u0113 triecienu. Regul\u0113jam\u0101 zoda siksna, pakau&scaron;a da\u013cas augstums un galvas lente \u013cauj \u0137iveri maksim\u0101li komfortabli piel\u0101got b\u0113rna galvai. &Scaron;aur\u0101s poliestera materi\u0101la siksnas nodro&scaron;ina uzlabotu komfortu. Putu polster\u0113jums ir iz\u0146emams un mazg\u0101jams. Komplekt\u0101 l\u012bm\u0113jamas lapi\u0146as, no kur\u0101m viena ar atstarojo&scaron;iem elementiem, kas \u013cauj \u0137iveri individualiz\u0113t. \u0136ivere piem\u0113rota b\u0113rniem no 3 l\u012bdz 8 gadu vecumam (izm\u0113rs 48-54 cm). Materi\u0101li: \u012bpa&scaron;i form\u0113ta ABS \u0101r\u0113j\u0101 da\u013ca (\u010daula), papla&scaron;in\u0101t\u0101 polistirola (putupolistirola) ieliktnis, poliestera materi\u0101la siksnas.<\/span><br \/><span>Sertifik\u0101cija: CE EN 12492, UIAA 106 (klin&scaron;u k\u0101p&scaron;ana),&nbsp;<\/span><br \/><span>CE EN 1078 (rite\u0146brauk&scaron;ana Eirop\u0101), CSPC safety standard (rite\u0146brauk&scaron;ana Amerikas Savienotaj\u0101s Valst\u012bs).<\/span><\/p>\n<p>&nbsp;<\/p>\n<ul class=\"item_traits\">\n<li class=\"odd\"><label>Galvas apk\u0101rtm\u0113rs:<\/label><span>48 &#8211; 54 cm<\/span><\/li>\n<li><label>Svars:<\/label><span>310 g<\/span><\/li>\n<\/ul>\n","protected":false},"excerpt":{"rendered":"<p>Klin&scaron;u k\u0101p&scaron;anas un velobrauk&scaron;anas aizsarg\u0137ivere b\u0113rniem. T\u0101 ir \u013coti viegla, komfortabla un iztur\u012bga.&nbsp;\u0136iveres priek&scaron;pus\u0113 speci\u0101la stiprin\u0101juma vieta Petzl SIGNAL lukturim, lai nodro&scaron;in\u0101tu b\u0113rna redzam\u012bbu diennakts tum&scaron;aj\u0101 laik\u0101, s\u0101nos ventil\u0101cijas atv\u0113rumi.&nbsp;\u0136iveres \u012bpa&scaron;i form\u0113t\u0101 ABS \u0101r\u0113j\u0101 da\u013ca (\u010daula) ir gan \u013coti viegla, gan iztur\u012bga. Papla&scaron;in\u0101t\u0101 polistirola (putupolistirola) ieliktnis (starppl\u0101tne) absorb\u0113 triecienu. Regul\u0113jam\u0101 zoda siksna, pakau&scaron;a da\u013cas augstums [&hellip;]<\/p>\n","protected":false},"featured_media":0,"template":"","meta":[],"product_brand":[957],"product_cat":[4851,4859,4869],"product_tag":[],"class_list":{"0":"post-77086","1":"product","2":"type-product","3":"status-publish","5":"product_brand-petzl","6":"product_cat-mountaineering-equipment-recreation","7":"product_cat-for-rock-climbing-mountaineering-mountaineering-equipment-recreation","8":"product_cat---for-rock-climbing-mountaineering-mountaineering-equipment-recreation","10":"first","11":"instock","12":"shipping-taxable","13":"purchasable","14":"product-type-simple"},"_links":{"self":[{"href":"https:\/\/sezona.lv\/en\/wp-json\/wp\/v2\/product\/77086","targetHints":{"allow":["GET"]}}],"collection":[{"href":"https:\/\/sezona.lv\/en\/wp-json\/wp\/v2\/product"}],"about":[{"href":"https:\/\/sezona.lv\/en\/wp-json\/wp\/v2\/types\/product"}],"wp:attachment":[{"href":"https:\/\/sezona.lv\/en\/wp-json\/wp\/v2\/media?parent=77086"}],"wp:term":[{"taxonomy":"product_brand","embeddable":true,"href":"https:\/\/sezona.lv\/en\/wp-json\/wp\/v2\/product_brand?post=77086"},{"taxonomy":"product_cat","embeddable":true,"href":"https:\/\/sezona.lv\/en\/wp-json\/wp\/v2\/product_cat?post=77086"},{"taxonomy":"product_tag","embeddable":true,"href":"https:\/\/sezona.lv\/en\/wp-json\/wp\/v2\/product_tag?post=77086"}],"curies":[{"name":"wp","href":"https:\/\/api.w.org\/{rel}","templated":true}]}}