{"id":77089,"date":"2025-07-14T15:00:57","date_gmt":"2025-07-14T12:00:57","guid":{"rendered":"https:\/\/demo8.ecube.lv\/sezona.lv\/products\/kivere-petzl-elios-zala\/"},"modified":"2025-07-14T15:00:57","modified_gmt":"2025-07-14T12:00:57","slug":"kivere-petzl-elios-zala","status":"publish","type":"product","link":"https:\/\/sezona.lv\/en\/products\/kivere-petzl-elios-zala\/","title":{"rendered":"\u0136ivere Petzl Elios za\u013ca"},"content":{"rendered":"<p>Iztur\u012bga un viegla aizsarg\u0137ivere. Tai ir zems profils un \u0113rta regul\u0101cija. Lieliski piem\u0113rota klin&scaron;u k\u0101p&scaron;anai, ledus k\u0101p&scaron;anai, alp\u012bnismam, kanjoningam un speleolo\u0123ijai. \u0136iverei piem\u012bt labas ventil\u0113jo&scaron;\u0101s \u012bpa&scaron;\u012bbas. \u012apa&scaron;\u0101 veid\u0101 izgatavot\u0101 ABS \u0137iveres \u010daula ir gan \u013coti viegla, gan iztur\u012bga. Papla&scaron;in\u0101tais polistirola putu iek&scaron;\u0113jais sl\u0101nis samazina triecienu. Zoda spr\u0101dzi p\u0113c vajadz\u012bbas iesp\u0113jams novietot uz priek&scaron;u vai uz aizmuguri. &Scaron;aur\u0101s poliestera auduma siksnas nodro&scaron;ina optim\u0101lu \u0137iveres stabilit\u0101ti un komfortu.&nbsp;<br \/>\u0136iverei iesp\u0113jams piestiprin\u0101t pieres lukturi un VIZION sejas aizsargu.<\/p>\n<p>&nbsp;<\/p>\n<ul id=\"traits_3477\" class=\"item_traits\">\n<li><label>Izm\u0113rs:<\/label>1<\/li>\n<li class=\"odd\"><label>Galvas apk\u0101rtm\u0113rs:<\/label>48-56 cm<\/li>\n<li><label>Svars:<\/label>280 g<\/li>\n<\/ul>\n","protected":false},"excerpt":{"rendered":"<p>Iztur\u012bga un viegla aizsarg\u0137ivere. Tai ir zems profils un \u0113rta regul\u0101cija. Lieliski piem\u0113rota klin&scaron;u k\u0101p&scaron;anai, ledus k\u0101p&scaron;anai, alp\u012bnismam, kanjoningam un speleolo\u0123ijai. \u0136iverei piem\u012bt labas ventil\u0113jo&scaron;\u0101s \u012bpa&scaron;\u012bbas. \u012apa&scaron;\u0101 veid\u0101 izgatavot\u0101 ABS \u0137iveres \u010daula ir gan \u013coti viegla, gan iztur\u012bga. Papla&scaron;in\u0101tais polistirola putu iek&scaron;\u0113jais sl\u0101nis samazina triecienu. Zoda spr\u0101dzi p\u0113c vajadz\u012bbas iesp\u0113jams novietot uz priek&scaron;u vai uz [&hellip;]<\/p>\n","protected":false},"featured_media":0,"template":"","meta":[],"product_brand":[957],"product_cat":[4851,4859,4869],"product_tag":[],"class_list":{"0":"post-77089","1":"product","2":"type-product","3":"status-publish","5":"product_brand-petzl","6":"product_cat-mountaineering-equipment-recreation","7":"product_cat-for-rock-climbing-mountaineering-mountaineering-equipment-recreation","8":"product_cat---for-rock-climbing-mountaineering-mountaineering-equipment-recreation","10":"first","11":"instock","12":"shipping-taxable","13":"purchasable","14":"product-type-simple"},"_links":{"self":[{"href":"https:\/\/sezona.lv\/en\/wp-json\/wp\/v2\/product\/77089","targetHints":{"allow":["GET"]}}],"collection":[{"href":"https:\/\/sezona.lv\/en\/wp-json\/wp\/v2\/product"}],"about":[{"href":"https:\/\/sezona.lv\/en\/wp-json\/wp\/v2\/types\/product"}],"wp:attachment":[{"href":"https:\/\/sezona.lv\/en\/wp-json\/wp\/v2\/media?parent=77089"}],"wp:term":[{"taxonomy":"product_brand","embeddable":true,"href":"https:\/\/sezona.lv\/en\/wp-json\/wp\/v2\/product_brand?post=77089"},{"taxonomy":"product_cat","embeddable":true,"href":"https:\/\/sezona.lv\/en\/wp-json\/wp\/v2\/product_cat?post=77089"},{"taxonomy":"product_tag","embeddable":true,"href":"https:\/\/sezona.lv\/en\/wp-json\/wp\/v2\/product_tag?post=77089"}],"curies":[{"name":"wp","href":"https:\/\/api.w.org\/{rel}","templated":true}]}}