{"id":77091,"date":"2025-07-14T15:00:59","date_gmt":"2025-07-14T12:00:59","guid":{"rendered":"https:\/\/demo8.ecube.lv\/sezona.lv\/products\/kivere-petzl-elios-club-t2\/"},"modified":"2025-07-14T15:00:59","modified_gmt":"2025-07-14T12:00:59","slug":"kivere-petzl-elios-club-t2","status":"publish","type":"product","link":"https:\/\/sezona.lv\/en\/products\/kivere-petzl-elios-club-t2\/","title":{"rendered":"\u0136ivere Petzl Elios Club T2"},"content":{"rendered":"<p><span>Piln\u012bb\u0101 regul\u0113jama un piel\u0101gojama aizsarg\u0137ivere, kas piem\u0113rota lieto&scaron;anai piedz\u012bvojumu parkos. T\u0101 adapt\u0113sies ikvienai galvas formai. \u0136iveres galvas lenti iesp\u0113jams \u0113rti un \u0101tri piel\u0101got pat valk\u0101&scaron;anas laik\u0101, t\u0101 regul\u0113jama ar\u012b augstum\u0101, zoda siksnu iesp\u0113jams pozicion\u0113t uz priek&scaron;u vai atpaka\u013c. \u0136iveres iek&scaron;pus\u0113 putu polster\u0113jums. Sertifik\u0101cija: CE EN 12492, UIAA 106.<\/span><\/p>\n<p>&nbsp;<\/p>\n<ul class=\"item_traits\">\n<li class=\"odd\"><label>Galvas apk\u0101rtm\u0113rs:<\/label><span>53 &#8211; 61 cm<\/span><\/li>\n<li><label>Svars:<\/label><span>340 g<\/span><\/li>\n<\/ul>\n","protected":false},"excerpt":{"rendered":"<p>Piln\u012bb\u0101 regul\u0113jama un piel\u0101gojama aizsarg\u0137ivere, kas piem\u0113rota lieto&scaron;anai piedz\u012bvojumu parkos. T\u0101 adapt\u0113sies ikvienai galvas formai. \u0136iveres galvas lenti iesp\u0113jams \u0113rti un \u0101tri piel\u0101got pat valk\u0101&scaron;anas laik\u0101, t\u0101 regul\u0113jama ar\u012b augstum\u0101, zoda siksnu iesp\u0113jams pozicion\u0113t uz priek&scaron;u vai atpaka\u013c. \u0136iveres iek&scaron;pus\u0113 putu polster\u0113jums. Sertifik\u0101cija: CE EN 12492, UIAA 106. &nbsp; Galvas apk\u0101rtm\u0113rs:53 &#8211; 61 cm Svars:340 [&hellip;]<\/p>\n","protected":false},"featured_media":0,"template":"","meta":[],"product_brand":[957],"product_cat":[4851,4859,4869],"product_tag":[],"class_list":{"0":"post-77091","1":"product","2":"type-product","3":"status-publish","5":"product_brand-petzl","6":"product_cat-mountaineering-equipment-recreation","7":"product_cat-for-rock-climbing-mountaineering-mountaineering-equipment-recreation","8":"product_cat---for-rock-climbing-mountaineering-mountaineering-equipment-recreation","10":"first","11":"instock","12":"shipping-taxable","13":"purchasable","14":"product-type-simple"},"_links":{"self":[{"href":"https:\/\/sezona.lv\/en\/wp-json\/wp\/v2\/product\/77091","targetHints":{"allow":["GET"]}}],"collection":[{"href":"https:\/\/sezona.lv\/en\/wp-json\/wp\/v2\/product"}],"about":[{"href":"https:\/\/sezona.lv\/en\/wp-json\/wp\/v2\/types\/product"}],"wp:attachment":[{"href":"https:\/\/sezona.lv\/en\/wp-json\/wp\/v2\/media?parent=77091"}],"wp:term":[{"taxonomy":"product_brand","embeddable":true,"href":"https:\/\/sezona.lv\/en\/wp-json\/wp\/v2\/product_brand?post=77091"},{"taxonomy":"product_cat","embeddable":true,"href":"https:\/\/sezona.lv\/en\/wp-json\/wp\/v2\/product_cat?post=77091"},{"taxonomy":"product_tag","embeddable":true,"href":"https:\/\/sezona.lv\/en\/wp-json\/wp\/v2\/product_tag?post=77091"}],"curies":[{"name":"wp","href":"https:\/\/api.w.org\/{rel}","templated":true}]}}