{"id":77092,"date":"2025-07-14T15:01:01","date_gmt":"2025-07-14T12:01:01","guid":{"rendered":"https:\/\/demo8.ecube.lv\/sezona.lv\/products\/kivere-edelrid-zodiac-oranza\/"},"modified":"2025-07-14T15:01:01","modified_gmt":"2025-07-14T12:01:01","slug":"kivere-edelrid-zodiac-oranza","status":"publish","type":"product","link":"https:\/\/sezona.lv\/en\/products\/kivere-edelrid-zodiac-oranza\/","title":{"rendered":"\u0136ivere Edelrid Zodiac oran\u017ea"},"content":{"rendered":"<p><span>\u013boti viegla un stabila hibr\u012bda tipa \u0137ivere, kas piem\u0113rota klin&scaron;u k\u0101p&scaron;anai, alp\u012bnismam un Via Ferrata mar&scaron;rutiem. \u0136iverei ir sp\u0113c\u012bga un triecieniztur\u012bga ABS \u0101r\u0113j\u0101 \u010daula un papla&scaron;in\u0101ta polistir\u0113na iek&scaron;\u0113j\u0101 \u010daula izcilai triecienu absorbcijai. Wing-Fit sist\u0113mas aizmugur\u0113j\u0101 regul\u0101cija \u013cauj \u0137iveri individu\u0101li piel\u0101got, t\u0101d\u0113j\u0101di nodro&scaron;inot izcilu komfortu un aizsardz\u012bbu. Zoda siksnas aizdare pozicion\u0113ta zem auss. Liel\u0101s ventil\u0101cijas atveres nodro&scaron;ina konstantu svaiga gaisa cirkul\u0101ciju. \u0136iverei ir ergonomiski veidota iek&scaron;\u0113ja da\u013ca un iz\u0146emams polster\u0113jums. \u0136iverei ir 4 iztur\u012bgi pieres luktura stiprin\u0101juma punkti, komplekt\u0101 main\u0101ms polster\u0113jums.<\/span><\/p>\n<p>&nbsp;<\/p>\n<ul class=\"item_traits\">\n<li class=\"odd\"><label>Galvas apk\u0101rtm\u0113rs:<\/label><span>54 &#8211; 62 cm<\/span><\/li>\n<li><label>Svars:<\/label><span>360 g<\/span><\/li>\n<\/ul>\n","protected":false},"excerpt":{"rendered":"<p>\u013boti viegla un stabila hibr\u012bda tipa \u0137ivere, kas piem\u0113rota klin&scaron;u k\u0101p&scaron;anai, alp\u012bnismam un Via Ferrata mar&scaron;rutiem. \u0136iverei ir sp\u0113c\u012bga un triecieniztur\u012bga ABS \u0101r\u0113j\u0101 \u010daula un papla&scaron;in\u0101ta polistir\u0113na iek&scaron;\u0113j\u0101 \u010daula izcilai triecienu absorbcijai. Wing-Fit sist\u0113mas aizmugur\u0113j\u0101 regul\u0101cija \u013cauj \u0137iveri individu\u0101li piel\u0101got, t\u0101d\u0113j\u0101di nodro&scaron;inot izcilu komfortu un aizsardz\u012bbu. Zoda siksnas aizdare pozicion\u0113ta zem auss. Liel\u0101s ventil\u0101cijas atveres [&hellip;]<\/p>\n","protected":false},"featured_media":0,"template":"","meta":[],"product_brand":[3348],"product_cat":[4851,4859,4869],"product_tag":[],"class_list":{"0":"post-77092","1":"product","2":"type-product","3":"status-publish","5":"product_brand-edelrid","6":"product_cat-mountaineering-equipment-recreation","7":"product_cat-for-rock-climbing-mountaineering-mountaineering-equipment-recreation","8":"product_cat---for-rock-climbing-mountaineering-mountaineering-equipment-recreation","10":"first","11":"instock","12":"shipping-taxable","13":"purchasable","14":"product-type-simple"},"_links":{"self":[{"href":"https:\/\/sezona.lv\/en\/wp-json\/wp\/v2\/product\/77092","targetHints":{"allow":["GET"]}}],"collection":[{"href":"https:\/\/sezona.lv\/en\/wp-json\/wp\/v2\/product"}],"about":[{"href":"https:\/\/sezona.lv\/en\/wp-json\/wp\/v2\/types\/product"}],"wp:attachment":[{"href":"https:\/\/sezona.lv\/en\/wp-json\/wp\/v2\/media?parent=77092"}],"wp:term":[{"taxonomy":"product_brand","embeddable":true,"href":"https:\/\/sezona.lv\/en\/wp-json\/wp\/v2\/product_brand?post=77092"},{"taxonomy":"product_cat","embeddable":true,"href":"https:\/\/sezona.lv\/en\/wp-json\/wp\/v2\/product_cat?post=77092"},{"taxonomy":"product_tag","embeddable":true,"href":"https:\/\/sezona.lv\/en\/wp-json\/wp\/v2\/product_tag?post=77092"}],"curies":[{"name":"wp","href":"https:\/\/api.w.org\/{rel}","templated":true}]}}