{"id":77094,"date":"2025-07-14T15:01:04","date_gmt":"2025-07-14T12:01:04","guid":{"rendered":"https:\/\/demo8.ecube.lv\/sezona.lv\/products\/kivere-petzl-elia-a48-balta\/"},"modified":"2025-07-14T15:01:04","modified_gmt":"2025-07-14T12:01:04","slug":"kivere-petzl-elia-a48-balta","status":"publish","type":"product","link":"https:\/\/sezona.lv\/en\/products\/kivere-petzl-elia-a48-balta\/","title":{"rendered":"\u0136ivere Petzl Elia A48 balta"},"content":{"rendered":"<p><span>Iztur\u012bga un komfortabla aizsarg\u0137ivere, kas veidota un att\u012bst\u012bta \u012bpa&scaron;i sievietes vajadz\u012bb\u0101m. T\u0101 piem\u0113rota klin&scaron;u k\u0101p&scaron;anai, alp\u012bnismam, speleolo\u0123ijai, via ferrata mar&scaron;rutiem u.c. Inovat\u012bv\u0101 Omega galvas lentes sist\u0113ma (Petzl patents) \u013cauj \u0137iveri uzlikt un no\u0146emt pavisam vienk\u0101r&scaron;i, k\u0101 ar\u012b nodro&scaron;ina maksim\u0101lu komfortu. \u0136iverei ir absorb\u0113jo&scaron;s komforta putu polster\u0113jums. Regul\u0101cijas spr\u0101dzes novietotas s\u0101nos, prom no zoda da\u013cas. \u0136ivere apr\u012bkota ar \u0101tri un vienk\u0101r&scaron;i lietojamu piel\u0101go&scaron;anas meh\u0101nismu, kas pie\u013cauj prec\u012bzu t\u0101s piel\u0101go&scaron;anu atbilsto&scaron;i valk\u0101t\u0101jas vajadz\u012bb\u0101m. Zoda siksnu iesp\u0113jams pozicion\u0113t uz priek&scaron;u vai atpaka\u013c. \u0136iverei ir viegla , iztur\u012bga ABS \u0101r\u0113j\u0101 \u010daula un putupolistirola putu oder\u0113jums. Ar \u010detriem integr\u0113tajiem klip&scaron;iem iesp\u0113jams piestiprin\u0101t pieres lukturi.<\/span><br \/><span>Specifik\u0101cija:<\/span><br \/><span>Materi\u0101li: ABS \u0101r\u0113j\u0101 c\u0101ula, putupolistirola putu oder\u0113jums, poliestera siksnas, PE putas; Sertifik\u0101cija: CE EN 12492, UIAA 106.<\/span><\/p>\n<p>&nbsp;<\/p>\n<ul id=\"traits_42352\" class=\"item_traits\">\n<li class=\"odd\"><label>Kr\u0101sa:<\/label><span>Balta<\/span><\/li>\n<li><label>Galvas apk\u0101rtm\u0113rs:<\/label><span>52-58 cm<\/span><\/li>\n<li class=\"odd\"><label>Svars:<\/label><span>290 g<\/span><\/li>\n<\/ul>\n","protected":false},"excerpt":{"rendered":"<p>Iztur\u012bga un komfortabla aizsarg\u0137ivere, kas veidota un att\u012bst\u012bta \u012bpa&scaron;i sievietes vajadz\u012bb\u0101m. T\u0101 piem\u0113rota klin&scaron;u k\u0101p&scaron;anai, alp\u012bnismam, speleolo\u0123ijai, via ferrata mar&scaron;rutiem u.c. Inovat\u012bv\u0101 Omega galvas lentes sist\u0113ma (Petzl patents) \u013cauj \u0137iveri uzlikt un no\u0146emt pavisam vienk\u0101r&scaron;i, k\u0101 ar\u012b nodro&scaron;ina maksim\u0101lu komfortu. \u0136iverei ir absorb\u0113jo&scaron;s komforta putu polster\u0113jums. Regul\u0101cijas spr\u0101dzes novietotas s\u0101nos, prom no zoda da\u013cas. \u0136ivere [&hellip;]<\/p>\n","protected":false},"featured_media":0,"template":"","meta":[],"product_brand":[957],"product_cat":[4851,4859,4869],"product_tag":[],"class_list":{"0":"post-77094","1":"product","2":"type-product","3":"status-publish","5":"product_brand-petzl","6":"product_cat-mountaineering-equipment-recreation","7":"product_cat-for-rock-climbing-mountaineering-mountaineering-equipment-recreation","8":"product_cat---for-rock-climbing-mountaineering-mountaineering-equipment-recreation","10":"first","11":"instock","12":"shipping-taxable","13":"purchasable","14":"product-type-simple"},"_links":{"self":[{"href":"https:\/\/sezona.lv\/en\/wp-json\/wp\/v2\/product\/77094","targetHints":{"allow":["GET"]}}],"collection":[{"href":"https:\/\/sezona.lv\/en\/wp-json\/wp\/v2\/product"}],"about":[{"href":"https:\/\/sezona.lv\/en\/wp-json\/wp\/v2\/types\/product"}],"wp:attachment":[{"href":"https:\/\/sezona.lv\/en\/wp-json\/wp\/v2\/media?parent=77094"}],"wp:term":[{"taxonomy":"product_brand","embeddable":true,"href":"https:\/\/sezona.lv\/en\/wp-json\/wp\/v2\/product_brand?post=77094"},{"taxonomy":"product_cat","embeddable":true,"href":"https:\/\/sezona.lv\/en\/wp-json\/wp\/v2\/product_cat?post=77094"},{"taxonomy":"product_tag","embeddable":true,"href":"https:\/\/sezona.lv\/en\/wp-json\/wp\/v2\/product_tag?post=77094"}],"curies":[{"name":"wp","href":"https:\/\/api.w.org\/{rel}","templated":true}]}}