{"id":77096,"date":"2025-07-14T15:01:06","date_gmt":"2025-07-14T12:01:06","guid":{"rendered":"https:\/\/demo8.ecube.lv\/sezona.lv\/products\/kivere-petzl-altios-peleka\/"},"modified":"2025-07-14T15:01:06","modified_gmt":"2025-07-14T12:01:06","slug":"kivere-petzl-altios-peleka","status":"publish","type":"product","link":"https:\/\/sezona.lv\/en\/products\/kivere-petzl-altios-peleka\/","title":{"rendered":"\u0136ivere Petzl Altios pel\u0113ka"},"content":{"rendered":"<p><span>Viegla un iztur\u012bga aizsarg\u0137ivere. T\u0101 sast\u0101v no iztur\u012bga ABS \u0101r\u0113j\u0101s k\u0101rtas un polistirola iek&scaron;\u0113j\u0101 sl\u0101\u0146a. T\u012bklveida starpsl\u0101nis starp galvu un \u0137iveri nodro&scaron;ina izcilu ventil\u0101ciju un komfortu, n\u0113s\u0101jot to. Aukst\u0101 laik\u0101 iesp\u0113jams nosl\u0113gt ventil\u0101cijas atveres. \u0136iverei ir daudzpus\u012bgas lietojuma iesp\u0113jas. Iesp\u0113jams pievienot VIZION aizsargstiklu un jebkuru Petzl pieres lukturi.<\/span><br \/><span>Sertific\u0113ts: CE EN 12492; UIAA.<\/span><\/p>\n<p>&nbsp;<\/p>\n<ul id=\"traits_3486\" class=\"item_traits\">\n<li class=\"odd\"><label>Kr\u0101sa:<\/label><span>Pel\u0113ka<\/span><\/li>\n<li><label>Izm\u0113rs:<\/label><span>1<\/span><\/li>\n<li class=\"odd\"><label>Galvas apk\u0101rtm\u0113rs:<\/label><span>48-56 cm<\/span><\/li>\n<li><label>Svars:<\/label><span>310 g<\/span><\/li>\n<\/ul>\n","protected":false},"excerpt":{"rendered":"<p>Viegla un iztur\u012bga aizsarg\u0137ivere. T\u0101 sast\u0101v no iztur\u012bga ABS \u0101r\u0113j\u0101s k\u0101rtas un polistirola iek&scaron;\u0113j\u0101 sl\u0101\u0146a. T\u012bklveida starpsl\u0101nis starp galvu un \u0137iveri nodro&scaron;ina izcilu ventil\u0101ciju un komfortu, n\u0113s\u0101jot to. Aukst\u0101 laik\u0101 iesp\u0113jams nosl\u0113gt ventil\u0101cijas atveres. \u0136iverei ir daudzpus\u012bgas lietojuma iesp\u0113jas. Iesp\u0113jams pievienot VIZION aizsargstiklu un jebkuru Petzl pieres lukturi.Sertific\u0113ts: CE EN 12492; UIAA. &nbsp; Kr\u0101sa:Pel\u0113ka Izm\u0113rs:1 [&hellip;]<\/p>\n","protected":false},"featured_media":0,"template":"","meta":[],"product_brand":[957],"product_cat":[4851,4859,4869],"product_tag":[],"class_list":{"0":"post-77096","1":"product","2":"type-product","3":"status-publish","5":"product_brand-petzl","6":"product_cat-mountaineering-equipment-recreation","7":"product_cat-for-rock-climbing-mountaineering-mountaineering-equipment-recreation","8":"product_cat---for-rock-climbing-mountaineering-mountaineering-equipment-recreation","10":"first","11":"instock","12":"shipping-taxable","13":"purchasable","14":"product-type-simple"},"_links":{"self":[{"href":"https:\/\/sezona.lv\/en\/wp-json\/wp\/v2\/product\/77096","targetHints":{"allow":["GET"]}}],"collection":[{"href":"https:\/\/sezona.lv\/en\/wp-json\/wp\/v2\/product"}],"about":[{"href":"https:\/\/sezona.lv\/en\/wp-json\/wp\/v2\/types\/product"}],"wp:attachment":[{"href":"https:\/\/sezona.lv\/en\/wp-json\/wp\/v2\/media?parent=77096"}],"wp:term":[{"taxonomy":"product_brand","embeddable":true,"href":"https:\/\/sezona.lv\/en\/wp-json\/wp\/v2\/product_brand?post=77096"},{"taxonomy":"product_cat","embeddable":true,"href":"https:\/\/sezona.lv\/en\/wp-json\/wp\/v2\/product_cat?post=77096"},{"taxonomy":"product_tag","embeddable":true,"href":"https:\/\/sezona.lv\/en\/wp-json\/wp\/v2\/product_tag?post=77096"}],"curies":[{"name":"wp","href":"https:\/\/api.w.org\/{rel}","templated":true}]}}