{"id":77100,"date":"2025-07-14T15:01:10","date_gmt":"2025-07-14T12:01:10","guid":{"rendered":"https:\/\/demo8.ecube.lv\/sezona.lv\/products\/kivere-edelrid-shield-ii-balta-zala-2\/"},"modified":"2025-07-14T15:01:10","modified_gmt":"2025-07-14T12:01:10","slug":"kivere-edelrid-shield-ii-balta-zala-2","status":"publish","type":"product","link":"https:\/\/sezona.lv\/en\/products\/kivere-edelrid-shield-ii-balta-zala-2\/","title":{"rendered":"\u0136ivere Edelrid Shield II balta\/za\u013ca 2"},"content":{"rendered":"<p><span>\u0100rk\u0101rt\u012bgi viegla un iztur\u012bga In-Mold tehnolo\u0123ij\u0101 veidota aizsarg\u0137ivere ar inovat\u012bvu aizdares sist\u0113mu un izcilu ventil\u0101ciju. T\u0101 perfekti piem\u0113rota gariem un pras\u012bgiem k\u0101p&scaron;anas mar&scaron;rutiem. \u0136iverei ir papla&scaron;in\u0101ts polistir\u0113na putu kodols un iztur\u012bga polikarbon\u0101ta \u0101r\u0113j\u0101 \u010daula, kas sniegs optim\u0101lu aizsardz\u012bbu pret triecieniem un kr\u012bto&scaron;iem akme\u0146iem. Pateicoties Wing-Fit sist\u0113mai un aizmugur\u0113jai regul\u0101cijai, &scaron;\u012b \u0137ivere ir maksim\u0101li piel\u0101gojama un garant\u0113s izcilu komfortu un dro&scaron;\u012bbu. Piln\u012bb\u0101 regul\u0113jam\u0101s zoda siksnas aizdares sist\u0113ma pozicion\u0113ta zem auss, lai sniegtu v\u0113l lab\u0101ku komfortu. Tai ir ergonomiski veidota iek&scaron;\u0113j\u0101 da\u013ca ar iz\u0146emamu polster\u0113jumu. Airflow ventil\u0101cijas sist\u0113ma ar liel\u0101m ventil\u0101cijas s\u0101nu atver\u0113m nodro&scaron;ina konstantu gaisa svaiga gaisa cirkul\u0101ciju. \u0136iverei ir 4 iztur\u012bgi pieres luktura stiprin\u0101jumi. Komplekt\u0101 iek\u013cauts main\u0101ms iek&scaron;\u0113jais polster\u0113jums.<\/span><\/p>\n<p>&nbsp;<\/p>\n<ul id=\"traits_41221\" class=\"item_traits\">\n<li class=\"odd\"><label>Kr\u0101sa:<\/label><span>Balta \/ Za\u013ca<\/span><\/li>\n<li><label>Izm\u0113rs:<\/label><span>2<\/span><\/li>\n<li class=\"odd\"><label>Galvas apk\u0101rtm\u0113rs:<\/label><span>52 &#8211; 62 cm<\/span><\/li>\n<li><label>Svars:<\/label><span>270 g<\/span><\/li>\n<\/ul>\n","protected":false},"excerpt":{"rendered":"<p>\u0100rk\u0101rt\u012bgi viegla un iztur\u012bga In-Mold tehnolo\u0123ij\u0101 veidota aizsarg\u0137ivere ar inovat\u012bvu aizdares sist\u0113mu un izcilu ventil\u0101ciju. T\u0101 perfekti piem\u0113rota gariem un pras\u012bgiem k\u0101p&scaron;anas mar&scaron;rutiem. \u0136iverei ir papla&scaron;in\u0101ts polistir\u0113na putu kodols un iztur\u012bga polikarbon\u0101ta \u0101r\u0113j\u0101 \u010daula, kas sniegs optim\u0101lu aizsardz\u012bbu pret triecieniem un kr\u012bto&scaron;iem akme\u0146iem. Pateicoties Wing-Fit sist\u0113mai un aizmugur\u0113jai regul\u0101cijai, &scaron;\u012b \u0137ivere ir maksim\u0101li piel\u0101gojama un [&hellip;]<\/p>\n","protected":false},"featured_media":0,"template":"","meta":[],"product_brand":[3348],"product_cat":[4851,4859,4869],"product_tag":[],"class_list":{"0":"post-77100","1":"product","2":"type-product","3":"status-publish","5":"product_brand-edelrid","6":"product_cat-mountaineering-equipment-recreation","7":"product_cat-for-rock-climbing-mountaineering-mountaineering-equipment-recreation","8":"product_cat---for-rock-climbing-mountaineering-mountaineering-equipment-recreation","10":"first","11":"instock","12":"shipping-taxable","13":"purchasable","14":"product-type-simple"},"_links":{"self":[{"href":"https:\/\/sezona.lv\/en\/wp-json\/wp\/v2\/product\/77100","targetHints":{"allow":["GET"]}}],"collection":[{"href":"https:\/\/sezona.lv\/en\/wp-json\/wp\/v2\/product"}],"about":[{"href":"https:\/\/sezona.lv\/en\/wp-json\/wp\/v2\/types\/product"}],"wp:attachment":[{"href":"https:\/\/sezona.lv\/en\/wp-json\/wp\/v2\/media?parent=77100"}],"wp:term":[{"taxonomy":"product_brand","embeddable":true,"href":"https:\/\/sezona.lv\/en\/wp-json\/wp\/v2\/product_brand?post=77100"},{"taxonomy":"product_cat","embeddable":true,"href":"https:\/\/sezona.lv\/en\/wp-json\/wp\/v2\/product_cat?post=77100"},{"taxonomy":"product_tag","embeddable":true,"href":"https:\/\/sezona.lv\/en\/wp-json\/wp\/v2\/product_tag?post=77100"}],"curies":[{"name":"wp","href":"https:\/\/api.w.org\/{rel}","templated":true}]}}