{"id":77101,"date":"2025-07-14T15:01:11","date_gmt":"2025-07-14T12:01:11","guid":{"rendered":"https:\/\/demo8.ecube.lv\/sezona.lv\/products\/kivere-edelrid-madillo\/"},"modified":"2025-07-14T15:01:11","modified_gmt":"2025-07-14T12:01:11","slug":"kivere-edelrid-madillo","status":"publish","type":"product","link":"https:\/\/sezona.lv\/en\/products\/kivere-edelrid-madillo\/","title":{"rendered":"\u0136ivere Edelrid Madillo"},"content":{"rendered":"<p><span>Iztur\u012bga un kompakta klin&scaron;u k\u0101p&scaron;anas aizsarg\u0137ivere. T\u0101 ir patie&scaron;\u0101m unik\u0101la, pirm\u0101 un vien\u012bg\u0101 pieejam\u0101 savietojam\u0101 aizsarg\u0137ivere &#8211; t\u0101s s\u0101nu malas un aizmugur\u0113jo da\u013cu iesp\u0113jams savietot \u0137iveres aug&scaron;da\u013c\u0101, t\u0101d\u0113j\u0101di samazinot t\u0101s izm\u0113ru par 50%. \u0136iveres \u0101r\u0113j\u0101 \u010daula izgatavota no augstas iztur\u012bbas, nodiluma un triecienu iztur\u012bgas form\u0113tas, tr\u012bs at&scaron;\u0137ir\u012bgu putu materi\u0101lu kombin\u0101cijas &#8211; EPS, EPP un EVA, kas sniedz optim\u0101lu komfortu un dro&scaron;\u012bbu. EPS putu materi\u0101ls izmatots \u0137iveres aug&scaron;da\u013c\u0101, jo tas nodro&scaron;ina lab\u0101ko trieciena absorbciju, s\u0101nu da\u013cas izgatavotas no EVA putu materi\u0101la, kas ir m\u012bkst\u0101ks, nodro&scaron;inot lab\u0101ku un \u0113rt\u0101ku saj\u016btu valk\u0101&scaron;anas laik\u0101. \u0136iveres aizmugur\u0113j\u0101 da\u013ca nosedz kaklu, sniedzot papildus aizsardz\u012bbu. \u0136iveres iek&scaron;pus\u0113 iestr\u0101d\u0101ts no\u0146emams, mazg\u0101jams polster\u0113jums, tai ir piln\u012bb\u0101 regul\u0113jama zoda siksna un 4 iztur\u012bgi stiprin\u0101jumi pieres luktura pievieno&scaron;anai. \u0136iveres izm\u0113rs ir regul\u0113jams no 52 l\u012bdz 62 cm &#8211; to iesp\u0113jams piel\u0101got uzvelkot \u0137iveri galv\u0101 un iespie\u017eot t\u0101s aizmugur\u0113jo da\u013cu uz priek&scaron;u. Revolucion\u0101ra \u0137ivere, par kuru klin&scaron;u k\u0101p\u0113ji un alp\u012bnisti sap\u0146oju&scaron;i jau sen!<\/span><\/p>\n<p>&nbsp;<\/p>\n<ul class=\"item_traits\">\n<li class=\"odd\"><label>Galvas apk\u0101rtm\u0113rs:<\/label><span>52 &#8211; 62 cm<\/span><\/li>\n<li><label>Svars:<\/label><span>390 g<\/span><\/li>\n<\/ul>\n","protected":false},"excerpt":{"rendered":"<p>Iztur\u012bga un kompakta klin&scaron;u k\u0101p&scaron;anas aizsarg\u0137ivere. T\u0101 ir patie&scaron;\u0101m unik\u0101la, pirm\u0101 un vien\u012bg\u0101 pieejam\u0101 savietojam\u0101 aizsarg\u0137ivere &#8211; t\u0101s s\u0101nu malas un aizmugur\u0113jo da\u013cu iesp\u0113jams savietot \u0137iveres aug&scaron;da\u013c\u0101, t\u0101d\u0113j\u0101di samazinot t\u0101s izm\u0113ru par 50%. \u0136iveres \u0101r\u0113j\u0101 \u010daula izgatavota no augstas iztur\u012bbas, nodiluma un triecienu iztur\u012bgas form\u0113tas, tr\u012bs at&scaron;\u0137ir\u012bgu putu materi\u0101lu kombin\u0101cijas &#8211; EPS, EPP un EVA, [&hellip;]<\/p>\n","protected":false},"featured_media":0,"template":"","meta":[],"product_brand":[3348],"product_cat":[4851,4859,4869],"product_tag":[],"class_list":{"0":"post-77101","1":"product","2":"type-product","3":"status-publish","5":"product_brand-edelrid","6":"product_cat-mountaineering-equipment-recreation","7":"product_cat-for-rock-climbing-mountaineering-mountaineering-equipment-recreation","8":"product_cat---for-rock-climbing-mountaineering-mountaineering-equipment-recreation","10":"first","11":"instock","12":"shipping-taxable","13":"purchasable","14":"product-type-simple"},"_links":{"self":[{"href":"https:\/\/sezona.lv\/en\/wp-json\/wp\/v2\/product\/77101","targetHints":{"allow":["GET"]}}],"collection":[{"href":"https:\/\/sezona.lv\/en\/wp-json\/wp\/v2\/product"}],"about":[{"href":"https:\/\/sezona.lv\/en\/wp-json\/wp\/v2\/types\/product"}],"wp:attachment":[{"href":"https:\/\/sezona.lv\/en\/wp-json\/wp\/v2\/media?parent=77101"}],"wp:term":[{"taxonomy":"product_brand","embeddable":true,"href":"https:\/\/sezona.lv\/en\/wp-json\/wp\/v2\/product_brand?post=77101"},{"taxonomy":"product_cat","embeddable":true,"href":"https:\/\/sezona.lv\/en\/wp-json\/wp\/v2\/product_cat?post=77101"},{"taxonomy":"product_tag","embeddable":true,"href":"https:\/\/sezona.lv\/en\/wp-json\/wp\/v2\/product_tag?post=77101"}],"curies":[{"name":"wp","href":"https:\/\/api.w.org\/{rel}","templated":true}]}}