{"id":77102,"date":"2025-07-14T15:01:12","date_gmt":"2025-07-14T12:01:12","guid":{"rendered":"https:\/\/demo8.ecube.lv\/sezona.lv\/products\/sistema-petzl-pandion\/"},"modified":"2025-07-14T15:01:12","modified_gmt":"2025-07-14T12:01:12","slug":"sistema-petzl-pandion","status":"publish","type":"product","link":"https:\/\/sezona.lv\/en\/products\/sistema-petzl-pandion\/","title":{"rendered":"Sist\u0113ma Petzl Pandion"},"content":{"rendered":"<p><span>Vienk\u0101r&scaron;a, regul\u0113jama b\u0101zes k\u0101p&scaron;anas sist\u0113ma ar ekip\u0113juma cilp\u0101m, kas piem\u0113rota k\u0101p&scaron;anas sien\u0101m, led\u0101ju &scaron;\u0137\u0113rso&scaron;anai, piedz\u012bvojumu sac\u012bkst\u0113m. Ide\u0101li piem\u0113rota k\u0101p&scaron;anas sporta ies\u0101c\u0113jiem. Regul\u0113jamas k\u0101ju cilpas \u013cauj sist\u0113mu piel\u0101got individu\u0101l\u0101m vajadz\u012bb\u0101m.<\/span><br \/><span>DoubleBack aizdares spr\u0101dzes \u013cauj regul\u0101ciju veikt \u0113rti un \u0101tri, k\u0101 ar\u012b pal\u012bdz izvair\u012bties no nepareiz\u0101m darb\u012bb\u0101m. Stiprin\u0101ts Dyneema centr\u0101lais stiprin\u0101juma punkts. Apr\u012bkota ar no\u0146emam\u0101m, elast\u012bg\u0101k k\u0101ju siksn\u0101m aizmugur\u0113. K\u0101ju cilpas un gurnu josta izgatavota kr\u0101su kodos, lai atvieglotu sist\u0113mas uzvilk&scaron;anu.<\/span><br \/><span>Materi\u0101ls: Poliestera un Dyneema stiprin\u0101juma punkti, p\u0101r\u0113j\u0101s neilona auduma da\u013cas.<\/span><br \/><span>Sertific\u0113ts: CE, EN 12277 tips C, UIAA 105<\/span><\/p>\n<p>&nbsp;<\/p>\n<ul class=\"item_traits\">\n<li class=\"odd\"><label>Ekip\u0113juma cilpas:<\/label><span>1<\/span><\/li>\n<li><label>K\u0101ju apk\u0101rtm\u0113rs:<\/label><span>&lt; 67 cm<\/span><\/li>\n<li class=\"odd\"><label>Stiprin\u0101juma punkts v\u0113dera:<\/label><span>ir<\/span><\/li>\n<li><label>Viduk\u013ca apk\u0101rtm\u0113rs:<\/label><span>60 &#8211; 101 cm<\/span><\/li>\n<li class=\"odd\"><label>Svars:<\/label><span>400 g<\/span><\/li>\n<\/ul>\n","protected":false},"excerpt":{"rendered":"<p>Vienk\u0101r&scaron;a, regul\u0113jama b\u0101zes k\u0101p&scaron;anas sist\u0113ma ar ekip\u0113juma cilp\u0101m, kas piem\u0113rota k\u0101p&scaron;anas sien\u0101m, led\u0101ju &scaron;\u0137\u0113rso&scaron;anai, piedz\u012bvojumu sac\u012bkst\u0113m. Ide\u0101li piem\u0113rota k\u0101p&scaron;anas sporta ies\u0101c\u0113jiem. Regul\u0113jamas k\u0101ju cilpas \u013cauj sist\u0113mu piel\u0101got individu\u0101l\u0101m vajadz\u012bb\u0101m.DoubleBack aizdares spr\u0101dzes \u013cauj regul\u0101ciju veikt \u0113rti un \u0101tri, k\u0101 ar\u012b pal\u012bdz izvair\u012bties no nepareiz\u0101m darb\u012bb\u0101m. Stiprin\u0101ts Dyneema centr\u0101lais stiprin\u0101juma punkts. Apr\u012bkota ar no\u0146emam\u0101m, elast\u012bg\u0101k k\u0101ju siksn\u0101m [&hellip;]<\/p>\n","protected":false},"featured_media":0,"template":"","meta":[],"product_brand":[957],"product_cat":[4851,4859,4862],"product_tag":[],"class_list":{"0":"post-77102","1":"product","2":"type-product","3":"status-publish","5":"product_brand-petzl","6":"product_cat-mountaineering-equipment-recreation","7":"product_cat-for-rock-climbing-mountaineering-mountaineering-equipment-recreation","8":"product_cat-harnesses-systems-for-rock-climbing-mountaineering-mountaineering-equipment-recreation","10":"first","11":"instock","12":"shipping-taxable","13":"purchasable","14":"product-type-simple"},"_links":{"self":[{"href":"https:\/\/sezona.lv\/en\/wp-json\/wp\/v2\/product\/77102","targetHints":{"allow":["GET"]}}],"collection":[{"href":"https:\/\/sezona.lv\/en\/wp-json\/wp\/v2\/product"}],"about":[{"href":"https:\/\/sezona.lv\/en\/wp-json\/wp\/v2\/types\/product"}],"wp:attachment":[{"href":"https:\/\/sezona.lv\/en\/wp-json\/wp\/v2\/media?parent=77102"}],"wp:term":[{"taxonomy":"product_brand","embeddable":true,"href":"https:\/\/sezona.lv\/en\/wp-json\/wp\/v2\/product_brand?post=77102"},{"taxonomy":"product_cat","embeddable":true,"href":"https:\/\/sezona.lv\/en\/wp-json\/wp\/v2\/product_cat?post=77102"},{"taxonomy":"product_tag","embeddable":true,"href":"https:\/\/sezona.lv\/en\/wp-json\/wp\/v2\/product_tag?post=77102"}],"curies":[{"name":"wp","href":"https:\/\/api.w.org\/{rel}","templated":true}]}}