{"id":77103,"date":"2025-07-14T15:01:13","date_gmt":"2025-07-14T12:01:13","guid":{"rendered":"https:\/\/demo8.ecube.lv\/sezona.lv\/products\/sistema-petzl-ouistiti\/"},"modified":"2025-07-14T15:01:13","modified_gmt":"2025-07-14T12:01:13","slug":"sistema-petzl-ouistiti","status":"publish","type":"product","link":"https:\/\/sezona.lv\/en\/products\/sistema-petzl-ouistiti\/","title":{"rendered":"Sist\u0113ma Petzl Ouistiti"},"content":{"rendered":"<p><span>Sist\u0113ma b\u0113rniem l\u012bdz 30 kg (4 &#8211; 9 gadi). Apr\u012bkota ar div\u0101m DoubleBack spr\u0101dz\u0113m, kuras novietotas sist\u0113mas aizmugur\u0113, lai nodro&scaron;in\u0101tu to nepieejam\u012bbu mazajam valk\u0101t\u0101jam. Dal\u012btais kr\u0101sojums atvieglo sist\u0113mas uzvilk&scaron;anu. Sertific\u0113ta: CE, EN 12 277 type B, UIAA 105.<\/span><\/p>\n<p>&nbsp;<\/p>\n<ul class=\"item_traits\">\n<li class=\"odd\"><label>Augums:<\/label><span>45-60 cm<\/span><\/li>\n<li><label>K\u0101ju apk\u0101rtm\u0113rs:<\/label><span>&lt; 51 cm<\/span><\/li>\n<li class=\"odd\"><label>Stiprin\u0101juma punkts kr\u016b&scaron;u:<\/label><span>ir<\/span><\/li>\n<li><label>Svars:<\/label><span>350 g<\/span><\/li>\n<\/ul>\n","protected":false},"excerpt":{"rendered":"<p>Sist\u0113ma b\u0113rniem l\u012bdz 30 kg (4 &#8211; 9 gadi). Apr\u012bkota ar div\u0101m DoubleBack spr\u0101dz\u0113m, kuras novietotas sist\u0113mas aizmugur\u0113, lai nodro&scaron;in\u0101tu to nepieejam\u012bbu mazajam valk\u0101t\u0101jam. Dal\u012btais kr\u0101sojums atvieglo sist\u0113mas uzvilk&scaron;anu. Sertific\u0113ta: CE, EN 12 277 type B, UIAA 105. &nbsp; Augums:45-60 cm K\u0101ju apk\u0101rtm\u0113rs:&lt; 51 cm Stiprin\u0101juma punkts kr\u016b&scaron;u:ir Svars:350 g<\/p>\n","protected":false},"featured_media":0,"template":"","meta":[],"product_brand":[957],"product_cat":[4851,4859,4862],"product_tag":[],"class_list":{"0":"post-77103","1":"product","2":"type-product","3":"status-publish","5":"product_brand-petzl","6":"product_cat-mountaineering-equipment-recreation","7":"product_cat-for-rock-climbing-mountaineering-mountaineering-equipment-recreation","8":"product_cat-harnesses-systems-for-rock-climbing-mountaineering-mountaineering-equipment-recreation","10":"first","11":"instock","12":"shipping-taxable","13":"purchasable","14":"product-type-simple"},"_links":{"self":[{"href":"https:\/\/sezona.lv\/en\/wp-json\/wp\/v2\/product\/77103","targetHints":{"allow":["GET"]}}],"collection":[{"href":"https:\/\/sezona.lv\/en\/wp-json\/wp\/v2\/product"}],"about":[{"href":"https:\/\/sezona.lv\/en\/wp-json\/wp\/v2\/types\/product"}],"wp:attachment":[{"href":"https:\/\/sezona.lv\/en\/wp-json\/wp\/v2\/media?parent=77103"}],"wp:term":[{"taxonomy":"product_brand","embeddable":true,"href":"https:\/\/sezona.lv\/en\/wp-json\/wp\/v2\/product_brand?post=77103"},{"taxonomy":"product_cat","embeddable":true,"href":"https:\/\/sezona.lv\/en\/wp-json\/wp\/v2\/product_cat?post=77103"},{"taxonomy":"product_tag","embeddable":true,"href":"https:\/\/sezona.lv\/en\/wp-json\/wp\/v2\/product_tag?post=77103"}],"curies":[{"name":"wp","href":"https:\/\/api.w.org\/{rel}","templated":true}]}}