{"id":77104,"date":"2025-07-14T15:01:13","date_gmt":"2025-07-14T12:01:13","guid":{"rendered":"https:\/\/demo8.ecube.lv\/sezona.lv\/products\/sistema-petzl-simba\/"},"modified":"2025-07-14T15:01:13","modified_gmt":"2025-07-14T12:01:13","slug":"sistema-petzl-simba","status":"publish","type":"product","link":"https:\/\/sezona.lv\/en\/products\/sistema-petzl-simba\/","title":{"rendered":"Sist\u0113ma Petzl Simba"},"content":{"rendered":"<p><span>Pilna \u0137erme\u0146a sist\u0113ma, piem\u0113rota b\u0113rniem no 5 l\u012bdz 10 gadu vecumam. Pie\u013caujamais svars: ne vair\u0101k k\u0101 40 kg. Sist\u0113ma ir piln\u012bb\u0101 piel\u0101gojama; gan plecu siksnas, gan k\u0101ju cilpas. Sist\u0113ma ir viegli uzvelkama, pateicoties du\u0101lajam kr\u0101sojumam. Dubulti stiprin\u0101juma punkti; Double-Back pa&scaron;sl\u0113dzo&scaron;\u0101s spr\u0101dzes.<\/span><br \/><span>Sertifik\u0101cija: CE &#8211; UIAA<\/span><br \/><span>Svars: 390 g<\/span><\/p>\n<p>&nbsp;<\/p>\n<ul class=\"item_traits\">\n<li class=\"odd\"><label>Augums:<\/label><span>35-60 cm<\/span><\/li>\n<li><label>K\u0101ju apk\u0101rtm\u0113rs:<\/label><span>&lt; 51 cm<\/span><\/li>\n<li class=\"odd\"><label>Stiprin\u0101juma punkts kr\u016b&scaron;u:<\/label><span>ir<\/span><\/li>\n<li><label>Svars:<\/label><span>390 g<\/span><\/li>\n<\/ul>\n","protected":false},"excerpt":{"rendered":"<p>Pilna \u0137erme\u0146a sist\u0113ma, piem\u0113rota b\u0113rniem no 5 l\u012bdz 10 gadu vecumam. Pie\u013caujamais svars: ne vair\u0101k k\u0101 40 kg. Sist\u0113ma ir piln\u012bb\u0101 piel\u0101gojama; gan plecu siksnas, gan k\u0101ju cilpas. Sist\u0113ma ir viegli uzvelkama, pateicoties du\u0101lajam kr\u0101sojumam. Dubulti stiprin\u0101juma punkti; Double-Back pa&scaron;sl\u0113dzo&scaron;\u0101s spr\u0101dzes.Sertifik\u0101cija: CE &#8211; UIAASvars: 390 g &nbsp; Augums:35-60 cm K\u0101ju apk\u0101rtm\u0113rs:&lt; 51 cm Stiprin\u0101juma punkts [&hellip;]<\/p>\n","protected":false},"featured_media":0,"template":"","meta":[],"product_brand":[957],"product_cat":[4851,4859,4862],"product_tag":[],"class_list":{"0":"post-77104","1":"product","2":"type-product","3":"status-publish","5":"product_brand-petzl","6":"product_cat-mountaineering-equipment-recreation","7":"product_cat-for-rock-climbing-mountaineering-mountaineering-equipment-recreation","8":"product_cat-harnesses-systems-for-rock-climbing-mountaineering-mountaineering-equipment-recreation","10":"first","11":"instock","12":"shipping-taxable","13":"purchasable","14":"product-type-simple"},"_links":{"self":[{"href":"https:\/\/sezona.lv\/en\/wp-json\/wp\/v2\/product\/77104","targetHints":{"allow":["GET"]}}],"collection":[{"href":"https:\/\/sezona.lv\/en\/wp-json\/wp\/v2\/product"}],"about":[{"href":"https:\/\/sezona.lv\/en\/wp-json\/wp\/v2\/types\/product"}],"wp:attachment":[{"href":"https:\/\/sezona.lv\/en\/wp-json\/wp\/v2\/media?parent=77104"}],"wp:term":[{"taxonomy":"product_brand","embeddable":true,"href":"https:\/\/sezona.lv\/en\/wp-json\/wp\/v2\/product_brand?post=77104"},{"taxonomy":"product_cat","embeddable":true,"href":"https:\/\/sezona.lv\/en\/wp-json\/wp\/v2\/product_cat?post=77104"},{"taxonomy":"product_tag","embeddable":true,"href":"https:\/\/sezona.lv\/en\/wp-json\/wp\/v2\/product_tag?post=77104"}],"curies":[{"name":"wp","href":"https:\/\/api.w.org\/{rel}","templated":true}]}}