{"id":77105,"date":"2025-07-14T15:01:14","date_gmt":"2025-07-14T12:01:14","guid":{"rendered":"https:\/\/demo8.ecube.lv\/sezona.lv\/products\/sistema-petzl-macchu\/"},"modified":"2025-07-14T15:01:14","modified_gmt":"2025-07-14T12:01:14","slug":"sistema-petzl-macchu","status":"publish","type":"product","link":"https:\/\/sezona.lv\/en\/products\/sistema-petzl-macchu\/","title":{"rendered":"Sist\u0113ma Petzl Macchu"},"content":{"rendered":"<p><span>Piel\u0101gojama s\u0113do&scaron;as poz\u012bcijas sist\u0113ma (iekare) b\u0113rniem. Sist\u0113mai ir komfortabla un piel\u0101gojama josta un k\u0101ju cilpas, t\u0101 ide\u0101li piem\u0113rota sporta klin&scaron;u k\u0101p&scaron;anai b\u0113rniem un piel\u0101gojas b\u0113rna att\u012bst\u012bbai treni\u0146u laik\u0101. Pateicoties t\u0101s ENDOFRAME Technology konstrukcijai, t\u0101 nodro&scaron;ina lielisku svara sadal\u012bjumu jostas da\u013c\u0101 un k\u0101ju cilp\u0101s, lai sniegtu liel\u0101ku komfortu &#8211; sist\u0113mai ir dubultas siksnas jost\u0101 un k\u0101ju cilp\u0101s, jostai ir paplatin\u0101tas s\u0101nu da\u013cas. Divas sist\u0113mas priek&scaron;pus\u0113 eso&scaron;\u0101s DoubleBack aizdares spr\u0101dzes \u013cauj veikt sistem\u0101tisku iesie&scaron;an\u0101s punkta centr\u0113&scaron;anu. Piel\u0101gojamas k\u0101ju cilpas, ko iesp\u0113jams \u0113rti regul\u0113t. Divas stingras ekip\u0113juma cilpas priek&scaron;pus\u0113. K\u0101ju cilpas atvienojamas.<\/span><br \/><span>Materi\u0101li: neilons, poliesteris, EVA, poliuret\u0101ns, t\u0113rauds. Sertifik\u0101cija: CE EN 12277 tips C, UIAA.<\/span><\/p>\n<p>&nbsp;<\/p>\n<ul class=\"item_traits\">\n<li class=\"odd\"><label>Ekip\u0113juma cilpas:<\/label><span>2<\/span><\/li>\n<li><label>K\u0101ju apk\u0101rtm\u0113rs:<\/label><span>34-44 cm<\/span><\/li>\n<li class=\"odd\"><label>Viduk\u013ca apk\u0101rtm\u0113rs:<\/label><span>54-64 cm<\/span><\/li>\n<li><label>Svars:<\/label><span>420 g<\/span><\/li>\n<\/ul>\n","protected":false},"excerpt":{"rendered":"<p>Piel\u0101gojama s\u0113do&scaron;as poz\u012bcijas sist\u0113ma (iekare) b\u0113rniem. Sist\u0113mai ir komfortabla un piel\u0101gojama josta un k\u0101ju cilpas, t\u0101 ide\u0101li piem\u0113rota sporta klin&scaron;u k\u0101p&scaron;anai b\u0113rniem un piel\u0101gojas b\u0113rna att\u012bst\u012bbai treni\u0146u laik\u0101. Pateicoties t\u0101s ENDOFRAME Technology konstrukcijai, t\u0101 nodro&scaron;ina lielisku svara sadal\u012bjumu jostas da\u013c\u0101 un k\u0101ju cilp\u0101s, lai sniegtu liel\u0101ku komfortu &#8211; sist\u0113mai ir dubultas siksnas jost\u0101 un k\u0101ju [&hellip;]<\/p>\n","protected":false},"featured_media":0,"template":"","meta":[],"product_brand":[957],"product_cat":[4851,4859,4862],"product_tag":[],"class_list":{"0":"post-77105","1":"product","2":"type-product","3":"status-publish","5":"product_brand-petzl","6":"product_cat-mountaineering-equipment-recreation","7":"product_cat-for-rock-climbing-mountaineering-mountaineering-equipment-recreation","8":"product_cat-harnesses-systems-for-rock-climbing-mountaineering-mountaineering-equipment-recreation","10":"first","11":"instock","12":"shipping-taxable","13":"purchasable","14":"product-type-simple"},"_links":{"self":[{"href":"https:\/\/sezona.lv\/en\/wp-json\/wp\/v2\/product\/77105","targetHints":{"allow":["GET"]}}],"collection":[{"href":"https:\/\/sezona.lv\/en\/wp-json\/wp\/v2\/product"}],"about":[{"href":"https:\/\/sezona.lv\/en\/wp-json\/wp\/v2\/types\/product"}],"wp:attachment":[{"href":"https:\/\/sezona.lv\/en\/wp-json\/wp\/v2\/media?parent=77105"}],"wp:term":[{"taxonomy":"product_brand","embeddable":true,"href":"https:\/\/sezona.lv\/en\/wp-json\/wp\/v2\/product_brand?post=77105"},{"taxonomy":"product_cat","embeddable":true,"href":"https:\/\/sezona.lv\/en\/wp-json\/wp\/v2\/product_cat?post=77105"},{"taxonomy":"product_tag","embeddable":true,"href":"https:\/\/sezona.lv\/en\/wp-json\/wp\/v2\/product_tag?post=77105"}],"curies":[{"name":"wp","href":"https:\/\/api.w.org\/{rel}","templated":true}]}}