{"id":77106,"date":"2025-07-14T15:01:15","date_gmt":"2025-07-14T12:01:15","guid":{"rendered":"https:\/\/demo8.ecube.lv\/sezona.lv\/products\/sistema-singing-rock-bala\/"},"modified":"2025-07-14T15:01:15","modified_gmt":"2025-07-14T12:01:15","slug":"sistema-singing-rock-bala","status":"publish","type":"product","link":"https:\/\/sezona.lv\/en\/products\/sistema-singing-rock-bala\/","title":{"rendered":"Sist\u0113ma Singing Rock Bala"},"content":{"rendered":"<p><span>Komfortabla, piel\u0101gojama piln\u0101 \u0137erme\u0146a sist\u0113ma, kas \u012bpa&scaron;i paredz\u0113ta maz\u0101kajiem k\u0101p\u0113jiem. Viens izm\u0113rs piem\u0113rots b\u0113rniem augum\u0101 no 95 l\u012bdz 125 cm ar maksim\u0101lo svaru 40 kg (37 &#8211; 49 in \/ 88 lb). Priek&scaron;\u0113jais stiprin\u0101juma punkts izgatavots no alum\u012bnija sakaus\u0113juma gredzena, kas nodro&scaron;in\u0101s liel\u0101ku dro&scaron;\u012bbu un iesie&scaron;an\u0101s komfortu (EN 12277 type B), gredzena iek&scaron;\u0113jais\/\u0101r\u0113jais diametrs 28mm\/52mm. Sist\u0113mai ir ar\u012b aizmugur\u0113jais stiprin\u0101juma punkts, lieto&scaron;anai virvju centros un piedz\u012bvojumu parkos (EN 12277 type B). Plat\u0101kas k\u0101ju cilpas un muguras da\u013cas siksnas nodro&scaron;ina maksim\u0101lu atbalstu un komfortu. Piln\u012bb\u0101 regul\u0113jamas k\u0101ju cilpas un plecu lences ar \u010detr\u0101m &#8216;single&#8217; spr\u0101dz\u0113m. Plecu len\u010du regul\u0101cijas spr\u0101dzes novietotas aizmugur\u0113j\u0101 da\u013c\u0101 \u0113rt\u0101kai piel\u0101go&scaron;anai un liel\u0101kai dro&scaron;\u012bbai. Muguras da\u013c\u0101 iestr\u0101d\u0101ts t\u012bkls, lai nov\u0113rstu b\u0113rna izkri&scaron;anu. Sist\u0113ma veidota ergonomisk\u0101 dizain\u0101, lai nodro&scaron;in\u0101tu lab\u0101ko piel\u0101got\u012bbu.<\/span><\/p>\n<p>&nbsp;<\/p>\n<ul class=\"item_traits\">\n<li class=\"odd\"><label>Augums:<\/label><span>95 l\u012bdz 125 cm<\/span><\/li>\n<li><label>Svars:<\/label><span>350 g<\/span><\/li>\n<\/ul>\n","protected":false},"excerpt":{"rendered":"<p>Komfortabla, piel\u0101gojama piln\u0101 \u0137erme\u0146a sist\u0113ma, kas \u012bpa&scaron;i paredz\u0113ta maz\u0101kajiem k\u0101p\u0113jiem. Viens izm\u0113rs piem\u0113rots b\u0113rniem augum\u0101 no 95 l\u012bdz 125 cm ar maksim\u0101lo svaru 40 kg (37 &#8211; 49 in \/ 88 lb). Priek&scaron;\u0113jais stiprin\u0101juma punkts izgatavots no alum\u012bnija sakaus\u0113juma gredzena, kas nodro&scaron;in\u0101s liel\u0101ku dro&scaron;\u012bbu un iesie&scaron;an\u0101s komfortu (EN 12277 type B), gredzena iek&scaron;\u0113jais\/\u0101r\u0113jais diametrs 28mm\/52mm. [&hellip;]<\/p>\n","protected":false},"featured_media":0,"template":"","meta":[],"product_brand":[3350],"product_cat":[4851,4859,4862],"product_tag":[],"class_list":{"0":"post-77106","1":"product","2":"type-product","3":"status-publish","5":"product_brand-singing-rock","6":"product_cat-mountaineering-equipment-recreation","7":"product_cat-for-rock-climbing-mountaineering-mountaineering-equipment-recreation","8":"product_cat-harnesses-systems-for-rock-climbing-mountaineering-mountaineering-equipment-recreation","10":"first","11":"instock","12":"shipping-taxable","13":"purchasable","14":"product-type-simple"},"_links":{"self":[{"href":"https:\/\/sezona.lv\/en\/wp-json\/wp\/v2\/product\/77106","targetHints":{"allow":["GET"]}}],"collection":[{"href":"https:\/\/sezona.lv\/en\/wp-json\/wp\/v2\/product"}],"about":[{"href":"https:\/\/sezona.lv\/en\/wp-json\/wp\/v2\/types\/product"}],"wp:attachment":[{"href":"https:\/\/sezona.lv\/en\/wp-json\/wp\/v2\/media?parent=77106"}],"wp:term":[{"taxonomy":"product_brand","embeddable":true,"href":"https:\/\/sezona.lv\/en\/wp-json\/wp\/v2\/product_brand?post=77106"},{"taxonomy":"product_cat","embeddable":true,"href":"https:\/\/sezona.lv\/en\/wp-json\/wp\/v2\/product_cat?post=77106"},{"taxonomy":"product_tag","embeddable":true,"href":"https:\/\/sezona.lv\/en\/wp-json\/wp\/v2\/product_tag?post=77106"}],"curies":[{"name":"wp","href":"https:\/\/api.w.org\/{rel}","templated":true}]}}