{"id":77107,"date":"2025-07-14T15:01:16","date_gmt":"2025-07-14T12:01:16","guid":{"rendered":"https:\/\/demo8.ecube.lv\/sezona.lv\/products\/sistema-edelrid-jay-ii-l\/"},"modified":"2025-07-14T15:01:16","modified_gmt":"2025-07-14T12:01:16","slug":"sistema-edelrid-jay-ii-l","status":"publish","type":"product","link":"https:\/\/sezona.lv\/en\/products\/sistema-edelrid-jay-ii-l\/","title":{"rendered":"Sist\u0113ma Edelrid Jay II L"},"content":{"rendered":"<p><span>Komfortabla un daudzfunkcion\u0101la sist\u0113ma (iekare) ar regul\u0113jama izm\u0113ra k\u0101ju cilp\u0101m, kas piem\u0113rota visa veida k\u0101p&scaron;anai. Sist\u0113mai ir 3D t\u012bklveida polster\u0113jums, kas nodro&scaron;in\u0101s optim\u0101lu atbalstu un komfortu. Easy Glider spr\u0101dzes ir viegli, \u0113rti un dro&scaron;i piel\u0101gojamas. P\u0101rvietojamais putu polster\u0113jums jost\u0101 \u013cauj centr\u0113t un l\u012bdzin\u0101t iesie&scaron;an\u0101s punktu un \u010detras fiks\u0113t\u0101s ekip\u0113juma cilpas. Abraz\u012bvu boj\u0101jumu aizsargs iesie&scaron;an\u0101s punkt\u0101 papildus iztur\u012bbai. Piel\u0101gojam\u0101s k\u0101ju cilpas ar elast\u012bgu t\u012bklveida materi\u0101lu optim\u0101lai piel\u0101got\u012bbai, elast\u012bbai un kust\u012bbu br\u012bv\u012bbai. \u010cetras asimetriski novietot\u0101s ekip\u0113juma cilpas nodro&scaron;ina perfektu organiz\u0113t\u012bbu.<\/span><\/p>\n<p>&nbsp;<\/p>\n<ul class=\"item_traits\">\n<li class=\"odd\"><label>Ekip\u0113juma cilpas:<\/label><span>4<\/span><\/li>\n<li><label>Stiprin\u0101juma punkts v\u0113dera:<\/label><span>ir<\/span><\/li>\n<li class=\"odd\"><label>Svars:<\/label><span>430 g<\/span><\/li>\n<\/ul>\n","protected":false},"excerpt":{"rendered":"<p>Komfortabla un daudzfunkcion\u0101la sist\u0113ma (iekare) ar regul\u0113jama izm\u0113ra k\u0101ju cilp\u0101m, kas piem\u0113rota visa veida k\u0101p&scaron;anai. Sist\u0113mai ir 3D t\u012bklveida polster\u0113jums, kas nodro&scaron;in\u0101s optim\u0101lu atbalstu un komfortu. Easy Glider spr\u0101dzes ir viegli, \u0113rti un dro&scaron;i piel\u0101gojamas. P\u0101rvietojamais putu polster\u0113jums jost\u0101 \u013cauj centr\u0113t un l\u012bdzin\u0101t iesie&scaron;an\u0101s punktu un \u010detras fiks\u0113t\u0101s ekip\u0113juma cilpas. Abraz\u012bvu boj\u0101jumu aizsargs iesie&scaron;an\u0101s punkt\u0101 [&hellip;]<\/p>\n","protected":false},"featured_media":0,"template":"","meta":[],"product_brand":[3348],"product_cat":[4851,4859,4862],"product_tag":[],"class_list":{"0":"post-77107","1":"product","2":"type-product","3":"status-publish","5":"product_brand-edelrid","6":"product_cat-mountaineering-equipment-recreation","7":"product_cat-for-rock-climbing-mountaineering-mountaineering-equipment-recreation","8":"product_cat-harnesses-systems-for-rock-climbing-mountaineering-mountaineering-equipment-recreation","10":"first","11":"instock","12":"shipping-taxable","13":"purchasable","14":"product-type-simple"},"_links":{"self":[{"href":"https:\/\/sezona.lv\/en\/wp-json\/wp\/v2\/product\/77107","targetHints":{"allow":["GET"]}}],"collection":[{"href":"https:\/\/sezona.lv\/en\/wp-json\/wp\/v2\/product"}],"about":[{"href":"https:\/\/sezona.lv\/en\/wp-json\/wp\/v2\/types\/product"}],"wp:attachment":[{"href":"https:\/\/sezona.lv\/en\/wp-json\/wp\/v2\/media?parent=77107"}],"wp:term":[{"taxonomy":"product_brand","embeddable":true,"href":"https:\/\/sezona.lv\/en\/wp-json\/wp\/v2\/product_brand?post=77107"},{"taxonomy":"product_cat","embeddable":true,"href":"https:\/\/sezona.lv\/en\/wp-json\/wp\/v2\/product_cat?post=77107"},{"taxonomy":"product_tag","embeddable":true,"href":"https:\/\/sezona.lv\/en\/wp-json\/wp\/v2\/product_tag?post=77107"}],"curies":[{"name":"wp","href":"https:\/\/api.w.org\/{rel}","templated":true}]}}