{"id":77110,"date":"2025-07-14T15:01:20","date_gmt":"2025-07-14T12:01:20","guid":{"rendered":"https:\/\/demo8.ecube.lv\/sezona.lv\/products\/sistema-petzl-hirundos-l\/"},"modified":"2025-07-14T15:01:20","modified_gmt":"2025-07-14T12:01:20","slug":"sistema-petzl-hirundos-l","status":"publish","type":"product","link":"https:\/\/sezona.lv\/en\/products\/sistema-petzl-hirundos-l\/","title":{"rendered":"Sist\u0113ma Petzl Hirundos L"},"content":{"rendered":"<p><span>\u012apa&scaron;i viegla sist\u0113ma klin&scaron;u k\u0101p&scaron;anai. T\u0101 izgatavota t\u0101, lai nodro&scaron;in\u0101tu maksim\u0101li labu k\u0101p&scaron;anas izpild\u012bjumu. \u012apa&scaron;i veidota r\u0101mja konstrukcija ar elpojo&scaron;u vien&scaron;\u0137iedras t\u012bklveida materi\u0101lu vienm\u0113r\u012bgi sadala spiedienu un nodro&scaron;ina k\u0101p\u0113jam optim\u0101lu komfortu.&nbsp;<\/span><br \/><span>Fakt\u016br\u0101 veidotais poliestera t\u012bklveida materi\u0101ls sist\u0113mas iek&scaron;pus\u0113 nodro&scaron;ina \u0101tru mitruma uzs\u016bk&scaron;anos un sist\u0113mas iz\u017e\u016b&scaron;anu. Caurumots sl\u0113gtu &scaron;\u016bnu putu pild\u012bjums sist\u0113mas jost\u0101 un k\u0101jas cilp\u0101s palielina elpojo&scaron;\u0101s \u012bpa&scaron;\u012bbas. DoubleBack aizdares spr\u0101dzes ir viegli un \u0101tri regul\u0113jamas. Sist\u0113mai ir stiprin\u0101ts centr\u0101lais dro&scaron;in\u0101&scaron;anas punkts, iztur\u012bgas, iesl\u012bpi veidotas 3D priek&scaron;\u0113j\u0101s ekip\u0113juma cilpas, k\u0101 ar\u012b atkabin\u0101mas, elast\u012bgas k\u0101ju cilpu lences.<\/span><\/p>\n<p>&nbsp;<\/p>\n<ul id=\"traits_18288\" class=\"item_traits\">\n<li class=\"odd\"><label>Kr\u0101sa:<\/label><span>Oran\u017ea<\/span><\/li>\n<li><label>Izm\u0113rs:<\/label><span>L<\/span><\/li>\n<li class=\"odd\"><label>Ekip\u0113juma cilpas:<\/label><span>4<\/span><\/li>\n<li><label>K\u0101ju apk\u0101rtm\u0113rs:<\/label><span>57 &#8211; 62 cm<\/span><\/li>\n<li class=\"odd\"><label>Stiprin\u0101juma punkts v\u0113dera:<\/label><span>ir<\/span><\/li>\n<li><label>Viduk\u013ca apk\u0101rtm\u0113rs:<\/label><span>80 &#8211; 94 cm<\/span><\/li>\n<li class=\"odd\"><label>Svars:<\/label><span>320 g<\/span><\/li>\n<\/ul>\n","protected":false},"excerpt":{"rendered":"<p>\u012apa&scaron;i viegla sist\u0113ma klin&scaron;u k\u0101p&scaron;anai. T\u0101 izgatavota t\u0101, lai nodro&scaron;in\u0101tu maksim\u0101li labu k\u0101p&scaron;anas izpild\u012bjumu. \u012apa&scaron;i veidota r\u0101mja konstrukcija ar elpojo&scaron;u vien&scaron;\u0137iedras t\u012bklveida materi\u0101lu vienm\u0113r\u012bgi sadala spiedienu un nodro&scaron;ina k\u0101p\u0113jam optim\u0101lu komfortu.&nbsp;Fakt\u016br\u0101 veidotais poliestera t\u012bklveida materi\u0101ls sist\u0113mas iek&scaron;pus\u0113 nodro&scaron;ina \u0101tru mitruma uzs\u016bk&scaron;anos un sist\u0113mas iz\u017e\u016b&scaron;anu. Caurumots sl\u0113gtu &scaron;\u016bnu putu pild\u012bjums sist\u0113mas jost\u0101 un k\u0101jas cilp\u0101s palielina [&hellip;]<\/p>\n","protected":false},"featured_media":0,"template":"","meta":[],"product_brand":[957],"product_cat":[4851,4859,4862],"product_tag":[],"class_list":{"0":"post-77110","1":"product","2":"type-product","3":"status-publish","5":"product_brand-petzl","6":"product_cat-mountaineering-equipment-recreation","7":"product_cat-for-rock-climbing-mountaineering-mountaineering-equipment-recreation","8":"product_cat-harnesses-systems-for-rock-climbing-mountaineering-mountaineering-equipment-recreation","10":"first","11":"instock","12":"shipping-taxable","13":"purchasable","14":"product-type-simple"},"_links":{"self":[{"href":"https:\/\/sezona.lv\/en\/wp-json\/wp\/v2\/product\/77110","targetHints":{"allow":["GET"]}}],"collection":[{"href":"https:\/\/sezona.lv\/en\/wp-json\/wp\/v2\/product"}],"about":[{"href":"https:\/\/sezona.lv\/en\/wp-json\/wp\/v2\/types\/product"}],"wp:attachment":[{"href":"https:\/\/sezona.lv\/en\/wp-json\/wp\/v2\/media?parent=77110"}],"wp:term":[{"taxonomy":"product_brand","embeddable":true,"href":"https:\/\/sezona.lv\/en\/wp-json\/wp\/v2\/product_brand?post=77110"},{"taxonomy":"product_cat","embeddable":true,"href":"https:\/\/sezona.lv\/en\/wp-json\/wp\/v2\/product_cat?post=77110"},{"taxonomy":"product_tag","embeddable":true,"href":"https:\/\/sezona.lv\/en\/wp-json\/wp\/v2\/product_tag?post=77110"}],"curies":[{"name":"wp","href":"https:\/\/api.w.org\/{rel}","templated":true}]}}