{"id":77111,"date":"2025-07-14T15:01:21","date_gmt":"2025-07-14T12:01:21","guid":{"rendered":"https:\/\/demo8.ecube.lv\/sezona.lv\/products\/sistema-singing-rock-dome\/"},"modified":"2025-07-14T15:01:21","modified_gmt":"2025-07-14T12:01:21","slug":"sistema-singing-rock-dome","status":"publish","type":"product","link":"https:\/\/sezona.lv\/en\/products\/sistema-singing-rock-dome\/","title":{"rendered":"Sist\u0113ma Singing Rock Dome"},"content":{"rendered":"<p><span>Dome ir \u0113rta sporta k\u0101p&scaron;anas sist\u0113ma (iekare) &#8216;lielaj\u0101m sien\u0101m&#8217;, piem\u0113rota atbalsta k\u0101p&scaron;anai.<\/span><br \/><span>Ergonomiski veidotais polster\u0113jums nodro&scaron;ina maksim\u0101lu atbalstu un komfortu.<\/span><br \/><span>Septi\u0146as ekip\u0113juma cilpas ar slodzes iztur\u012bbu 5 kg, aizmugur\u0113 vilk&scaron;anas cilpa ar slodzes iztur\u012bbu 10 kg, divu at&scaron;\u0137ir\u012bgu kr\u0101su dro&scaron;in\u0101&scaron;anas cilpa iesie&scaron;an\u0101s\/stiprin\u0101&scaron;ana punktiem, iztur\u012bba 15 kN, divas atveres papildus karab\u012bn\u0113m Porter ekip\u0113juma nostiprin\u0101&scaron;anai, pastiprin\u0101ts iesie&scaron;an\u0101s punkts.<\/span><br \/><span>K\u0101ju cilpas piel\u0101gojamas, Rock&amp;Lock spr\u0101dzes \u013cauj uzvilkt un novilkt sist\u0113mu, neno\u0146emot sl\u0113pes vai dzelk&scaron;\u0146us.<\/span><br \/><span>Sertifik\u0101cija: EN 12277, CE 1019, UIAA<\/span><\/p>\n<p>&nbsp;<\/p>\n<table id=\"item-table\" class=\"dynamic-table specific\" border=\"0\">\n<tbody>\n<tr>\n<td>Pielietojums<\/td>\n<td>Sportam<\/td>\n<\/tr>\n<tr>\n<td>Veids<\/td>\n<td>Apak&scaron;\u0113j\u0101 da\u013ca<\/td>\n<\/tr>\n<tr>\n<td>Viduk\u013ca apk\u0101rtm\u0113rs<\/td>\n<td>S: 65 &ndash; 80 cm<br \/>M\/L: 75 &ndash; 90 cm<br \/>XL: 85 &ndash; 100 cm<\/td>\n<\/tr>\n<tr>\n<td>K\u0101ju apk\u0101rtm\u0113rs<\/td>\n<td>S: 50 &ndash; 59 cm<br \/>M\/L: 55 &#8211; 64 cm<br \/>XL: 60 &#8211; 69 cm<\/td>\n<\/tr>\n<tr>\n<td>Svars<\/td>\n<td>0.626 kg<\/td>\n<\/tr>\n<tr>\n<td>Katalogu numuri<\/td>\n<td>C5080SS03, C5080SS05<\/td>\n<\/tr>\n<\/tbody>\n<\/table>\n<ul id=\"traits_47248\" class=\"item_traits\">\n<\/ul>\n","protected":false},"excerpt":{"rendered":"<p>Dome ir \u0113rta sporta k\u0101p&scaron;anas sist\u0113ma (iekare) &#8216;lielaj\u0101m sien\u0101m&#8217;, piem\u0113rota atbalsta k\u0101p&scaron;anai.Ergonomiski veidotais polster\u0113jums nodro&scaron;ina maksim\u0101lu atbalstu un komfortu.Septi\u0146as ekip\u0113juma cilpas ar slodzes iztur\u012bbu 5 kg, aizmugur\u0113 vilk&scaron;anas cilpa ar slodzes iztur\u012bbu 10 kg, divu at&scaron;\u0137ir\u012bgu kr\u0101su dro&scaron;in\u0101&scaron;anas cilpa iesie&scaron;an\u0101s\/stiprin\u0101&scaron;ana punktiem, iztur\u012bba 15 kN, divas atveres papildus karab\u012bn\u0113m Porter ekip\u0113juma nostiprin\u0101&scaron;anai, pastiprin\u0101ts iesie&scaron;an\u0101s punkts.K\u0101ju cilpas [&hellip;]<\/p>\n","protected":false},"featured_media":0,"template":"","meta":[],"product_brand":[3350],"product_cat":[4640,4851,4859,4862],"product_tag":[],"class_list":{"0":"post-77111","1":"product","2":"type-product","3":"status-publish","5":"product_brand-singing-rock","6":"product_cat-recreation","7":"product_cat-mountaineering-equipment-recreation","8":"product_cat-for-rock-climbing-mountaineering-mountaineering-equipment-recreation","9":"product_cat-harnesses-systems-for-rock-climbing-mountaineering-mountaineering-equipment-recreation","11":"first","12":"instock","13":"shipping-taxable","14":"purchasable","15":"product-type-simple"},"_links":{"self":[{"href":"https:\/\/sezona.lv\/en\/wp-json\/wp\/v2\/product\/77111","targetHints":{"allow":["GET"]}}],"collection":[{"href":"https:\/\/sezona.lv\/en\/wp-json\/wp\/v2\/product"}],"about":[{"href":"https:\/\/sezona.lv\/en\/wp-json\/wp\/v2\/types\/product"}],"wp:attachment":[{"href":"https:\/\/sezona.lv\/en\/wp-json\/wp\/v2\/media?parent=77111"}],"wp:term":[{"taxonomy":"product_brand","embeddable":true,"href":"https:\/\/sezona.lv\/en\/wp-json\/wp\/v2\/product_brand?post=77111"},{"taxonomy":"product_cat","embeddable":true,"href":"https:\/\/sezona.lv\/en\/wp-json\/wp\/v2\/product_cat?post=77111"},{"taxonomy":"product_tag","embeddable":true,"href":"https:\/\/sezona.lv\/en\/wp-json\/wp\/v2\/product_tag?post=77111"}],"curies":[{"name":"wp","href":"https:\/\/api.w.org\/{rel}","templated":true}]}}