{"id":77112,"date":"2025-07-14T15:01:22","date_gmt":"2025-07-14T12:01:22","guid":{"rendered":"https:\/\/demo8.ecube.lv\/sezona.lv\/products\/sistema-petzl-luna-c35at-xs\/"},"modified":"2025-07-14T15:01:22","modified_gmt":"2025-07-14T12:01:22","slug":"sistema-petzl-luna-c35at-xs","status":"publish","type":"product","link":"https:\/\/sezona.lv\/en\/products\/sistema-petzl-luna-c35at-xs\/","title":{"rendered":"Sist\u0113ma Petzl Luna C35AT XS"},"content":{"rendered":"<p><span>Komfortabla, \u012bpa&scaron;i sieviet\u0113m rad\u012bta k\u0101p&scaron;anas sist\u0113ma, kas lieliski piem\u0113rota klin&scaron;u k\u0101p&scaron;anai, alp\u012bnismam un ledus k\u0101p&scaron;anai. Pateicoties t\u0101s ENDOFRAME Technology konstrukcijai, t\u0101 nodro&scaron;ina lielisku svara sadal\u012bjumu jostas da\u013c\u0101 un k\u0101ju cilp\u0101s, lai sniegtu liel\u0101ku komfortu &#8211; sist\u0113mai ir dubultas siksnas jost\u0101 un k\u0101ju cilp\u0101s, jostai ir paplatin\u0101tas s\u0101nu da\u013cas. DoubleBack Light aizdares spr\u0101dzes jost\u0101 un k\u0101ju cilp\u0101s nodro&scaron;ina \u0101tru un vieglu piel\u0101go&scaron;anu. Iesie&scaron;an\u0101s punkti izgatavoti no augstas iztur\u012bbas polietil\u0113na materi\u0101la, lai uzlabotu iztur\u012bbu pret virves berzi, turkl\u0101t uz apak&scaron;\u0113j\u0101 &#8217;tilti\u0146a&#8217; ir sarkanas kr\u0101sas &#8216;nolietojuma&#8217; indikators, kas \u013caus viegli identific\u0113t br\u012bdi, kad sist\u0113mas lieto&scaron;ana j\u0101p\u0101rtrauc. Piel\u0101gojam\u0101s k\u0101ju cilpas \u013cauj sist\u0113mu uzvilkt, valk\u0101jot sl\u0113po&scaron;anas vai alp\u012bnisma z\u0101bakus, k\u0101 ar\u012b piel\u0101got to izm\u0113ru da\u017e\u0101diem ap\u0123\u0113rba sl\u0101\u0146u daudzumiem.&nbsp;<\/span><br \/><span>Sist\u0113mai ir \u010detras ekip\u0113juma cilpas &#8211; divas stingras priek&scaron;pus\u0113, divas elast\u012bgas aizmugur\u0113. Sist\u0113mai ir divas &#8216;atveres&#8217; Caritool instrumentu tur\u0113t\u0101jiem.<\/span><\/p>\n<p><span>Materi\u0101ls: Neilons, poliesteris, EVA, poliuret\u0101ns, alum\u012bnijs, augstas iztur\u012bbas polietil\u0113ns.<\/span><br \/><span>Sertifik\u0101cija: CE EN 12277 tips C, UIAA.<\/span><\/p>\n<p>&nbsp;<\/p>\n<ul id=\"traits_46270\" class=\"item_traits\">\n<li class=\"odd\"><label>Kr\u0101sa:<\/label><span>Zila<\/span><\/li>\n<li><label>Izm\u0113rs:<\/label><span>XS<\/span><\/li>\n<li class=\"odd\"><label>Ekip\u0113juma cilpas:<\/label><span>4<\/span><\/li>\n<li><label>K\u0101ju apk\u0101rtm\u0113rs:<\/label><span>46-56 cm<\/span><\/li>\n<li class=\"odd\"><label>Viduk\u013ca apk\u0101rtm\u0113rs:<\/label><span>65-71 cm<\/span><\/li>\n<li><label>Svars:<\/label><span>360 g<\/span><\/li>\n<\/ul>\n","protected":false},"excerpt":{"rendered":"<p>Komfortabla, \u012bpa&scaron;i sieviet\u0113m rad\u012bta k\u0101p&scaron;anas sist\u0113ma, kas lieliski piem\u0113rota klin&scaron;u k\u0101p&scaron;anai, alp\u012bnismam un ledus k\u0101p&scaron;anai. Pateicoties t\u0101s ENDOFRAME Technology konstrukcijai, t\u0101 nodro&scaron;ina lielisku svara sadal\u012bjumu jostas da\u013c\u0101 un k\u0101ju cilp\u0101s, lai sniegtu liel\u0101ku komfortu &#8211; sist\u0113mai ir dubultas siksnas jost\u0101 un k\u0101ju cilp\u0101s, jostai ir paplatin\u0101tas s\u0101nu da\u013cas. DoubleBack Light aizdares spr\u0101dzes jost\u0101 un k\u0101ju [&hellip;]<\/p>\n","protected":false},"featured_media":0,"template":"","meta":[],"product_brand":[957],"product_cat":[4851,4859,4862],"product_tag":[],"class_list":{"0":"post-77112","1":"product","2":"type-product","3":"status-publish","5":"product_brand-petzl","6":"product_cat-mountaineering-equipment-recreation","7":"product_cat-for-rock-climbing-mountaineering-mountaineering-equipment-recreation","8":"product_cat-harnesses-systems-for-rock-climbing-mountaineering-mountaineering-equipment-recreation","10":"first","11":"instock","12":"shipping-taxable","13":"purchasable","14":"product-type-simple"},"_links":{"self":[{"href":"https:\/\/sezona.lv\/en\/wp-json\/wp\/v2\/product\/77112","targetHints":{"allow":["GET"]}}],"collection":[{"href":"https:\/\/sezona.lv\/en\/wp-json\/wp\/v2\/product"}],"about":[{"href":"https:\/\/sezona.lv\/en\/wp-json\/wp\/v2\/types\/product"}],"wp:attachment":[{"href":"https:\/\/sezona.lv\/en\/wp-json\/wp\/v2\/media?parent=77112"}],"wp:term":[{"taxonomy":"product_brand","embeddable":true,"href":"https:\/\/sezona.lv\/en\/wp-json\/wp\/v2\/product_brand?post=77112"},{"taxonomy":"product_cat","embeddable":true,"href":"https:\/\/sezona.lv\/en\/wp-json\/wp\/v2\/product_cat?post=77112"},{"taxonomy":"product_tag","embeddable":true,"href":"https:\/\/sezona.lv\/en\/wp-json\/wp\/v2\/product_tag?post=77112"}],"curies":[{"name":"wp","href":"https:\/\/api.w.org\/{rel}","templated":true}]}}