{"id":77116,"date":"2025-07-14T15:01:26","date_gmt":"2025-07-14T12:01:26","guid":{"rendered":"https:\/\/demo8.ecube.lv\/sezona.lv\/products\/sistema-edelrid-creed-m\/"},"modified":"2025-07-14T15:01:26","modified_gmt":"2025-07-14T12:01:26","slug":"sistema-edelrid-creed-m","status":"publish","type":"product","link":"https:\/\/sezona.lv\/en\/products\/sistema-edelrid-creed-m\/","title":{"rendered":"Sist\u0113ma Edelrid Creed M"},"content":{"rendered":"<p>Viegla alp\u012bnisma sist\u0113ma ar regul\u0113jam\u0101m k\u0101jas cilp\u0101m un lamin\u0113tu konstrukciju. &Scaron;is sist\u0113mas tr\u012bs aizdares spr\u0101d\u017eu dizains \u013cauj &scaron;o sist\u0113mu piln\u012bb\u0101 regul\u0113t un lietot ekstr\u0113mos apst\u0101k\u013cos. Tri-Laminate tehnolo\u0123ijas konstrukcija nodro&scaron;ina perfektu slodzes un spiediena sadali. Sist\u0113ma apr\u012bkota ar Easy-Glider aizdares spr\u0101dz\u0113m, kas ir viegli, \u0101tri un dro&scaron;i regul\u0113jamas. Regul\u0113jamaj\u0101s k\u0101ju cilp\u0101s iestr\u0101d\u0101ti elast\u012bgi t\u012bklveida ielikt\u0146i lab\u0101kam komfortam un elast\u012bbai. E-Turn aizdares sist\u0113ma ir lietotajam komfortabla, dro&scaron;a un vienk\u0101r&scaron;i lietojama. Hytrel&reg;-Protector v\u0113dera stiprin\u0101juma punkta aizsargs samazina berzi, t\u0101d\u0113j\u0101di palielinot sist\u0113mas iztur\u012bbu un dz\u012bves ilgumu. Sist\u0113mai ir \u010detras asimetriski novietotas ekip\u0113juma cilpas un divi stiprin\u0101juma punkti ledus skr\u016bv\u0113m.<\/p>\n<p>&nbsp;<\/p>\n<ul class=\"item_traits\">\n<li class=\"odd\"><label>Ekip\u0113juma cilpas:<\/label>4<\/li>\n<li><label>Stiprin\u0101juma punkts v\u0113dera:<\/label>ir<\/li>\n<li class=\"odd\"><label>Svars:<\/label>380 g<\/li>\n<\/ul>\n","protected":false},"excerpt":{"rendered":"<p>Viegla alp\u012bnisma sist\u0113ma ar regul\u0113jam\u0101m k\u0101jas cilp\u0101m un lamin\u0113tu konstrukciju. &Scaron;is sist\u0113mas tr\u012bs aizdares spr\u0101d\u017eu dizains \u013cauj &scaron;o sist\u0113mu piln\u012bb\u0101 regul\u0113t un lietot ekstr\u0113mos apst\u0101k\u013cos. Tri-Laminate tehnolo\u0123ijas konstrukcija nodro&scaron;ina perfektu slodzes un spiediena sadali. Sist\u0113ma apr\u012bkota ar Easy-Glider aizdares spr\u0101dz\u0113m, kas ir viegli, \u0101tri un dro&scaron;i regul\u0113jamas. Regul\u0113jamaj\u0101s k\u0101ju cilp\u0101s iestr\u0101d\u0101ti elast\u012bgi t\u012bklveida ielikt\u0146i lab\u0101kam [&hellip;]<\/p>\n","protected":false},"featured_media":0,"template":"","meta":[],"product_brand":[3348],"product_cat":[4851,4859,4862],"product_tag":[],"class_list":{"0":"post-77116","1":"product","2":"type-product","3":"status-publish","5":"product_brand-edelrid","6":"product_cat-mountaineering-equipment-recreation","7":"product_cat-for-rock-climbing-mountaineering-mountaineering-equipment-recreation","8":"product_cat-harnesses-systems-for-rock-climbing-mountaineering-mountaineering-equipment-recreation","10":"first","11":"instock","12":"shipping-taxable","13":"purchasable","14":"product-type-simple"},"_links":{"self":[{"href":"https:\/\/sezona.lv\/en\/wp-json\/wp\/v2\/product\/77116","targetHints":{"allow":["GET"]}}],"collection":[{"href":"https:\/\/sezona.lv\/en\/wp-json\/wp\/v2\/product"}],"about":[{"href":"https:\/\/sezona.lv\/en\/wp-json\/wp\/v2\/types\/product"}],"wp:attachment":[{"href":"https:\/\/sezona.lv\/en\/wp-json\/wp\/v2\/media?parent=77116"}],"wp:term":[{"taxonomy":"product_brand","embeddable":true,"href":"https:\/\/sezona.lv\/en\/wp-json\/wp\/v2\/product_brand?post=77116"},{"taxonomy":"product_cat","embeddable":true,"href":"https:\/\/sezona.lv\/en\/wp-json\/wp\/v2\/product_cat?post=77116"},{"taxonomy":"product_tag","embeddable":true,"href":"https:\/\/sezona.lv\/en\/wp-json\/wp\/v2\/product_tag?post=77116"}],"curies":[{"name":"wp","href":"https:\/\/api.w.org\/{rel}","templated":true}]}}