{"id":77118,"date":"2025-07-14T15:01:28","date_gmt":"2025-07-14T12:01:28","guid":{"rendered":"https:\/\/demo8.ecube.lv\/sezona.lv\/products\/sistema-petzl-calidris-1\/"},"modified":"2025-07-14T15:01:28","modified_gmt":"2025-07-14T12:01:28","slug":"sistema-petzl-calidris-1","status":"publish","type":"product","link":"https:\/\/sezona.lv\/en\/products\/sistema-petzl-calidris-1\/","title":{"rendered":"Sist\u0113ma Petzl Calidris 1"},"content":{"rendered":"<p><span>Komfortabla, labi ventil\u0113ta un regul\u0113jama sist\u0113ma, kas piem\u0113rota apst\u0101k\u013ciem, kad sist\u0113m\u0101 j\u0101pavada ilgs periods (piem\u0113ram, gl\u0101b&scaron;anas darbos vai garos k\u0101p&scaron;anas mar&scaron;rutos). Sist\u0113mas plat\u0101 josta un k\u0101jas cilpas nodro&scaron;ina lielisku komfortu. Iesl\u012bpi veidot\u0101 auduma r\u0101mja konstrukcija nodro&scaron;ina vienm\u0113r\u012bgu svara un spiediena sadal\u012bjumu jost\u0101 un k\u0101ju cilp\u0101s. Josta un k\u0101ju cilpas izgatavotas ergonomisk\u0101 form\u0101. Elpojo&scaron;a t\u012bklveida materi\u0101la iek&scaron;puse, caurumots sl\u0113gtu &scaron;\u016bnu putu polster\u0113jums un poliestera 3D mitrumu uzs\u016bco&scaron;s t\u012bklveida materi\u0101ls nodro&scaron;ina lielisku ventil\u0101ciju.&nbsp;<\/span><br \/><span>\u0112rti regul\u0113jamas k\u0101ju cilpas ar DoubleBack spr\u0101dz\u0113m. Divas DoubleBack spr\u0101dzes jostas regul\u0113&scaron;anai. \u010cetras ekip\u0113juma cilpas, divi CARITOOL karab\u012b\u0146u stiprin\u0101&scaron;anas punkti. \u012apa&scaron;i stiprin\u0101ts centr\u0101lais stiprin\u0101juma punkts. Aizmugur\u0113 atvienojamas elast\u012bgas k\u0101ju cilpu siksnas.<\/span><\/p>\n<p>&nbsp;<\/p>\n<ul id=\"traits_3456\" class=\"item_traits\">\n<li class=\"odd\"><label>Kr\u0101sa:<\/label><span>Pel\u0113ka<\/span><\/li>\n<li><label>Izm\u0113rs:<\/label><span>1<\/span><\/li>\n<li class=\"odd\"><label>Ekip\u0113juma cilpas:<\/label><span>4<\/span><\/li>\n<li><label>K\u0101ju apk\u0101rtm\u0113rs:<\/label><span>48-60 cm<\/span><\/li>\n<li class=\"odd\"><label>Stiprin\u0101juma punkts v\u0113dera:<\/label><span>ir<\/span><\/li>\n<li><label>Viduk\u013ca apk\u0101rtm\u0113rs:<\/label><span>65-95 cm<\/span><\/li>\n<li class=\"odd\"><label>Svars:<\/label><span>600 g<\/span><\/li>\n<\/ul>\n","protected":false},"excerpt":{"rendered":"<p>Komfortabla, labi ventil\u0113ta un regul\u0113jama sist\u0113ma, kas piem\u0113rota apst\u0101k\u013ciem, kad sist\u0113m\u0101 j\u0101pavada ilgs periods (piem\u0113ram, gl\u0101b&scaron;anas darbos vai garos k\u0101p&scaron;anas mar&scaron;rutos). Sist\u0113mas plat\u0101 josta un k\u0101jas cilpas nodro&scaron;ina lielisku komfortu. Iesl\u012bpi veidot\u0101 auduma r\u0101mja konstrukcija nodro&scaron;ina vienm\u0113r\u012bgu svara un spiediena sadal\u012bjumu jost\u0101 un k\u0101ju cilp\u0101s. Josta un k\u0101ju cilpas izgatavotas ergonomisk\u0101 form\u0101. Elpojo&scaron;a t\u012bklveida materi\u0101la [&hellip;]<\/p>\n","protected":false},"featured_media":0,"template":"","meta":[],"product_brand":[957],"product_cat":[4851,4859,4862],"product_tag":[],"class_list":{"0":"post-77118","1":"product","2":"type-product","3":"status-publish","5":"product_brand-petzl","6":"product_cat-mountaineering-equipment-recreation","7":"product_cat-for-rock-climbing-mountaineering-mountaineering-equipment-recreation","8":"product_cat-harnesses-systems-for-rock-climbing-mountaineering-mountaineering-equipment-recreation","10":"first","11":"instock","12":"shipping-taxable","13":"purchasable","14":"product-type-simple"},"_links":{"self":[{"href":"https:\/\/sezona.lv\/en\/wp-json\/wp\/v2\/product\/77118","targetHints":{"allow":["GET"]}}],"collection":[{"href":"https:\/\/sezona.lv\/en\/wp-json\/wp\/v2\/product"}],"about":[{"href":"https:\/\/sezona.lv\/en\/wp-json\/wp\/v2\/types\/product"}],"wp:attachment":[{"href":"https:\/\/sezona.lv\/en\/wp-json\/wp\/v2\/media?parent=77118"}],"wp:term":[{"taxonomy":"product_brand","embeddable":true,"href":"https:\/\/sezona.lv\/en\/wp-json\/wp\/v2\/product_brand?post=77118"},{"taxonomy":"product_cat","embeddable":true,"href":"https:\/\/sezona.lv\/en\/wp-json\/wp\/v2\/product_cat?post=77118"},{"taxonomy":"product_tag","embeddable":true,"href":"https:\/\/sezona.lv\/en\/wp-json\/wp\/v2\/product_tag?post=77118"}],"curies":[{"name":"wp","href":"https:\/\/api.w.org\/{rel}","templated":true}]}}