{"id":77120,"date":"2025-07-14T15:01:30","date_gmt":"2025-07-14T12:01:30","guid":{"rendered":"https:\/\/demo8.ecube.lv\/sezona.lv\/products\/sistema-petzl-canyon\/"},"modified":"2025-07-14T15:01:30","modified_gmt":"2025-07-14T12:01:30","slug":"sistema-petzl-canyon","status":"publish","type":"product","link":"https:\/\/sezona.lv\/en\/products\/sistema-petzl-canyon\/","title":{"rendered":"Sist\u0113ma Petzl Canyon"},"content":{"rendered":"<p><label>Vid\u0113jais svars: 0.4 kg<\/label><\/p>\n<p>&nbsp;<\/p>\n<p id=\"item-description\">Iztur\u012bga un komfortabla sist\u0113ma (iekare) kanjoningam. Sist\u0113ma izgatavota no viegliem, iztur\u012bgiem, \u016bdeni neabsorb\u0113jo&scaron;iem un ilgtsp\u0113j\u012bgiem materi\u0101liem, kas nodro&scaron;ina lielisku izpild\u012bjumu tavos \u016bdens piedz\u012bvojumos. No\u0146emamais un aizvietojamais s\u0113\u017eam\u0101s da\u013cas aizsargs pasarg\u0101 hidrot\u0113rpu no abraz\u012bviem boj\u0101jumiem. Plat\u0101 putu polster\u0113juma josta nodro&scaron;ina atbalstu un komfortu. Iesie&scaron;an\u0101s punkti stiprin\u0101ti ar Dyneema materi\u0101lu. Sist\u0113mas josta un k\u0101ju cilpas apr\u012bkotas ar DoubleBack aizdares spr\u0101dz\u0113m, kas nodro&scaron;ina vieglu un \u0101tru regul\u0101ciju. Stiprin\u0101tas ekip\u0113juma cilpas. Materi\u0101li: augstas iztur\u012bbas poliesteris, TPU s\u0113\u017eam\u0101s da\u013cas aizsargs, EVA putas, Dyneema stiprin\u0101ti stiprin\u0101juma punkti. Sertifik\u0101cija: CE, EN 12277 tips C.<\/p>\n","protected":false},"excerpt":{"rendered":"<p>Vid\u0113jais svars: 0.4 kg &nbsp; Iztur\u012bga un komfortabla sist\u0113ma (iekare) kanjoningam. Sist\u0113ma izgatavota no viegliem, iztur\u012bgiem, \u016bdeni neabsorb\u0113jo&scaron;iem un ilgtsp\u0113j\u012bgiem materi\u0101liem, kas nodro&scaron;ina lielisku izpild\u012bjumu tavos \u016bdens piedz\u012bvojumos. No\u0146emamais un aizvietojamais s\u0113\u017eam\u0101s da\u013cas aizsargs pasarg\u0101 hidrot\u0113rpu no abraz\u012bviem boj\u0101jumiem. Plat\u0101 putu polster\u0113juma josta nodro&scaron;ina atbalstu un komfortu. Iesie&scaron;an\u0101s punkti stiprin\u0101ti ar Dyneema materi\u0101lu. Sist\u0113mas josta [&hellip;]<\/p>\n","protected":false},"featured_media":0,"template":"","meta":[],"product_brand":[957],"product_cat":[4851,4859,4862],"product_tag":[],"class_list":{"0":"post-77120","1":"product","2":"type-product","3":"status-publish","5":"product_brand-petzl","6":"product_cat-mountaineering-equipment-recreation","7":"product_cat-for-rock-climbing-mountaineering-mountaineering-equipment-recreation","8":"product_cat-harnesses-systems-for-rock-climbing-mountaineering-mountaineering-equipment-recreation","10":"first","11":"instock","12":"shipping-taxable","13":"purchasable","14":"product-type-simple"},"_links":{"self":[{"href":"https:\/\/sezona.lv\/en\/wp-json\/wp\/v2\/product\/77120","targetHints":{"allow":["GET"]}}],"collection":[{"href":"https:\/\/sezona.lv\/en\/wp-json\/wp\/v2\/product"}],"about":[{"href":"https:\/\/sezona.lv\/en\/wp-json\/wp\/v2\/types\/product"}],"wp:attachment":[{"href":"https:\/\/sezona.lv\/en\/wp-json\/wp\/v2\/media?parent=77120"}],"wp:term":[{"taxonomy":"product_brand","embeddable":true,"href":"https:\/\/sezona.lv\/en\/wp-json\/wp\/v2\/product_brand?post=77120"},{"taxonomy":"product_cat","embeddable":true,"href":"https:\/\/sezona.lv\/en\/wp-json\/wp\/v2\/product_cat?post=77120"},{"taxonomy":"product_tag","embeddable":true,"href":"https:\/\/sezona.lv\/en\/wp-json\/wp\/v2\/product_tag?post=77120"}],"curies":[{"name":"wp","href":"https:\/\/api.w.org\/{rel}","templated":true}]}}