{"id":77121,"date":"2025-07-14T15:01:31","date_gmt":"2025-07-14T12:01:31","guid":{"rendered":"https:\/\/demo8.ecube.lv\/sezona.lv\/products\/sistema-edelrid-orion-m\/"},"modified":"2025-07-14T15:01:31","modified_gmt":"2025-07-14T12:01:31","slug":"sistema-edelrid-orion-m","status":"publish","type":"product","link":"https:\/\/sezona.lv\/en\/products\/sistema-edelrid-orion-m\/","title":{"rendered":"Sist\u0113ma Edelrid Orion M"},"content":{"rendered":"<p><span>\u013boti komfortabla un daudzpus\u012bga sist\u0113ma (iekare) ar 3D-Vent tehnolo\u0123iju un piel\u0101gojam\u0101m k\u0101ju cilp\u0101m. Piem\u0113rota sporta klin&scaron;u k\u0101p&scaron;anai un alp\u012bnismam. 3D-Vent tehnolo\u0123ija nodro&scaron;ina nep\u0101rsp\u0113jamu piel\u0101gojumu un komfortu, pateicoties sist\u0113mas 3D konstrukcijai, kas nodro&scaron;ina vienm\u0113r\u012bgu spiediena sadal\u012bjumu un maksim\u0101lu gaisa caurlaid\u012bbu. 15 mm Slide Block aizdares spr\u0101dzes \u013cauj piln\u012bb\u0101 atv\u0113rt k\u0101ju cilpas, kas \u013cauj to \u0113rti uzvilkt valk\u0101jot dzelk&scaron;\u0146us. 1 Slide Block aizdares spr\u0101dze jost\u0101 pie\u013cauj piln\u012bgu regul\u0101ciju un iesie&scaron;an\u0101s punkta un ekip\u0113juma cilpu centr\u0113&scaron;anu un izl\u012bdzin\u0101&scaron;anu. Iesie&scaron;an\u0101s punkt\u0101 aizsargs papildus iztur\u012bbai pret abraz\u012bviem boj\u0101jumiem. Sist\u0113mai ir 4 asimetriski fiks\u0113tas ekip\u0113juma cilpas un un divas stiprin\u0101juma vietas ledus skr\u016bvju klip&scaron;iem.<\/span><\/p>\n","protected":false},"excerpt":{"rendered":"<p>\u013boti komfortabla un daudzpus\u012bga sist\u0113ma (iekare) ar 3D-Vent tehnolo\u0123iju un piel\u0101gojam\u0101m k\u0101ju cilp\u0101m. Piem\u0113rota sporta klin&scaron;u k\u0101p&scaron;anai un alp\u012bnismam. 3D-Vent tehnolo\u0123ija nodro&scaron;ina nep\u0101rsp\u0113jamu piel\u0101gojumu un komfortu, pateicoties sist\u0113mas 3D konstrukcijai, kas nodro&scaron;ina vienm\u0113r\u012bgu spiediena sadal\u012bjumu un maksim\u0101lu gaisa caurlaid\u012bbu. 15 mm Slide Block aizdares spr\u0101dzes \u013cauj piln\u012bb\u0101 atv\u0113rt k\u0101ju cilpas, kas \u013cauj to \u0113rti uzvilkt [&hellip;]<\/p>\n","protected":false},"featured_media":0,"template":"","meta":[],"product_brand":[3348],"product_cat":[4851,4859,4862],"product_tag":[],"class_list":{"0":"post-77121","1":"product","2":"type-product","3":"status-publish","5":"product_brand-edelrid","6":"product_cat-mountaineering-equipment-recreation","7":"product_cat-for-rock-climbing-mountaineering-mountaineering-equipment-recreation","8":"product_cat-harnesses-systems-for-rock-climbing-mountaineering-mountaineering-equipment-recreation","10":"first","11":"instock","12":"shipping-taxable","13":"purchasable","14":"product-type-simple"},"_links":{"self":[{"href":"https:\/\/sezona.lv\/en\/wp-json\/wp\/v2\/product\/77121","targetHints":{"allow":["GET"]}}],"collection":[{"href":"https:\/\/sezona.lv\/en\/wp-json\/wp\/v2\/product"}],"about":[{"href":"https:\/\/sezona.lv\/en\/wp-json\/wp\/v2\/types\/product"}],"wp:attachment":[{"href":"https:\/\/sezona.lv\/en\/wp-json\/wp\/v2\/media?parent=77121"}],"wp:term":[{"taxonomy":"product_brand","embeddable":true,"href":"https:\/\/sezona.lv\/en\/wp-json\/wp\/v2\/product_brand?post=77121"},{"taxonomy":"product_cat","embeddable":true,"href":"https:\/\/sezona.lv\/en\/wp-json\/wp\/v2\/product_cat?post=77121"},{"taxonomy":"product_tag","embeddable":true,"href":"https:\/\/sezona.lv\/en\/wp-json\/wp\/v2\/product_tag?post=77121"}],"curies":[{"name":"wp","href":"https:\/\/api.w.org\/{rel}","templated":true}]}}