{"id":77125,"date":"2025-07-14T15:01:34","date_gmt":"2025-07-14T12:01:34","guid":{"rendered":"https:\/\/demo8.ecube.lv\/sezona.lv\/products\/sistema-petzl-aquila-c37ag-m\/"},"modified":"2025-07-14T15:01:34","modified_gmt":"2025-07-14T12:01:34","slug":"sistema-petzl-aquila-c37ag-m","status":"publish","type":"product","link":"https:\/\/sezona.lv\/en\/products\/sistema-petzl-aquila-c37ag-m\/","title":{"rendered":"Sist\u0113ma Petzl Aquila C37AG M"},"content":{"rendered":"<p><span>Viegla un komfortabla sist\u0113ma (iekare) ar piel\u0101gojam\u0101m k\u0101ju cilp\u0101m. Pateicoties tam, t\u0101 ir augst\u0101k\u0101s klases modelis, kas ide\u0101li piem\u0113rota tehniskajai un alp\u012bnajai k\u0101p&scaron;anai. Pateicoties FUSEFRAME Technology konstrukcijai, &scaron;\u012b sist\u0113ma veidota smalk\u0101, t\u012br\u0101, viegl\u0101 dizain\u0101, kas nodro&scaron;ina izcilu komfortu, svara sadal\u012bjumu un samazina spiediena punktus. Sist\u0113mai ir kompakta, viegla josta ar pl\u0101nu putu polster\u0113jumu, auduma apvienojums ar putu polster\u0113jumu nodro&scaron;ina liel\u0101ku iztur\u012bbu, \u013coti elast\u012bgie k\u0101ju cilpu stiprin\u0101juma &#8217;tilti&#8217; nodro&scaron;ina daudz komfortabl\u0101ku gan k\u0101p&scaron;anu, gan staig\u0101&scaron;anu, piel\u0101gojam\u0101s k\u0101ju cilpas paliek piel\u0101gotas, neierobe\u017eojot kust\u012bbu.&nbsp;<\/span><br \/><span>DoubleBack HD aizdares spr\u0101dzes, kas nodro&scaron;ina \u0101tru un vieglu sist\u0113mas piel\u0101go&scaron;anu. \u010cetras ekip\u0113juma cilpas &#8211; divas stingras priek&scaron;pus\u0113 un divas elast\u012bgas aizmugur\u0113, divas &#8216;atveres&#8217; Caritool instrumentu tur\u0113t\u0101jiem.&nbsp;<\/span><br \/><span>Izgatavota ar Bluesign materi\u0101liem, kas respekt\u0113 optim\u0101lu resursu produktivit\u0101ti, pat\u0113r\u0113t\u0101ja dro&scaron;\u012bbu, profesion\u0101lo higi\u0113nu un dro&scaron;\u012bbu, gaisa emisijas samazin\u0101&scaron;anu un \u016bdens pies\u0101r\u0146ojumu.&nbsp;<\/span><\/p>\n<p><span>Materi\u0101ls: Neilons, poliesteris, EVA, poliuret\u0101ns, alum\u012bnijs, augstas iztur\u012bbas polietil\u0113ns.<\/span><br \/><span>Sertifik\u0101cija: CE EN 12277 tips C, UIAA.<\/span><\/p>\n<p>&nbsp;<\/p>\n<ul id=\"traits_46273\" class=\"item_traits\">\n<li class=\"odd\"><label>Kr\u0101sa:<\/label><span>Pel\u0113ka<\/span><\/li>\n<li><label>Izm\u0113rs:<\/label><span>M<\/span><\/li>\n<li class=\"odd\"><label>Ekip\u0113juma cilpas:<\/label><span>4<\/span><\/li>\n<li><label>K\u0101ju apk\u0101rtm\u0113rs:<\/label><span>52-62 cm<\/span><\/li>\n<li class=\"odd\"><label>Viduk\u013ca apk\u0101rtm\u0113rs:<\/label><span>77-84 cm<\/span><\/li>\n<li><label>Svars:<\/label><span>350 g<\/span><\/li>\n<\/ul>\n","protected":false},"excerpt":{"rendered":"<p>Viegla un komfortabla sist\u0113ma (iekare) ar piel\u0101gojam\u0101m k\u0101ju cilp\u0101m. Pateicoties tam, t\u0101 ir augst\u0101k\u0101s klases modelis, kas ide\u0101li piem\u0113rota tehniskajai un alp\u012bnajai k\u0101p&scaron;anai. Pateicoties FUSEFRAME Technology konstrukcijai, &scaron;\u012b sist\u0113ma veidota smalk\u0101, t\u012br\u0101, viegl\u0101 dizain\u0101, kas nodro&scaron;ina izcilu komfortu, svara sadal\u012bjumu un samazina spiediena punktus. Sist\u0113mai ir kompakta, viegla josta ar pl\u0101nu putu polster\u0113jumu, auduma apvienojums [&hellip;]<\/p>\n","protected":false},"featured_media":0,"template":"","meta":[],"product_brand":[957],"product_cat":[4851,4859,4862],"product_tag":[],"class_list":{"0":"post-77125","1":"product","2":"type-product","3":"status-publish","5":"product_brand-petzl","6":"product_cat-mountaineering-equipment-recreation","7":"product_cat-for-rock-climbing-mountaineering-mountaineering-equipment-recreation","8":"product_cat-harnesses-systems-for-rock-climbing-mountaineering-mountaineering-equipment-recreation","10":"first","11":"instock","12":"shipping-taxable","13":"purchasable","14":"product-type-simple"},"_links":{"self":[{"href":"https:\/\/sezona.lv\/en\/wp-json\/wp\/v2\/product\/77125","targetHints":{"allow":["GET"]}}],"collection":[{"href":"https:\/\/sezona.lv\/en\/wp-json\/wp\/v2\/product"}],"about":[{"href":"https:\/\/sezona.lv\/en\/wp-json\/wp\/v2\/types\/product"}],"wp:attachment":[{"href":"https:\/\/sezona.lv\/en\/wp-json\/wp\/v2\/media?parent=77125"}],"wp:term":[{"taxonomy":"product_brand","embeddable":true,"href":"https:\/\/sezona.lv\/en\/wp-json\/wp\/v2\/product_brand?post=77125"},{"taxonomy":"product_cat","embeddable":true,"href":"https:\/\/sezona.lv\/en\/wp-json\/wp\/v2\/product_cat?post=77125"},{"taxonomy":"product_tag","embeddable":true,"href":"https:\/\/sezona.lv\/en\/wp-json\/wp\/v2\/product_tag?post=77125"}],"curies":[{"name":"wp","href":"https:\/\/api.w.org\/{rel}","templated":true}]}}