{"id":77126,"date":"2025-07-14T15:01:35","date_gmt":"2025-07-14T12:01:35","guid":{"rendered":"https:\/\/demo8.ecube.lv\/sezona.lv\/products\/stiprinajuma-protektors-petzl-ange-string-s\/"},"modified":"2025-07-14T15:01:35","modified_gmt":"2025-07-14T12:01:35","slug":"stiprinajuma-protektors-petzl-ange-string-s","status":"publish","type":"product","link":"https:\/\/sezona.lv\/en\/products\/stiprinajuma-protektors-petzl-ange-string-s\/","title":{"rendered":"Stiprin\u0101juma protektors Petzl Ange String S"},"content":{"rendered":"<p><span>Uzlika (10 mm), kas pasarg\u0101s cilpu no abraz\u012bviem boj\u0101jumiem notur\u0113s karab\u012bni pareiz\u0101 poz\u012bcij\u0101. Piem\u0113rots 10 mm platuma cilp\u0101m. Materi\u0101ls: Gumija.<\/span><\/p>\n","protected":false},"excerpt":{"rendered":"<p>Uzlika (10 mm), kas pasarg\u0101s cilpu no abraz\u012bviem boj\u0101jumiem notur\u0113s karab\u012bni pareiz\u0101 poz\u012bcij\u0101. Piem\u0113rots 10 mm platuma cilp\u0101m. Materi\u0101ls: Gumija.<\/p>\n","protected":false},"featured_media":0,"template":"","meta":[],"product_brand":[957],"product_cat":[4851,4859,4864],"product_tag":[],"class_list":{"0":"post-77126","1":"product","2":"type-product","3":"status-publish","5":"product_brand-petzl","6":"product_cat-mountaineering-equipment-recreation","7":"product_cat-for-rock-climbing-mountaineering-mountaineering-equipment-recreation","8":"product_cat-carabiners-for-rock-climbing-mountaineering-mountaineering-equipment-recreation","10":"first","11":"instock","12":"shipping-taxable","13":"purchasable","14":"product-type-simple"},"_links":{"self":[{"href":"https:\/\/sezona.lv\/en\/wp-json\/wp\/v2\/product\/77126","targetHints":{"allow":["GET"]}}],"collection":[{"href":"https:\/\/sezona.lv\/en\/wp-json\/wp\/v2\/product"}],"about":[{"href":"https:\/\/sezona.lv\/en\/wp-json\/wp\/v2\/types\/product"}],"wp:attachment":[{"href":"https:\/\/sezona.lv\/en\/wp-json\/wp\/v2\/media?parent=77126"}],"wp:term":[{"taxonomy":"product_brand","embeddable":true,"href":"https:\/\/sezona.lv\/en\/wp-json\/wp\/v2\/product_brand?post=77126"},{"taxonomy":"product_cat","embeddable":true,"href":"https:\/\/sezona.lv\/en\/wp-json\/wp\/v2\/product_cat?post=77126"},{"taxonomy":"product_tag","embeddable":true,"href":"https:\/\/sezona.lv\/en\/wp-json\/wp\/v2\/product_tag?post=77126"}],"curies":[{"name":"wp","href":"https:\/\/api.w.org\/{rel}","templated":true}]}}