{"id":77127,"date":"2025-07-14T15:01:37","date_gmt":"2025-07-14T12:01:37","guid":{"rendered":"https:\/\/demo8.ecube.lv\/sezona.lv\/products\/fiksators-singing-rock-quick-draw-fix\/"},"modified":"2025-07-14T15:01:37","modified_gmt":"2025-07-14T12:01:37","slug":"fiksators-singing-rock-quick-draw-fix","status":"publish","type":"product","link":"https:\/\/sezona.lv\/en\/products\/fiksators-singing-rock-quick-draw-fix\/","title":{"rendered":"Fiksators Singing Rock Quick Draw Fix"},"content":{"rendered":"<p><label>Vid\u0113jais svars: 0.02 kg<\/label><\/p>\n<p id=\"item-description\">Pretsl\u012bdes gumijas fiksators karab\u012bn\u0113m. Iepakojum\u0101 10 gab.<\/p>\n","protected":false},"excerpt":{"rendered":"<p>Vid\u0113jais svars: 0.02 kg Pretsl\u012bdes gumijas fiksators karab\u012bn\u0113m. Iepakojum\u0101 10 gab.<\/p>\n","protected":false},"featured_media":0,"template":"","meta":[],"product_brand":[3350],"product_cat":[4851,4859,4864],"product_tag":[],"class_list":{"0":"post-77127","1":"product","2":"type-product","3":"status-publish","5":"product_brand-singing-rock","6":"product_cat-mountaineering-equipment-recreation","7":"product_cat-for-rock-climbing-mountaineering-mountaineering-equipment-recreation","8":"product_cat-carabiners-for-rock-climbing-mountaineering-mountaineering-equipment-recreation","10":"first","11":"instock","12":"shipping-taxable","13":"purchasable","14":"product-type-simple"},"_links":{"self":[{"href":"https:\/\/sezona.lv\/en\/wp-json\/wp\/v2\/product\/77127","targetHints":{"allow":["GET"]}}],"collection":[{"href":"https:\/\/sezona.lv\/en\/wp-json\/wp\/v2\/product"}],"about":[{"href":"https:\/\/sezona.lv\/en\/wp-json\/wp\/v2\/types\/product"}],"wp:attachment":[{"href":"https:\/\/sezona.lv\/en\/wp-json\/wp\/v2\/media?parent=77127"}],"wp:term":[{"taxonomy":"product_brand","embeddable":true,"href":"https:\/\/sezona.lv\/en\/wp-json\/wp\/v2\/product_brand?post=77127"},{"taxonomy":"product_cat","embeddable":true,"href":"https:\/\/sezona.lv\/en\/wp-json\/wp\/v2\/product_cat?post=77127"},{"taxonomy":"product_tag","embeddable":true,"href":"https:\/\/sezona.lv\/en\/wp-json\/wp\/v2\/product_tag?post=77127"}],"curies":[{"name":"wp","href":"https:\/\/api.w.org\/{rel}","templated":true}]}}