{"id":77128,"date":"2025-07-14T15:01:38","date_gmt":"2025-07-14T12:01:38","guid":{"rendered":"https:\/\/demo8.ecube.lv\/sezona.lv\/products\/stiprinajums-singing-rock-butterfly\/"},"modified":"2025-07-14T15:01:38","modified_gmt":"2025-07-14T12:01:38","slug":"stiprinajums-singing-rock-butterfly","status":"publish","type":"product","link":"https:\/\/sezona.lv\/en\/products\/stiprinajums-singing-rock-butterfly\/","title":{"rendered":"Stiprin\u0101jums Singing Rock Butterfly"},"content":{"rendered":"<p><label>Vid\u0113jais svars: 0.03 kg<\/label><\/p>\n<p>&nbsp;<\/p>\n<p id=\"item-description\">Pretsl\u012bdes gumijas fiksators. Paredz\u0113ts virv\u0113m vai strop\u0113m ar platumu l\u012bdz 20 mm. Noregul\u0113 karab\u012bni pareiz\u0101 st\u0101vokl\u012b. Fiksatora izm\u0113rs 53 x 20 mm.<\/p>\n","protected":false},"excerpt":{"rendered":"<p>Vid\u0113jais svars: 0.03 kg &nbsp; Pretsl\u012bdes gumijas fiksators. Paredz\u0113ts virv\u0113m vai strop\u0113m ar platumu l\u012bdz 20 mm. Noregul\u0113 karab\u012bni pareiz\u0101 st\u0101vokl\u012b. Fiksatora izm\u0113rs 53 x 20 mm.<\/p>\n","protected":false},"featured_media":0,"template":"","meta":[],"product_brand":[3350],"product_cat":[4851,4859,4864],"product_tag":[],"class_list":{"0":"post-77128","1":"product","2":"type-product","3":"status-publish","5":"product_brand-singing-rock","6":"product_cat-mountaineering-equipment-recreation","7":"product_cat-for-rock-climbing-mountaineering-mountaineering-equipment-recreation","8":"product_cat-carabiners-for-rock-climbing-mountaineering-mountaineering-equipment-recreation","10":"first","11":"instock","12":"shipping-taxable","13":"purchasable","14":"product-type-simple"},"_links":{"self":[{"href":"https:\/\/sezona.lv\/en\/wp-json\/wp\/v2\/product\/77128","targetHints":{"allow":["GET"]}}],"collection":[{"href":"https:\/\/sezona.lv\/en\/wp-json\/wp\/v2\/product"}],"about":[{"href":"https:\/\/sezona.lv\/en\/wp-json\/wp\/v2\/types\/product"}],"wp:attachment":[{"href":"https:\/\/sezona.lv\/en\/wp-json\/wp\/v2\/media?parent=77128"}],"wp:term":[{"taxonomy":"product_brand","embeddable":true,"href":"https:\/\/sezona.lv\/en\/wp-json\/wp\/v2\/product_brand?post=77128"},{"taxonomy":"product_cat","embeddable":true,"href":"https:\/\/sezona.lv\/en\/wp-json\/wp\/v2\/product_cat?post=77128"},{"taxonomy":"product_tag","embeddable":true,"href":"https:\/\/sezona.lv\/en\/wp-json\/wp\/v2\/product_tag?post=77128"}],"curies":[{"name":"wp","href":"https:\/\/api.w.org\/{rel}","templated":true}]}}