{"id":77130,"date":"2025-07-14T15:01:40","date_gmt":"2025-07-14T12:01:40","guid":{"rendered":"https:\/\/demo8.ecube.lv\/sezona.lv\/products\/karabine-edelrid-nineteen-g-peleka\/"},"modified":"2025-07-14T15:01:40","modified_gmt":"2025-07-14T12:01:40","slug":"karabine-edelrid-nineteen-g-peleka","status":"publish","type":"product","link":"https:\/\/sezona.lv\/en\/products\/karabine-edelrid-nineteen-g-peleka\/","title":{"rendered":"Karab\u012bne Edelrid Nineteen G pel\u0113ka"},"content":{"rendered":"<p><span>Pasaul\u0113 viegl\u0101k\u0101 karab\u012bne! Karab\u012bnei ir asimetriska, kompakta forma un bezmuftas aizdares sist\u0113ma. T\u0101 izgatavota \u0101rk\u0101rt\u012bgi viegl\u0101 konstrukcij\u0101 no iztur\u012bga alum\u012bnija sakaus\u0113juma ar \u012bpa&scaron;u stiprin\u0101juma apdari. Izm\u0113ri: 78 x 50 mm.<\/span><\/p>\n<p>&nbsp;<\/p>\n<ul class=\"item_traits\">\n<li class=\"odd\"><label>Iztur\u012bba:<\/label>20\/7\/7 kN<\/li>\n<li><label>Muftas atvere:<\/label>17 mm<\/li>\n<li class=\"odd\"><label>Tips:<\/label>Asimetriska<\/li>\n<li><label>Svars:<\/label>20 g<\/li>\n<\/ul>\n","protected":false},"excerpt":{"rendered":"<p>Pasaul\u0113 viegl\u0101k\u0101 karab\u012bne! Karab\u012bnei ir asimetriska, kompakta forma un bezmuftas aizdares sist\u0113ma. T\u0101 izgatavota \u0101rk\u0101rt\u012bgi viegl\u0101 konstrukcij\u0101 no iztur\u012bga alum\u012bnija sakaus\u0113juma ar \u012bpa&scaron;u stiprin\u0101juma apdari. Izm\u0113ri: 78 x 50 mm. &nbsp; Iztur\u012bba:20\/7\/7 kN Muftas atvere:17 mm Tips:Asimetriska Svars:20 g<\/p>\n","protected":false},"featured_media":0,"template":"","meta":[],"product_brand":[3348],"product_cat":[4851,4859,4864],"product_tag":[],"class_list":{"0":"post-77130","1":"product","2":"type-product","3":"status-publish","5":"product_brand-edelrid","6":"product_cat-mountaineering-equipment-recreation","7":"product_cat-for-rock-climbing-mountaineering-mountaineering-equipment-recreation","8":"product_cat-carabiners-for-rock-climbing-mountaineering-mountaineering-equipment-recreation","10":"first","11":"instock","12":"shipping-taxable","13":"purchasable","14":"product-type-simple"},"_links":{"self":[{"href":"https:\/\/sezona.lv\/en\/wp-json\/wp\/v2\/product\/77130","targetHints":{"allow":["GET"]}}],"collection":[{"href":"https:\/\/sezona.lv\/en\/wp-json\/wp\/v2\/product"}],"about":[{"href":"https:\/\/sezona.lv\/en\/wp-json\/wp\/v2\/types\/product"}],"wp:attachment":[{"href":"https:\/\/sezona.lv\/en\/wp-json\/wp\/v2\/media?parent=77130"}],"wp:term":[{"taxonomy":"product_brand","embeddable":true,"href":"https:\/\/sezona.lv\/en\/wp-json\/wp\/v2\/product_brand?post=77130"},{"taxonomy":"product_cat","embeddable":true,"href":"https:\/\/sezona.lv\/en\/wp-json\/wp\/v2\/product_cat?post=77130"},{"taxonomy":"product_tag","embeddable":true,"href":"https:\/\/sezona.lv\/en\/wp-json\/wp\/v2\/product_tag?post=77130"}],"curies":[{"name":"wp","href":"https:\/\/api.w.org\/{rel}","templated":true}]}}