{"id":77131,"date":"2025-07-14T15:01:41","date_gmt":"2025-07-14T12:01:41","guid":{"rendered":"https:\/\/demo8.ecube.lv\/sezona.lv\/products\/karabine-tendon-h-m-s\/"},"modified":"2025-07-14T15:01:41","modified_gmt":"2025-07-14T12:01:41","slug":"karabine-tendon-h-m-s","status":"publish","type":"product","link":"https:\/\/sezona.lv\/en\/products\/karabine-tendon-h-m-s\/","title":{"rendered":"Karab\u012bne Tendon H.M.S."},"content":{"rendered":"<p>Klasiska H.M.S. tipa karab\u012bne. Lieliski piem\u0113rota bremzes mezglam vai nolai&scaron;an\u0101s\/dro&scaron;in\u0101&scaron;anas ier\u012bces piestiprin\u0101&scaron;anai pie sist\u0113mas. Bumbierveida forma mazina iesp\u0113ju karab\u012bnei nost\u0101ties nepareiz\u0101 poz\u012bcij\u0101, trauc\u0113jot nolai&scaron;anos vai citus manevrus.<\/p>\n<ul class=\"item_traits\">\n<li class=\"odd\"><label>Aizdares meh\u0101nisms:<\/label>SCREW-LOCK<\/li>\n<li><label>Iztur\u012bba:<\/label>22\/8\/6 kN<\/li>\n<li class=\"odd\"><label>Muftas atvere:<\/label>25 mm<\/li>\n<li><label>Tips:<\/label>Bumbierveida<\/li>\n<li class=\"odd\"><label>Svars:<\/label>90 g<\/li>\n<\/ul>\n","protected":false},"excerpt":{"rendered":"<p>Klasiska H.M.S. tipa karab\u012bne. Lieliski piem\u0113rota bremzes mezglam vai nolai&scaron;an\u0101s\/dro&scaron;in\u0101&scaron;anas ier\u012bces piestiprin\u0101&scaron;anai pie sist\u0113mas. Bumbierveida forma mazina iesp\u0113ju karab\u012bnei nost\u0101ties nepareiz\u0101 poz\u012bcij\u0101, trauc\u0113jot nolai&scaron;anos vai citus manevrus. Aizdares meh\u0101nisms:SCREW-LOCK Iztur\u012bba:22\/8\/6 kN Muftas atvere:25 mm Tips:Bumbierveida Svars:90 g<\/p>\n","protected":false},"featured_media":0,"template":"","meta":[],"product_brand":[3351],"product_cat":[4851,4859,4864],"product_tag":[],"class_list":{"0":"post-77131","1":"product","2":"type-product","3":"status-publish","5":"product_brand-tendon","6":"product_cat-mountaineering-equipment-recreation","7":"product_cat-for-rock-climbing-mountaineering-mountaineering-equipment-recreation","8":"product_cat-carabiners-for-rock-climbing-mountaineering-mountaineering-equipment-recreation","10":"first","11":"instock","12":"shipping-taxable","13":"purchasable","14":"product-type-simple"},"_links":{"self":[{"href":"https:\/\/sezona.lv\/en\/wp-json\/wp\/v2\/product\/77131","targetHints":{"allow":["GET"]}}],"collection":[{"href":"https:\/\/sezona.lv\/en\/wp-json\/wp\/v2\/product"}],"about":[{"href":"https:\/\/sezona.lv\/en\/wp-json\/wp\/v2\/types\/product"}],"wp:attachment":[{"href":"https:\/\/sezona.lv\/en\/wp-json\/wp\/v2\/media?parent=77131"}],"wp:term":[{"taxonomy":"product_brand","embeddable":true,"href":"https:\/\/sezona.lv\/en\/wp-json\/wp\/v2\/product_brand?post=77131"},{"taxonomy":"product_cat","embeddable":true,"href":"https:\/\/sezona.lv\/en\/wp-json\/wp\/v2\/product_cat?post=77131"},{"taxonomy":"product_tag","embeddable":true,"href":"https:\/\/sezona.lv\/en\/wp-json\/wp\/v2\/product_tag?post=77131"}],"curies":[{"name":"wp","href":"https:\/\/api.w.org\/{rel}","templated":true}]}}