{"id":77132,"date":"2025-07-14T15:01:42","date_gmt":"2025-07-14T12:01:42","guid":{"rendered":"https:\/\/demo8.ecube.lv\/sezona.lv\/products\/karabine-black-diamond-oval-wire\/"},"modified":"2025-07-14T15:01:42","modified_gmt":"2025-07-14T12:01:42","slug":"karabine-black-diamond-oval-wire","status":"publish","type":"product","link":"https:\/\/sezona.lv\/en\/products\/karabine-black-diamond-oval-wire\/","title":{"rendered":"Karab\u012bne Black Diamond Oval Wire"},"content":{"rendered":"<p><span>Viegla, funkcion\u0101la karab\u012bne ar lielu muftas atveri. Piem\u0113rota &#8216;lielaj\u0101m sien\u0101m&#8217; un tradicion\u0101lajai klin&scaron;u k\u0101p&scaron;anai.<\/span><\/p>\n<ul class=\"item_traits\">\n<li class=\"odd\"><label>Iztur\u012bba:<\/label>23\/7\/7 kN<\/li>\n<li><label>Muftas atvere:<\/label>25 mm<\/li>\n<li class=\"odd\"><label>Tips:<\/label>Simetriska<\/li>\n<li><label>Svars:<\/label>40 g<\/li>\n<\/ul>\n","protected":false},"excerpt":{"rendered":"<p>Viegla, funkcion\u0101la karab\u012bne ar lielu muftas atveri. Piem\u0113rota &#8216;lielaj\u0101m sien\u0101m&#8217; un tradicion\u0101lajai klin&scaron;u k\u0101p&scaron;anai. Iztur\u012bba:23\/7\/7 kN Muftas atvere:25 mm Tips:Simetriska Svars:40 g<\/p>\n","protected":false},"featured_media":0,"template":"","meta":[],"product_brand":[946],"product_cat":[4851,4859,4864],"product_tag":[],"class_list":{"0":"post-77132","1":"product","2":"type-product","3":"status-publish","5":"product_brand-black-diamond","6":"product_cat-mountaineering-equipment-recreation","7":"product_cat-for-rock-climbing-mountaineering-mountaineering-equipment-recreation","8":"product_cat-carabiners-for-rock-climbing-mountaineering-mountaineering-equipment-recreation","10":"first","11":"instock","12":"shipping-taxable","13":"purchasable","14":"product-type-simple"},"_links":{"self":[{"href":"https:\/\/sezona.lv\/en\/wp-json\/wp\/v2\/product\/77132","targetHints":{"allow":["GET"]}}],"collection":[{"href":"https:\/\/sezona.lv\/en\/wp-json\/wp\/v2\/product"}],"about":[{"href":"https:\/\/sezona.lv\/en\/wp-json\/wp\/v2\/types\/product"}],"wp:attachment":[{"href":"https:\/\/sezona.lv\/en\/wp-json\/wp\/v2\/media?parent=77132"}],"wp:term":[{"taxonomy":"product_brand","embeddable":true,"href":"https:\/\/sezona.lv\/en\/wp-json\/wp\/v2\/product_brand?post=77132"},{"taxonomy":"product_cat","embeddable":true,"href":"https:\/\/sezona.lv\/en\/wp-json\/wp\/v2\/product_cat?post=77132"},{"taxonomy":"product_tag","embeddable":true,"href":"https:\/\/sezona.lv\/en\/wp-json\/wp\/v2\/product_tag?post=77132"}],"curies":[{"name":"wp","href":"https:\/\/api.w.org\/{rel}","templated":true}]}}