{"id":77133,"date":"2025-07-14T15:01:42","date_gmt":"2025-07-14T12:01:42","guid":{"rendered":"https:\/\/demo8.ecube.lv\/sezona.lv\/products\/karabine-singing-rock-hypnos-twist-lock-hms\/"},"modified":"2025-07-14T15:01:42","modified_gmt":"2025-07-14T12:01:42","slug":"karabine-singing-rock-hypnos-twist-lock-hms","status":"publish","type":"product","link":"https:\/\/sezona.lv\/en\/products\/karabine-singing-rock-hypnos-twist-lock-hms\/","title":{"rendered":"Karab\u012bne Singing Rock Hypnos Twist Lock HMS"},"content":{"rendered":"<p><span>Viegla, kompakta, daudzfunkcion\u0101la HMS bumbierveida karab\u012bne ar autom\u0101tisku Twist Lock aizdares meh\u0101nismu, kas nov\u0113r&scaron; nejau&scaron;u karab\u012bnes muftas atv\u0113r&scaron;anos. Piem\u0113rota lieto&scaron;anai kop\u0101 ar nolai&scaron;an\u0101s ier\u012bc\u0113m un m&uuml;nter mezglu. Karab\u012bnei ergonomiska forma.<\/span><br \/><span>T\u0101 izgatavota izmantojot \u012bpa&scaron;u Key Lock tehnolo\u0123iju, kuras laik\u0101 karab\u012bnes aizdares meh\u0101nisma savienojums tiek veidots t\u0101, lai nov\u0113rstu jebk\u0101du invent\u0101ra aiz\u0137er&scaron;anos, karab\u012bni pievienojot vai atvienojot.&nbsp;<\/span><br \/><span>Izgatavota viegla un iztur\u012bga anodiz\u0113ta alum\u012bnija.<\/span><\/p>\n<ul class=\"item_traits\">\n<li class=\"odd\"><label>Aizdares meh\u0101nisms:<\/label>TWIST-LOCK<\/li>\n<li><label>Iztur\u012bba:<\/label>7\/22\/7 kN<\/li>\n<li class=\"odd\"><label>Muftas atvere:<\/label>21.5 mm<\/li>\n<li><label>Tips:<\/label>Bumbierveida<\/li>\n<li class=\"odd\"><label>Svars:<\/label>80 g<\/li>\n<\/ul>\n","protected":false},"excerpt":{"rendered":"<p>Viegla, kompakta, daudzfunkcion\u0101la HMS bumbierveida karab\u012bne ar autom\u0101tisku Twist Lock aizdares meh\u0101nismu, kas nov\u0113r&scaron; nejau&scaron;u karab\u012bnes muftas atv\u0113r&scaron;anos. Piem\u0113rota lieto&scaron;anai kop\u0101 ar nolai&scaron;an\u0101s ier\u012bc\u0113m un m&uuml;nter mezglu. Karab\u012bnei ergonomiska forma.T\u0101 izgatavota izmantojot \u012bpa&scaron;u Key Lock tehnolo\u0123iju, kuras laik\u0101 karab\u012bnes aizdares meh\u0101nisma savienojums tiek veidots t\u0101, lai nov\u0113rstu jebk\u0101du invent\u0101ra aiz\u0137er&scaron;anos, karab\u012bni pievienojot vai atvienojot.&nbsp;Izgatavota viegla [&hellip;]<\/p>\n","protected":false},"featured_media":0,"template":"","meta":[],"product_brand":[3350],"product_cat":[4851,4859,4864],"product_tag":[],"class_list":{"0":"post-77133","1":"product","2":"type-product","3":"status-publish","5":"product_brand-singing-rock","6":"product_cat-mountaineering-equipment-recreation","7":"product_cat-for-rock-climbing-mountaineering-mountaineering-equipment-recreation","8":"product_cat-carabiners-for-rock-climbing-mountaineering-mountaineering-equipment-recreation","10":"first","11":"instock","12":"shipping-taxable","13":"purchasable","14":"product-type-simple"},"_links":{"self":[{"href":"https:\/\/sezona.lv\/en\/wp-json\/wp\/v2\/product\/77133","targetHints":{"allow":["GET"]}}],"collection":[{"href":"https:\/\/sezona.lv\/en\/wp-json\/wp\/v2\/product"}],"about":[{"href":"https:\/\/sezona.lv\/en\/wp-json\/wp\/v2\/types\/product"}],"wp:attachment":[{"href":"https:\/\/sezona.lv\/en\/wp-json\/wp\/v2\/media?parent=77133"}],"wp:term":[{"taxonomy":"product_brand","embeddable":true,"href":"https:\/\/sezona.lv\/en\/wp-json\/wp\/v2\/product_brand?post=77133"},{"taxonomy":"product_cat","embeddable":true,"href":"https:\/\/sezona.lv\/en\/wp-json\/wp\/v2\/product_cat?post=77133"},{"taxonomy":"product_tag","embeddable":true,"href":"https:\/\/sezona.lv\/en\/wp-json\/wp\/v2\/product_tag?post=77133"}],"curies":[{"name":"wp","href":"https:\/\/api.w.org\/{rel}","templated":true}]}}