{"id":77134,"date":"2025-07-14T15:01:43","date_gmt":"2025-07-14T12:01:43","guid":{"rendered":"https:\/\/demo8.ecube.lv\/sezona.lv\/products\/karabine-petzl-spirit-m53a-sl\/"},"modified":"2025-07-14T15:01:43","modified_gmt":"2025-07-14T12:01:43","slug":"karabine-petzl-spirit-m53a-sl","status":"publish","type":"product","link":"https:\/\/sezona.lv\/en\/products\/karabine-petzl-spirit-m53a-sl\/","title":{"rendered":"Karab\u012bne Petzl Spirit M53A SL"},"content":{"rendered":"<p><span>Kompakta, \u013coti viegla asimetriskas formas karab\u012bne ar skr\u016bv\u0113jamu muftas aizdari. T\u0101 paredz\u0113ta specifiskai lieto&scaron;anai, piem\u0113ram, lieto&scaron;anai nolai&scaron;an\u0101s\/dro&scaron;in\u0101&scaron;anas stacij\u0101s. H formas &scaron;\u0137\u0113rsgriezums nodro&scaron;ina uzlabotu iztur\u012bbas\/svara proporciju. Plat\u0101 kontakta virsma nodro&scaron;ina lab\u0101ku virves sl\u012bdam\u012bbu un samazin\u0101tu karab\u012bnes nolietojumu. Keylock sist\u0113ma pal\u012bdz nov\u0113rst karab\u012bnes aiz\u0137er&scaron;anos manevru laik\u0101. Uz karab\u012bnes skr\u016bv\u0113jam\u0101s aizdares ir sarkanas kr\u0101sas indikators, kas nor\u0101da par t\u0101s atv\u0113rtu vai aizv\u0113rtu poz\u012bciju.<\/span><br \/><span>Materi\u0101ls: Alum\u012bnijs; Sertifik\u0101cija: CE EN 362, CE EN 12275 tips H, UIAA 121.<\/span><\/p>\n<ul class=\"item_traits\">\n<li class=\"odd\"><label>Aizdares meh\u0101nisms:<\/label>SCREW-LOCK<\/li>\n<li><label>Iztur\u012bba:<\/label>23\/8\/9 kN<\/li>\n<li class=\"odd\"><label>Muftas atvere:<\/label>18 mm<\/li>\n<li><label>Tips:<\/label>Asimetriska<\/li>\n<li class=\"odd\"><label>Svars:<\/label>40 g<\/li>\n<\/ul>\n","protected":false},"excerpt":{"rendered":"<p>Kompakta, \u013coti viegla asimetriskas formas karab\u012bne ar skr\u016bv\u0113jamu muftas aizdari. T\u0101 paredz\u0113ta specifiskai lieto&scaron;anai, piem\u0113ram, lieto&scaron;anai nolai&scaron;an\u0101s\/dro&scaron;in\u0101&scaron;anas stacij\u0101s. H formas &scaron;\u0137\u0113rsgriezums nodro&scaron;ina uzlabotu iztur\u012bbas\/svara proporciju. Plat\u0101 kontakta virsma nodro&scaron;ina lab\u0101ku virves sl\u012bdam\u012bbu un samazin\u0101tu karab\u012bnes nolietojumu. Keylock sist\u0113ma pal\u012bdz nov\u0113rst karab\u012bnes aiz\u0137er&scaron;anos manevru laik\u0101. Uz karab\u012bnes skr\u016bv\u0113jam\u0101s aizdares ir sarkanas kr\u0101sas indikators, kas nor\u0101da par [&hellip;]<\/p>\n","protected":false},"featured_media":0,"template":"","meta":[],"product_brand":[957],"product_cat":[4851,4859,4864],"product_tag":[],"class_list":{"0":"post-77134","1":"product","2":"type-product","3":"status-publish","5":"product_brand-petzl","6":"product_cat-mountaineering-equipment-recreation","7":"product_cat-for-rock-climbing-mountaineering-mountaineering-equipment-recreation","8":"product_cat-carabiners-for-rock-climbing-mountaineering-mountaineering-equipment-recreation","10":"first","11":"instock","12":"shipping-taxable","13":"purchasable","14":"product-type-simple"},"_links":{"self":[{"href":"https:\/\/sezona.lv\/en\/wp-json\/wp\/v2\/product\/77134","targetHints":{"allow":["GET"]}}],"collection":[{"href":"https:\/\/sezona.lv\/en\/wp-json\/wp\/v2\/product"}],"about":[{"href":"https:\/\/sezona.lv\/en\/wp-json\/wp\/v2\/types\/product"}],"wp:attachment":[{"href":"https:\/\/sezona.lv\/en\/wp-json\/wp\/v2\/media?parent=77134"}],"wp:term":[{"taxonomy":"product_brand","embeddable":true,"href":"https:\/\/sezona.lv\/en\/wp-json\/wp\/v2\/product_brand?post=77134"},{"taxonomy":"product_cat","embeddable":true,"href":"https:\/\/sezona.lv\/en\/wp-json\/wp\/v2\/product_cat?post=77134"},{"taxonomy":"product_tag","embeddable":true,"href":"https:\/\/sezona.lv\/en\/wp-json\/wp\/v2\/product_tag?post=77134"}],"curies":[{"name":"wp","href":"https:\/\/api.w.org\/{rel}","templated":true}]}}