{"id":77135,"date":"2025-07-14T15:01:44","date_gmt":"2025-07-14T12:01:44","guid":{"rendered":"https:\/\/demo8.ecube.lv\/sezona.lv\/products\/karabine-singing-rock-d-carabiner-screw-lock\/"},"modified":"2025-07-14T15:01:44","modified_gmt":"2025-07-14T12:01:44","slug":"karabine-singing-rock-d-carabiner-screw-lock","status":"publish","type":"product","link":"https:\/\/sezona.lv\/en\/products\/karabine-singing-rock-d-carabiner-screw-lock\/","title":{"rendered":"Karab\u012bne Singing Rock D Carabiner Screw Lock"},"content":{"rendered":"<p><span>Viegla, multifunkcion\u0101la D formas karab\u012bne ar skr\u016bv\u0113jamu aizdares meh\u0101nismu, kas nov\u0113r&scaron; nejau&scaron;u karab\u012bnes muftas atv\u0113r&scaron;anos. Karab\u012bnes iek&scaron;pus\u0113 iestr\u0101d\u0101ta nosl\u0113gta josla. Svars tiek vienm\u0113r\u012bgi izdal\u012bts pa visu karab\u012bnes virsmu. Karab\u012bne izgatavota no viegla, anodiz\u0113ta alum\u012bnija.<\/span><br \/><span>Sertifik\u0101cija: EN 362; CE 0333; EN 12275.<\/span><\/p>\n<ul class=\"item_traits\">\n<li class=\"odd\"><label>Aizdares meh\u0101nisms:<\/label>SCREW-LOCK<\/li>\n<li><label>Iztur\u012bba:<\/label>9\/30\/11 kN<\/li>\n<li class=\"odd\"><label>Muftas atvere:<\/label>19 mm<\/li>\n<li><label>Tips:<\/label>D-veida<\/li>\n<li class=\"odd\"><label>Svars:<\/label>80 g<\/li>\n<\/ul>\n","protected":false},"excerpt":{"rendered":"<p>Viegla, multifunkcion\u0101la D formas karab\u012bne ar skr\u016bv\u0113jamu aizdares meh\u0101nismu, kas nov\u0113r&scaron; nejau&scaron;u karab\u012bnes muftas atv\u0113r&scaron;anos. Karab\u012bnes iek&scaron;pus\u0113 iestr\u0101d\u0101ta nosl\u0113gta josla. Svars tiek vienm\u0113r\u012bgi izdal\u012bts pa visu karab\u012bnes virsmu. Karab\u012bne izgatavota no viegla, anodiz\u0113ta alum\u012bnija.Sertifik\u0101cija: EN 362; CE 0333; EN 12275. Aizdares meh\u0101nisms:SCREW-LOCK Iztur\u012bba:9\/30\/11 kN Muftas atvere:19 mm Tips:D-veida Svars:80 g<\/p>\n","protected":false},"featured_media":0,"template":"","meta":[],"product_brand":[3350],"product_cat":[4851,4859,4864],"product_tag":[],"class_list":{"0":"post-77135","1":"product","2":"type-product","3":"status-publish","5":"product_brand-singing-rock","6":"product_cat-mountaineering-equipment-recreation","7":"product_cat-for-rock-climbing-mountaineering-mountaineering-equipment-recreation","8":"product_cat-carabiners-for-rock-climbing-mountaineering-mountaineering-equipment-recreation","10":"first","11":"instock","12":"shipping-taxable","13":"purchasable","14":"product-type-simple"},"_links":{"self":[{"href":"https:\/\/sezona.lv\/en\/wp-json\/wp\/v2\/product\/77135","targetHints":{"allow":["GET"]}}],"collection":[{"href":"https:\/\/sezona.lv\/en\/wp-json\/wp\/v2\/product"}],"about":[{"href":"https:\/\/sezona.lv\/en\/wp-json\/wp\/v2\/types\/product"}],"wp:attachment":[{"href":"https:\/\/sezona.lv\/en\/wp-json\/wp\/v2\/media?parent=77135"}],"wp:term":[{"taxonomy":"product_brand","embeddable":true,"href":"https:\/\/sezona.lv\/en\/wp-json\/wp\/v2\/product_brand?post=77135"},{"taxonomy":"product_cat","embeddable":true,"href":"https:\/\/sezona.lv\/en\/wp-json\/wp\/v2\/product_cat?post=77135"},{"taxonomy":"product_tag","embeddable":true,"href":"https:\/\/sezona.lv\/en\/wp-json\/wp\/v2\/product_tag?post=77135"}],"curies":[{"name":"wp","href":"https:\/\/api.w.org\/{rel}","templated":true}]}}