{"id":77136,"date":"2025-07-14T15:01:45","date_gmt":"2025-07-14T12:01:45","guid":{"rendered":"https:\/\/demo8.ecube.lv\/sezona.lv\/products\/karabine-singing-rock-via-ferrata-lock-anodised\/"},"modified":"2025-07-14T15:01:45","modified_gmt":"2025-07-14T12:01:45","slug":"karabine-singing-rock-via-ferrata-lock-anodised","status":"publish","type":"product","link":"https:\/\/sezona.lv\/en\/products\/karabine-singing-rock-via-ferrata-lock-anodised\/","title":{"rendered":"Karab\u012bne Singing Rock Via Ferrata Lock Anodised"},"content":{"rendered":"<p><span>Asimetriskas formas autom\u0101tisk\u0101 karab\u012bne. Karab\u012bne izgatavota izmantojot \u012bpa&scaron;u Key Lock tehnolo\u0123iju, kuras laik\u0101 karab\u012bnes un muftas savienojums tiek veidots t\u0101, lai nov\u0113rstu invent\u0101ra aiz\u0137er&scaron;anos, karab\u012bni pievienojot vai atvienojot. Piem\u0113rota lieto&scaron;anai Via Ferrata mar&scaron;rutos. Karab\u012bnei piem\u012bt \u012bpa&scaron;i augsta garenisk\u0101s ass iztur\u012bba.&nbsp;<\/span><br \/><span>Karab\u012bne atbilst EN 12275 un CE 0639 standartu pras\u012bb\u0101m.<\/span><\/p>\n<p>&nbsp;<\/p>\n<ul class=\"item_traits\">\n<li class=\"odd\"><label>Aizdares meh\u0101nisms:<\/label>Key-Lock<\/li>\n<li><label>Iztur\u012bba:<\/label>8\/9\/30 kN kN<\/li>\n<li class=\"odd\"><label>Tips:<\/label>Asimetriska<\/li>\n<li><label>Svars:<\/label>30 g<\/li>\n<\/ul>\n","protected":false},"excerpt":{"rendered":"<p>Asimetriskas formas autom\u0101tisk\u0101 karab\u012bne. Karab\u012bne izgatavota izmantojot \u012bpa&scaron;u Key Lock tehnolo\u0123iju, kuras laik\u0101 karab\u012bnes un muftas savienojums tiek veidots t\u0101, lai nov\u0113rstu invent\u0101ra aiz\u0137er&scaron;anos, karab\u012bni pievienojot vai atvienojot. Piem\u0113rota lieto&scaron;anai Via Ferrata mar&scaron;rutos. Karab\u012bnei piem\u012bt \u012bpa&scaron;i augsta garenisk\u0101s ass iztur\u012bba.&nbsp;Karab\u012bne atbilst EN 12275 un CE 0639 standartu pras\u012bb\u0101m. &nbsp; Aizdares meh\u0101nisms:Key-Lock Iztur\u012bba:8\/9\/30 kN kN Tips:Asimetriska [&hellip;]<\/p>\n","protected":false},"featured_media":0,"template":"","meta":[],"product_brand":[3350],"product_cat":[4851,4859,4864],"product_tag":[],"class_list":{"0":"post-77136","1":"product","2":"type-product","3":"status-publish","5":"product_brand-singing-rock","6":"product_cat-mountaineering-equipment-recreation","7":"product_cat-for-rock-climbing-mountaineering-mountaineering-equipment-recreation","8":"product_cat-carabiners-for-rock-climbing-mountaineering-mountaineering-equipment-recreation","10":"first","11":"instock","12":"shipping-taxable","13":"purchasable","14":"product-type-simple"},"_links":{"self":[{"href":"https:\/\/sezona.lv\/en\/wp-json\/wp\/v2\/product\/77136","targetHints":{"allow":["GET"]}}],"collection":[{"href":"https:\/\/sezona.lv\/en\/wp-json\/wp\/v2\/product"}],"about":[{"href":"https:\/\/sezona.lv\/en\/wp-json\/wp\/v2\/types\/product"}],"wp:attachment":[{"href":"https:\/\/sezona.lv\/en\/wp-json\/wp\/v2\/media?parent=77136"}],"wp:term":[{"taxonomy":"product_brand","embeddable":true,"href":"https:\/\/sezona.lv\/en\/wp-json\/wp\/v2\/product_brand?post=77136"},{"taxonomy":"product_cat","embeddable":true,"href":"https:\/\/sezona.lv\/en\/wp-json\/wp\/v2\/product_cat?post=77136"},{"taxonomy":"product_tag","embeddable":true,"href":"https:\/\/sezona.lv\/en\/wp-json\/wp\/v2\/product_tag?post=77136"}],"curies":[{"name":"wp","href":"https:\/\/api.w.org\/{rel}","templated":true}]}}