{"id":77137,"date":"2025-07-14T15:01:46","date_gmt":"2025-07-14T12:01:46","guid":{"rendered":"https:\/\/demo8.ecube.lv\/sezona.lv\/products\/karabine-singing-rock-bora-triple-lock\/"},"modified":"2025-07-14T15:01:46","modified_gmt":"2025-07-14T12:01:46","slug":"karabine-singing-rock-bora-triple-lock","status":"publish","type":"product","link":"https:\/\/sezona.lv\/en\/products\/karabine-singing-rock-bora-triple-lock\/","title":{"rendered":"Karab\u012bne Singing Rock Bora Triple Lock"},"content":{"rendered":"<p><span>Daudzfunkcion\u0101la HMS tipa karab\u012bne ar autom\u0101tisku aizdares meh\u0101nismu, kas piem\u0113rota dro&scaron;in\u0101&scaron;anai, nolai&scaron;an\u0101s\/pa&scaron;dro&scaron;in\u0101&scaron;anas procesam un enkuru punktu veido&scaron;anai. \u012apa&scaron;i veidot\u0101 I-beam konstrukcija padara karab\u012bni \u012bpa&scaron;i iztur\u012bgu, stingru un vieglu. Liel\u0101 &#8216;virvi neso&scaron;\u0101&#8217; da\u013ca nodro&scaron;ina lab\u0101ku virves sl\u012bd\u0113&scaron;anu un samazina karab\u012bnes nolietojumu. Karab\u012bnes bumbiera forma veicina dro&scaron;in\u0101&scaron;anu ar M&uuml;nter mezglu vai cit\u0101m dro&scaron;in\u0101&scaron;anas ier\u012bc\u0113m. Katra karab\u012bne individu\u0101li p\u0101rbaud\u012bta iztur\u012bbai 10 kN. Unik\u0101ls ra\u017eo&scaron;anas numurs lab\u0101kai izsekojam\u012bbai un p\u0101rbaudei. Materi\u0101ls: Vieglmet\u0101ls.<\/span><\/p>\n<ul class=\"item_traits\">\n<li class=\"odd\"><label>Aizdares meh\u0101nisms:<\/label>Triple lock<\/li>\n<li><label>Iztur\u012bba:<\/label>23\/8\/8 kN<\/li>\n<li class=\"odd\"><label>Muftas atvere:<\/label>22 mm<\/li>\n<li><label>Tips:<\/label>Bumbierveida<\/li>\n<li class=\"odd\"><label>Svars:<\/label>70 g<\/li>\n<\/ul>\n","protected":false},"excerpt":{"rendered":"<p>Daudzfunkcion\u0101la HMS tipa karab\u012bne ar autom\u0101tisku aizdares meh\u0101nismu, kas piem\u0113rota dro&scaron;in\u0101&scaron;anai, nolai&scaron;an\u0101s\/pa&scaron;dro&scaron;in\u0101&scaron;anas procesam un enkuru punktu veido&scaron;anai. \u012apa&scaron;i veidot\u0101 I-beam konstrukcija padara karab\u012bni \u012bpa&scaron;i iztur\u012bgu, stingru un vieglu. Liel\u0101 &#8216;virvi neso&scaron;\u0101&#8217; da\u013ca nodro&scaron;ina lab\u0101ku virves sl\u012bd\u0113&scaron;anu un samazina karab\u012bnes nolietojumu. Karab\u012bnes bumbiera forma veicina dro&scaron;in\u0101&scaron;anu ar M&uuml;nter mezglu vai cit\u0101m dro&scaron;in\u0101&scaron;anas ier\u012bc\u0113m. Katra karab\u012bne individu\u0101li [&hellip;]<\/p>\n","protected":false},"featured_media":0,"template":"","meta":[],"product_brand":[3350],"product_cat":[4851,4859,4864],"product_tag":[],"class_list":{"0":"post-77137","1":"product","2":"type-product","3":"status-publish","5":"product_brand-singing-rock","6":"product_cat-mountaineering-equipment-recreation","7":"product_cat-for-rock-climbing-mountaineering-mountaineering-equipment-recreation","8":"product_cat-carabiners-for-rock-climbing-mountaineering-mountaineering-equipment-recreation","10":"first","11":"instock","12":"shipping-taxable","13":"purchasable","14":"product-type-simple"},"_links":{"self":[{"href":"https:\/\/sezona.lv\/en\/wp-json\/wp\/v2\/product\/77137","targetHints":{"allow":["GET"]}}],"collection":[{"href":"https:\/\/sezona.lv\/en\/wp-json\/wp\/v2\/product"}],"about":[{"href":"https:\/\/sezona.lv\/en\/wp-json\/wp\/v2\/types\/product"}],"wp:attachment":[{"href":"https:\/\/sezona.lv\/en\/wp-json\/wp\/v2\/media?parent=77137"}],"wp:term":[{"taxonomy":"product_brand","embeddable":true,"href":"https:\/\/sezona.lv\/en\/wp-json\/wp\/v2\/product_brand?post=77137"},{"taxonomy":"product_cat","embeddable":true,"href":"https:\/\/sezona.lv\/en\/wp-json\/wp\/v2\/product_cat?post=77137"},{"taxonomy":"product_tag","embeddable":true,"href":"https:\/\/sezona.lv\/en\/wp-json\/wp\/v2\/product_tag?post=77137"}],"curies":[{"name":"wp","href":"https:\/\/api.w.org\/{rel}","templated":true}]}}