{"id":77138,"date":"2025-07-14T15:01:47","date_gmt":"2025-07-14T12:01:47","guid":{"rendered":"https:\/\/demo8.ecube.lv\/sezona.lv\/products\/karabine-petzl-attache-m38a\/"},"modified":"2025-07-14T15:01:47","modified_gmt":"2025-07-14T12:01:47","slug":"karabine-petzl-attache-m38a","status":"publish","type":"product","link":"https:\/\/sezona.lv\/en\/products\/karabine-petzl-attache-m38a\/","title":{"rendered":"Karab\u012bne Petzl Attache M38A"},"content":{"rendered":"<p><span>Viegla, kompakta bumbierveida formas karab\u012bne ar skr\u016bv\u0113jamu muftas aizdari. Pateicoties t\u0101s kompaktajai formai un SCREW-LOCK aizdares sist\u0113mai, &scaron;\u012b karab\u012bne piem\u0113rota vair\u0101kiem pielieto&scaron;anas veidiem, kas saist\u012bti ar dro&scaron;in\u0101&scaron;anu: dro&scaron;in\u0101&scaron;anas sist\u0113mas pievieno&scaron;ana pie sist\u0113mas (iekares), dro&scaron;in\u0101&scaron;ana ar Munter mezglu&#8230; Karab\u012bnei ir H formas &scaron;\u0137\u0113rsgriezums, kas samazina svaru, k\u0101 ar\u012b Keylock sist\u0113ma, kas \u013cauj izvair\u012bties no karab\u012bnes aiz\u0137er&scaron;an\u0101s manevru laik\u0101. Plat\u0101k\u0101 kontakta virsma nodro&scaron;ina lab\u0101ku virves sl\u012bdam\u012bbu un samazina nolietojumu.<\/span><br \/><span>Materi\u0101ls: Alum\u012bnijs; Sertifik\u0101cija: CE EN 362, CE EN 12275 tips H, UIAA 121.<\/span><\/p>\n<ul class=\"item_traits\">\n<li class=\"odd\"><label>Aizdares meh\u0101nisms:<\/label>SCREW-LOCK<\/li>\n<li><label>Iztur\u012bba:<\/label>22\/7\/6 kN<\/li>\n<li class=\"odd\"><label>Muftas atvere:<\/label>24 mm<\/li>\n<li><label>Tips:<\/label>Bumbierveida<\/li>\n<li class=\"odd\"><label>Svars:<\/label>60 g<\/li>\n<\/ul>\n","protected":false},"excerpt":{"rendered":"<p>Viegla, kompakta bumbierveida formas karab\u012bne ar skr\u016bv\u0113jamu muftas aizdari. Pateicoties t\u0101s kompaktajai formai un SCREW-LOCK aizdares sist\u0113mai, &scaron;\u012b karab\u012bne piem\u0113rota vair\u0101kiem pielieto&scaron;anas veidiem, kas saist\u012bti ar dro&scaron;in\u0101&scaron;anu: dro&scaron;in\u0101&scaron;anas sist\u0113mas pievieno&scaron;ana pie sist\u0113mas (iekares), dro&scaron;in\u0101&scaron;ana ar Munter mezglu&#8230; Karab\u012bnei ir H formas &scaron;\u0137\u0113rsgriezums, kas samazina svaru, k\u0101 ar\u012b Keylock sist\u0113ma, kas \u013cauj izvair\u012bties no karab\u012bnes aiz\u0137er&scaron;an\u0101s [&hellip;]<\/p>\n","protected":false},"featured_media":0,"template":"","meta":[],"product_brand":[957],"product_cat":[4851,4859,4864],"product_tag":[],"class_list":{"0":"post-77138","1":"product","2":"type-product","3":"status-publish","5":"product_brand-petzl","6":"product_cat-mountaineering-equipment-recreation","7":"product_cat-for-rock-climbing-mountaineering-mountaineering-equipment-recreation","8":"product_cat-carabiners-for-rock-climbing-mountaineering-mountaineering-equipment-recreation","10":"first","11":"instock","12":"shipping-taxable","13":"purchasable","14":"product-type-simple"},"_links":{"self":[{"href":"https:\/\/sezona.lv\/en\/wp-json\/wp\/v2\/product\/77138","targetHints":{"allow":["GET"]}}],"collection":[{"href":"https:\/\/sezona.lv\/en\/wp-json\/wp\/v2\/product"}],"about":[{"href":"https:\/\/sezona.lv\/en\/wp-json\/wp\/v2\/types\/product"}],"wp:attachment":[{"href":"https:\/\/sezona.lv\/en\/wp-json\/wp\/v2\/media?parent=77138"}],"wp:term":[{"taxonomy":"product_brand","embeddable":true,"href":"https:\/\/sezona.lv\/en\/wp-json\/wp\/v2\/product_brand?post=77138"},{"taxonomy":"product_cat","embeddable":true,"href":"https:\/\/sezona.lv\/en\/wp-json\/wp\/v2\/product_cat?post=77138"},{"taxonomy":"product_tag","embeddable":true,"href":"https:\/\/sezona.lv\/en\/wp-json\/wp\/v2\/product_tag?post=77138"}],"curies":[{"name":"wp","href":"https:\/\/api.w.org\/{rel}","templated":true}]}}