{"id":77139,"date":"2025-07-14T15:01:47","date_gmt":"2025-07-14T12:01:47","guid":{"rendered":"https:\/\/demo8.ecube.lv\/sezona.lv\/products\/karabine-edelrid-hms-strike-twist\/"},"modified":"2025-07-14T15:01:47","modified_gmt":"2025-07-14T12:01:47","slug":"karabine-edelrid-hms-strike-twist","status":"publish","type":"product","link":"https:\/\/sezona.lv\/en\/products\/karabine-edelrid-hms-strike-twist\/","title":{"rendered":"Karab\u012bne Edelrid HMS Strike Twist"},"content":{"rendered":"<p><span>Kompakta, \u013coti viegla asimetriskas formas HMS karab\u012bne ar autom\u0101tisko aizdares meh\u0101nismu. Ide\u0101li piem\u0113rota alp\u012bnai k\u0101p&scaron;anai. Keylock aizdares sist\u0113ma \u013cauj optim\u0101lu karab\u012bnes kontroli iekabinot un atvienojot to. Izm\u0113ri: 100 x 70 mm.<\/span><\/p>\n<ul class=\"item_traits\">\n<li class=\"odd\"><label>Iztur\u012bba:<\/label>22\/8\/7 kN<\/li>\n<li><label>Muftas atvere:<\/label>21 mm<\/li>\n<li class=\"odd\"><label>Tips:<\/label>Asimetriska<\/li>\n<li><label>Svars:<\/label>70 g<\/li>\n<\/ul>\n","protected":false},"excerpt":{"rendered":"<p>Kompakta, \u013coti viegla asimetriskas formas HMS karab\u012bne ar autom\u0101tisko aizdares meh\u0101nismu. Ide\u0101li piem\u0113rota alp\u012bnai k\u0101p&scaron;anai. Keylock aizdares sist\u0113ma \u013cauj optim\u0101lu karab\u012bnes kontroli iekabinot un atvienojot to. Izm\u0113ri: 100 x 70 mm. Iztur\u012bba:22\/8\/7 kN Muftas atvere:21 mm Tips:Asimetriska Svars:70 g<\/p>\n","protected":false},"featured_media":0,"template":"","meta":[],"product_brand":[3348],"product_cat":[4851,4859,4864],"product_tag":[],"class_list":{"0":"post-77139","1":"product","2":"type-product","3":"status-publish","5":"product_brand-edelrid","6":"product_cat-mountaineering-equipment-recreation","7":"product_cat-for-rock-climbing-mountaineering-mountaineering-equipment-recreation","8":"product_cat-carabiners-for-rock-climbing-mountaineering-mountaineering-equipment-recreation","10":"first","11":"instock","12":"shipping-taxable","13":"purchasable","14":"product-type-simple"},"_links":{"self":[{"href":"https:\/\/sezona.lv\/en\/wp-json\/wp\/v2\/product\/77139","targetHints":{"allow":["GET"]}}],"collection":[{"href":"https:\/\/sezona.lv\/en\/wp-json\/wp\/v2\/product"}],"about":[{"href":"https:\/\/sezona.lv\/en\/wp-json\/wp\/v2\/types\/product"}],"wp:attachment":[{"href":"https:\/\/sezona.lv\/en\/wp-json\/wp\/v2\/media?parent=77139"}],"wp:term":[{"taxonomy":"product_brand","embeddable":true,"href":"https:\/\/sezona.lv\/en\/wp-json\/wp\/v2\/product_brand?post=77139"},{"taxonomy":"product_cat","embeddable":true,"href":"https:\/\/sezona.lv\/en\/wp-json\/wp\/v2\/product_cat?post=77139"},{"taxonomy":"product_tag","embeddable":true,"href":"https:\/\/sezona.lv\/en\/wp-json\/wp\/v2\/product_tag?post=77139"}],"curies":[{"name":"wp","href":"https:\/\/api.w.org\/{rel}","templated":true}]}}